{"id":194,"date":"2018-05-23T16:06:22","date_gmt":"2018-05-23T16:06:22","guid":{"rendered":"https:\/\/dirtyandhappy.com\/?page_id=194"},"modified":"2025-10-04T11:45:17","modified_gmt":"2025-10-04T11:45:17","slug":"politica-de-privacidad","status":"publish","type":"page","link":"https:\/\/dirtyandhappy.com\/es\/politica-de-privacidad\/","title":{"rendered":"Privacidad"},"content":{"rendered":"<h3>Pol\u00edtica de privacidad.<\/h3>\n<p>Este documento afecta al tratamiento de datos realizado\u00a0 por Dirty and Happy, S.L.<\/p>\n<p>El alta o registro como usuario de Dirty and Happy supone la aceptaci\u00f3n expresa de nuestra Pol\u00edtica de Privacidad. Este documento regula el tratamiento de la informaci\u00f3n personal de nuestros usuarios, de las claves de acceso al servicio y las medidas de seguridad implantadas que evitan el acceso, modificaci\u00f3n o eliminaci\u00f3n de nuestros ficheros por parte de personas no autorizadas.<\/p>\n<p>Dicho tratamiento se regir\u00e1 por lo dispuesto en el Reglamento General de Protecci\u00f3n de Datos de la UE 2016\/679 del Parlamento Europeo y del Consejo, de 27 de abril de 2016, relativo a la protecci\u00f3n de las personas f\u00edsicas en lo que respecta al tratamiento de datos personales y a la libre circulaci\u00f3n de estos datos y por el que se deroga la Directiva 95\/46\/CE.<\/p>\n<p>En los datos recogidos por Dirty and Happy se encuentra la siguiente informaci\u00f3n:<\/p>\n<p>\u2022 Informaci\u00f3n personal tal como su nombre, apellidos, NIF, direcci\u00f3n f\u00edsica y de correo electr\u00f3nico, tel\u00e9fono de contacto y datos de su mascota.<\/p>\n<p>\u2022 Informaci\u00f3n sobre las transacciones que realiza con nosotros y del uso de los servicios que ofrecemos, incluyendo las consultas o sugerencias recibidas a trav\u00e9s de nuestras p\u00e1ginas de contacto, registrando las actividades en los registros (logs) de nuestros servidores y dejando constancia de la configuraci\u00f3n de su navegador y direcci\u00f3n IP desde la que accede y las p\u00e1ginas solicitadas.<\/p>\n<p>\u2022 Cookies de sesi\u00f3n (al iniciar sesi\u00f3n en el sistema, grabaremos una cookie en su equipo a fin de mantener abierto el acceso, sin que se vaya a tratar de forma distinta ni a mantener una vez cerrada la sesi\u00f3n) y de an\u00e1lisis (origen del usuario al darse de alta). En cualquier caso, puede configurar su navegador para que elimine este tipo de rastro.<\/p>\n<p>Dirty and Happy s\u00f3lo recoge aquellos datos que son necesarios para poder ofrecer los servicios deseados debidamente. Sus datos podr\u00e1n ser utilizados con las finalidades siguientes:<\/p>\n<p>\u2022 Para poder tramitar alta en los servicios, para visitas, consultas, dudas o sugerencias o soluci\u00f3n de incidencias relacionados con nuestros servicios.<\/p>\n<p>\u2022 Para poder contactarle en caso de incidencias tanto respecto a sus datos personales y comunicaciones como a cualquier gesti\u00f3n as\u00ed como analizar estad\u00edsticas de uso y consulta, y proveer informes an\u00f3nimos internos.<\/p>\n<p>\u2022 Para poder enviarle, siempre que sea absolutamente necesario para el buen funcionamiento de los servicios contratados, o cuando usted lo solicite de manera expl\u00edcita, comunicaciones, boletines o newsletters a prop\u00f3sito de nuestros productos o servicios.<\/p>\n<p>\u2022 Para mejorar nuestros servicios. Conservaci\u00f3n de los datos Los datos personales proporcionados se conservar\u00e1n mientras se mantenga la relaci\u00f3n mercantil y no se solicite su supresi\u00f3n por el interesado.<\/p>\n<p>Tras la baja del servicio, los datos se mantendr\u00e1n durante 8 a\u00f1os tras la finalizaci\u00f3n del contrato, en aplicaci\u00f3n del C\u00f3digo Civil y la normativa fiscal.<\/p>\n<p>Dirty and Happy, S.L. no cede datos de sus usuarios a terceras partes salvo por obligaci\u00f3n legal. En el caso de que el alta en los servicios de Dirty and Happy haya sido aportada por un agente comercial, los datos ser\u00e1n accesibles a dicho agente. El usuario dispone de la posibilidad de bloquear el acceso del agente comercial. Los subsistemas inform\u00e1ticos para el almacenamiento de datos y transmisi\u00f3n de llamadas empleados por Dirty and Happy, S.L. pueden estar subcontratados a empresas prestadoras de servicios inform\u00e1ticos ubicadas en Europa o en los Estados Unidos, y sujetas por tanto a la normativa sobre protecci\u00f3n de datos de las legislaciones correspondientes en cada caso y momento; por ejemplo, Amazon Web Services (AWS).<\/p>\n<p>En caso de una posible infracci\u00f3n de protecci\u00f3n de datos, por favor notifique \u00e9sta inmediatamente a trav\u00e9s de info@dirtyandhappy.com siguiendo el protocolo de Dirty and Happy S.L. ante la posible infracci\u00f3n de protecci\u00f3n de datos. Siempre que lo necesite puede dirigirse a nosotros para ejercer sus derechos de acceso, rectificaci\u00f3n, portabilidad, supresi\u00f3n, limitaci\u00f3n y oposici\u00f3n al tratamiento de sus datos, con las condiciones y l\u00edmites establecidos en la normativa aplicable. Cualquier persona tiene derecho a obtener confirmaci\u00f3n sobre si Dirty and Happy, S.L. realiza alg\u00fan tratamiento de sus datos personales. En caso de que sea as\u00ed, puede acceder a estos datos, editarlos, y pedir que se le transfieran de forma r\u00e1pida. Si la informaci\u00f3n que figura en nuestros ficheros es inexacta, puede modificarla directamente o contactar con nosotros en caso de que usted no pueda. En determinadas circunstancias, los interesados podr\u00e1n solicitar la limitaci\u00f3n del tratamiento de sus datos, oponerse a dicho tratamiento, o pedir que se eliminen sus datos, en cuyo caso \u00fanicamente se conservar\u00e1n para el ejercicio o defensa de reclamaciones, o por motivos leg\u00edtimos imperiosos. Nos esforzamos por proteger sus datos, evitando que puedan ser eliminados por accidente o de forma intencionada por terceras personas. Una vez cancelados, los datos personales del usuario se mantendr\u00e1n debidamente bloqueados durante los plazos legalmente establecidos para la delimitaci\u00f3n de las responsabilidades correspondientes. Responsable de tratamiento de datos Por favor, no dude en contactar con nosotros para consultar cualquier duda acerca de sus derechos o el tratamiento de sus datos personales.<\/p>\n<p>\u2022 Responsable del tratamiento de datos: Dirty and Happy, S.L. \u00a0\u2022 NIF:\u00a0B42574350<br \/>\n\u2022 Direcci\u00f3n: Partida la Rafaela, Pol\u00edgono 1- 03187 Los Montesinos.<br \/>\n\u2022 Tel\u00e9fono: 966 063 577\u00a0\u00a0\u2022 Correo electr\u00f3nico: info@dirtyandhappy.com<\/p>\n","protected":false},"excerpt":{"rendered":"<p>Pol\u00edtica de privacidad. Este documento afecta al tratamiento de datos realizado\u00a0 por Dirty and Happy, S.L. El alta o registro como usuario de Dirty and Happy supone la aceptaci\u00f3n expresa de nuestra Pol\u00edtica de Privacidad. Este documento regula el tratamiento de la informaci\u00f3n personal de nuestros usuarios, de las claves de acceso al servicio y [&hellip;]<\/p>\n","protected":false},"author":1,"featured_media":0,"parent":0,"menu_order":34,"comment_status":"closed","ping_status":"closed","template":"","meta":{"om_disable_all_campaigns":false,"_monsterinsights_skip_tracking":false,"_monsterinsights_sitenote_active":false,"_monsterinsights_sitenote_note":"","_monsterinsights_sitenote_category":0,"ocean_post_layout":"","ocean_both_sidebars_style":"","ocean_both_sidebars_content_width":0,"ocean_both_sidebars_sidebars_width":0,"ocean_sidebar":"0","ocean_second_sidebar":"0","ocean_disable_margins":"enable","ocean_add_body_class":"","ocean_shortcode_before_top_bar":"","ocean_shortcode_after_top_bar":"","ocean_shortcode_before_header":"","ocean_shortcode_after_header":"","ocean_has_shortcode":"","ocean_shortcode_after_title":"","ocean_shortcode_before_footer_widgets":"","ocean_shortcode_after_footer_widgets":"","ocean_shortcode_before_footer_bottom":"","ocean_shortcode_after_footer_bottom":"","ocean_display_top_bar":"default","ocean_display_header":"default","ocean_header_style":"","ocean_center_header_left_menu":"0","ocean_custom_header_template":"0","ocean_custom_logo":0,"ocean_custom_retina_logo":0,"ocean_custom_logo_max_width":0,"ocean_custom_logo_tablet_max_width":0,"ocean_custom_logo_mobile_max_width":0,"ocean_custom_logo_max_height":0,"ocean_custom_logo_tablet_max_height":0,"ocean_custom_logo_mobile_max_height":0,"ocean_header_custom_menu":"0","ocean_menu_typo_font_family":"0","ocean_menu_typo_font_subset":"","ocean_menu_typo_font_size":0,"ocean_menu_typo_font_size_tablet":0,"ocean_menu_typo_font_size_mobile":0,"ocean_menu_typo_font_size_unit":"px","ocean_menu_typo_font_weight":"","ocean_menu_typo_font_weight_tablet":"","ocean_menu_typo_font_weight_mobile":"","ocean_menu_typo_transform":"","ocean_menu_typo_transform_tablet":"","ocean_menu_typo_transform_mobile":"","ocean_menu_typo_line_height":0,"ocean_menu_typo_line_height_tablet":0,"ocean_menu_typo_line_height_mobile":0,"ocean_menu_typo_line_height_unit":"","ocean_menu_typo_spacing":0,"ocean_menu_typo_spacing_tablet":0,"ocean_menu_typo_spacing_mobile":0,"ocean_menu_typo_spacing_unit":"","ocean_menu_link_color":"","ocean_menu_link_color_hover":"","ocean_menu_link_color_active":"","ocean_menu_link_background":"","ocean_menu_link_hover_background":"","ocean_menu_link_active_background":"","ocean_menu_social_links_bg":"","ocean_menu_social_hover_links_bg":"","ocean_menu_social_links_color":"","ocean_menu_social_hover_links_color":"","ocean_disable_title":"default","ocean_disable_heading":"default","ocean_post_title":"","ocean_post_subheading":"","ocean_post_title_style":"","ocean_post_title_background_color":"","ocean_post_title_background":0,"ocean_post_title_bg_image_position":"","ocean_post_title_bg_image_attachment":"","ocean_post_title_bg_image_repeat":"","ocean_post_title_bg_image_size":"","ocean_post_title_height":0,"ocean_post_title_bg_overlay":0.5,"ocean_post_title_bg_overlay_color":"","ocean_disable_breadcrumbs":"default","ocean_breadcrumbs_color":"","ocean_breadcrumbs_separator_color":"","ocean_breadcrumbs_links_color":"","ocean_breadcrumbs_links_hover_color":"","ocean_display_footer_widgets":"default","ocean_display_footer_bottom":"default","ocean_custom_footer_template":"0","footnotes":""},"class_list":["post-194","page","type-page","status-publish","hentry","entry"],"aioseo_notices":[],"aioseo_head":"\n\t\t<!-- All in One SEO Pro 4.9.6.2 - aioseo.com -->\n\t<meta name=\"description\" content=\"Pol\u00edtica de privacidad. Este documento afecta al tratamiento de datos realizado por Dirty and Happy, S.L. El alta o registro como usuario de Dirty and Happy supone la aceptaci\u00f3n expresa de nuestra Pol\u00edtica de Privacidad. Este documento regula el tratamiento de la informaci\u00f3n personal de nuestros usuarios, de las claves de acceso al servicio y\" \/>\n\t<meta name=\"robots\" content=\"noindex, max-snippet:-1, max-image-preview:large, max-video-preview:-1\" \/>\n\t<meta name=\"google-site-verification\" content=\"eRx9P9XaHEvjjwSYuiIo2O_vTucpXD0iLB4m5-bocOQ\" \/>\n\t<meta name=\"msvalidate.01\" content=\"228548E5EC703201CDE40CC79FFBCBD3\" \/>\n\t<meta name=\"p:domain_verify\" content=\"2e9c50a15ed7d8596fe7e1c1cec5e2a8\" \/>\n\t<link rel=\"canonical\" href=\"https:\/\/dirtyandhappy.com\/es\/politica-de-privacidad\/\" \/>\n\t<meta name=\"generator\" content=\"All in One SEO Pro (AIOSEO) 4.9.6.2\" \/>\n\t\t<meta property=\"og:locale\" content=\"es_ES\" \/>\n\t\t<meta property=\"og:site_name\" content=\"Dirty and Happy \u2022 Residencia canina. Adiestramiento\" \/>\n\t\t<meta property=\"og:type\" content=\"article\" \/>\n\t\t<meta property=\"og:title\" content=\"Privacidad | Dirty and Happy\" \/>\n\t\t<meta property=\"og:description\" content=\"Pol\u00edtica de privacidad. Este documento afecta al tratamiento de datos realizado por Dirty and Happy, S.L. El alta o registro como usuario de Dirty and Happy supone la aceptaci\u00f3n expresa de nuestra Pol\u00edtica de Privacidad. Este documento regula el tratamiento de la informaci\u00f3n personal de nuestros usuarios, de las claves de acceso al servicio y\" \/>\n\t\t<meta property=\"og:url\" content=\"https:\/\/dirtyandhappy.com\/es\/politica-de-privacidad\/\" \/>\n\t\t<meta property=\"fb:app_id\" content=\"1458076274562272\" \/>\n\t\t<meta property=\"fb:admins\" content=\"440101459341122\" \/>\n\t\t<meta property=\"og:image\" content=\"https:\/\/dirtyandhappy.com\/wp-content\/uploads\/2024\/01\/dirty-and-happy_mini.png\" \/>\n\t\t<meta property=\"og:image:secure_url\" content=\"https:\/\/dirtyandhappy.com\/wp-content\/uploads\/2024\/01\/dirty-and-happy_mini.png\" \/>\n\t\t<meta property=\"og:image:width\" content=\"162\" \/>\n\t\t<meta property=\"og:image:height\" content=\"165\" \/>\n\t\t<meta property=\"article:published_time\" content=\"2018-05-23T16:06:22+00:00\" \/>\n\t\t<meta property=\"article:modified_time\" content=\"2025-10-04T11:45:17+00:00\" \/>\n\t\t<meta property=\"article:publisher\" content=\"https:\/\/www.facebook.com\/dirtyandhappy\/\" \/>\n\t\t<script type=\"application\/ld+json\" class=\"aioseo-schema\">\n\t\t\t{\"@context\":\"https:\\\/\\\/schema.org\",\"@graph\":[{\"@type\":\"BreadcrumbList\",\"@id\":\"https:\\\/\\\/dirtyandhappy.com\\\/es\\\/politica-de-privacidad\\\/#breadcrumblist\",\"itemListElement\":[{\"@type\":\"ListItem\",\"@id\":\"https:\\\/\\\/dirtyandhappy.com\\\/es\\\/#listItem\",\"position\":1,\"name\":\"Home\",\"item\":\"https:\\\/\\\/dirtyandhappy.com\\\/es\\\/\",\"nextItem\":{\"@type\":\"ListItem\",\"@id\":\"https:\\\/\\\/dirtyandhappy.com\\\/es\\\/politica-de-privacidad\\\/#listItem\",\"name\":\"Privacidad\"}},{\"@type\":\"ListItem\",\"@id\":\"https:\\\/\\\/dirtyandhappy.com\\\/es\\\/politica-de-privacidad\\\/#listItem\",\"position\":2,\"name\":\"Privacidad\",\"previousItem\":{\"@type\":\"ListItem\",\"@id\":\"https:\\\/\\\/dirtyandhappy.com\\\/es\\\/#listItem\",\"name\":\"Home\"}}]},{\"@type\":\"Organization\",\"@id\":\"https:\\\/\\\/dirtyandhappy.com\\\/es\\\/#organization\",\"name\":\"Dirty and Happy. Centro canino\",\"description\":\"Residencia canina. Adiestramiento\",\"url\":\"https:\\\/\\\/dirtyandhappy.com\\\/es\\\/\",\"email\":\"info@dirtyandhappy.com\",\"telephone\":\"+34966063577\",\"foundingDate\":\"2018-07-01\",\"numberOfEmployees\":{\"@type\":\"QuantitativeValue\",\"value\":2},\"logo\":{\"@type\":\"ImageObject\",\"url\":\"https:\\\/\\\/dirtyandhappy.com\\\/wp-content\\\/uploads\\\/2024\\\/01\\\/dirty-and-happy_mini.png\",\"@id\":\"https:\\\/\\\/dirtyandhappy.com\\\/es\\\/politica-de-privacidad\\\/#organizationLogo\",\"width\":162,\"height\":165,\"caption\":\"Logo de Dirty and Happy\"},\"image\":{\"@id\":\"https:\\\/\\\/dirtyandhappy.com\\\/es\\\/politica-de-privacidad\\\/#organizationLogo\"},\"sameAs\":[\"https:\\\/\\\/www.facebook.com\\\/dirtyandhappy\\\/\",\"https:\\\/\\\/www.instagram.com\\\/dirtyandhappy\\\/\"],\"address\":{\"@id\":\"https:\\\/\\\/dirtyandhappy.com\\\/es\\\/#postaladdress\",\"@type\":\"PostalAddress\",\"streetAddress\":\"Partida La Rafaela, Pol\\u00edgono 1, 9A, Junto a Range Golf\",\"postalCode\":\"03187\",\"addressLocality\":\"Los Montesinos\",\"addressRegion\":\"Alicante\",\"addressCountry\":\"ES\"}},{\"@type\":\"WebPage\",\"@id\":\"https:\\\/\\\/dirtyandhappy.com\\\/es\\\/politica-de-privacidad\\\/#webpage\",\"url\":\"https:\\\/\\\/dirtyandhappy.com\\\/es\\\/politica-de-privacidad\\\/\",\"name\":\"Privacidad | Dirty and Happy\",\"description\":\"Pol\\u00edtica de privacidad. Este documento afecta al tratamiento de datos realizado por Dirty and Happy, S.L. El alta o registro como usuario de Dirty and Happy supone la aceptaci\\u00f3n expresa de nuestra Pol\\u00edtica de Privacidad. Este documento regula el tratamiento de la informaci\\u00f3n personal de nuestros usuarios, de las claves de acceso al servicio y\",\"inLanguage\":\"es-ES\",\"isPartOf\":{\"@id\":\"https:\\\/\\\/dirtyandhappy.com\\\/es\\\/#website\"},\"breadcrumb\":{\"@id\":\"https:\\\/\\\/dirtyandhappy.com\\\/es\\\/politica-de-privacidad\\\/#breadcrumblist\"},\"datePublished\":\"2018-05-23T16:06:22+00:00\",\"dateModified\":\"2025-10-04T11:45:17+00:00\"},{\"@type\":\"WebSite\",\"@id\":\"https:\\\/\\\/dirtyandhappy.com\\\/es\\\/#website\",\"url\":\"https:\\\/\\\/dirtyandhappy.com\\\/es\\\/\",\"name\":\"Dirty and Happy\",\"alternateName\":\"Residencia canina\",\"description\":\"Residencia canina. Adiestramiento\",\"inLanguage\":\"es-ES\",\"publisher\":{\"@id\":\"https:\\\/\\\/dirtyandhappy.com\\\/es\\\/#organization\"}}]}\n\t\t<\/script>\n\t\t<!-- All in One SEO Pro -->\r\n\t\t<title>Privacidad | Dirty and Happy<\/title>\n\n","aioseo_head_json":{"title":"Privacidad | Dirty and Happy","description":"Pol\u00edtica de privacidad. Este documento afecta al tratamiento de datos realizado por Dirty and Happy, S.L. El alta o registro como usuario de Dirty and Happy supone la aceptaci\u00f3n expresa de nuestra Pol\u00edtica de Privacidad. Este documento regula el tratamiento de la informaci\u00f3n personal de nuestros usuarios, de las claves de acceso al servicio y","canonical_url":"https:\/\/dirtyandhappy.com\/es\/politica-de-privacidad\/","robots":"noindex, max-snippet:-1, max-image-preview:large, max-video-preview:-1","keywords":"","webmasterTools":{"google-site-verification":"eRx9P9XaHEvjjwSYuiIo2O_vTucpXD0iLB4m5-bocOQ","msvalidate.01":"228548E5EC703201CDE40CC79FFBCBD3","p:domain_verify":"2e9c50a15ed7d8596fe7e1c1cec5e2a8","miscellaneous":""},"schema":{"@context":"https:\/\/schema.org","@graph":[{"@type":"BreadcrumbList","@id":"https:\/\/dirtyandhappy.com\/es\/politica-de-privacidad\/#breadcrumblist","itemListElement":[{"@type":"ListItem","@id":"https:\/\/dirtyandhappy.com\/es\/#listItem","position":1,"name":"Home","item":"https:\/\/dirtyandhappy.com\/es\/","nextItem":{"@type":"ListItem","@id":"https:\/\/dirtyandhappy.com\/es\/politica-de-privacidad\/#listItem","name":"Privacidad"}},{"@type":"ListItem","@id":"https:\/\/dirtyandhappy.com\/es\/politica-de-privacidad\/#listItem","position":2,"name":"Privacidad","previousItem":{"@type":"ListItem","@id":"https:\/\/dirtyandhappy.com\/es\/#listItem","name":"Home"}}]},{"@type":"Organization","@id":"https:\/\/dirtyandhappy.com\/es\/#organization","name":"Dirty and Happy. Centro canino","description":"Residencia canina. Adiestramiento","url":"https:\/\/dirtyandhappy.com\/es\/","email":"info@dirtyandhappy.com","telephone":"+34966063577","foundingDate":"2018-07-01","numberOfEmployees":{"@type":"QuantitativeValue","value":2},"logo":{"@type":"ImageObject","url":"https:\/\/dirtyandhappy.com\/wp-content\/uploads\/2024\/01\/dirty-and-happy_mini.png","@id":"https:\/\/dirtyandhappy.com\/es\/politica-de-privacidad\/#organizationLogo","width":162,"height":165,"caption":"Logo de Dirty and Happy"},"image":{"@id":"https:\/\/dirtyandhappy.com\/es\/politica-de-privacidad\/#organizationLogo"},"sameAs":["https:\/\/www.facebook.com\/dirtyandhappy\/","https:\/\/www.instagram.com\/dirtyandhappy\/"],"address":{"@id":"https:\/\/dirtyandhappy.com\/es\/#postaladdress","@type":"PostalAddress","streetAddress":"Partida La Rafaela, Pol\u00edgono 1, 9A, Junto a Range Golf","postalCode":"03187","addressLocality":"Los Montesinos","addressRegion":"Alicante","addressCountry":"ES"}},{"@type":"WebPage","@id":"https:\/\/dirtyandhappy.com\/es\/politica-de-privacidad\/#webpage","url":"https:\/\/dirtyandhappy.com\/es\/politica-de-privacidad\/","name":"Privacidad | Dirty and Happy","description":"Pol\u00edtica de privacidad. Este documento afecta al tratamiento de datos realizado por Dirty and Happy, S.L. El alta o registro como usuario de Dirty and Happy supone la aceptaci\u00f3n expresa de nuestra Pol\u00edtica de Privacidad. Este documento regula el tratamiento de la informaci\u00f3n personal de nuestros usuarios, de las claves de acceso al servicio y","inLanguage":"es-ES","isPartOf":{"@id":"https:\/\/dirtyandhappy.com\/es\/#website"},"breadcrumb":{"@id":"https:\/\/dirtyandhappy.com\/es\/politica-de-privacidad\/#breadcrumblist"},"datePublished":"2018-05-23T16:06:22+00:00","dateModified":"2025-10-04T11:45:17+00:00"},{"@type":"WebSite","@id":"https:\/\/dirtyandhappy.com\/es\/#website","url":"https:\/\/dirtyandhappy.com\/es\/","name":"Dirty and Happy","alternateName":"Residencia canina","description":"Residencia canina. Adiestramiento","inLanguage":"es-ES","publisher":{"@id":"https:\/\/dirtyandhappy.com\/es\/#organization"}}]},"og:locale":"es_ES","og:site_name":"Dirty and Happy \u2022 Residencia canina. Adiestramiento","og:type":"article","og:title":"Privacidad | Dirty and Happy","og:description":"Pol\u00edtica de privacidad. Este documento afecta al tratamiento de datos realizado por Dirty and Happy, S.L. El alta o registro como usuario de Dirty and Happy supone la aceptaci\u00f3n expresa de nuestra Pol\u00edtica de Privacidad. Este documento regula el tratamiento de la informaci\u00f3n personal de nuestros usuarios, de las claves de acceso al servicio y","og:url":"https:\/\/dirtyandhappy.com\/es\/politica-de-privacidad\/","fb:app_id":"1458076274562272","fb:admins":"440101459341122","og:image":"https:\/\/dirtyandhappy.com\/wp-content\/uploads\/2024\/01\/dirty-and-happy_mini.png","og:image:secure_url":"https:\/\/dirtyandhappy.com\/wp-content\/uploads\/2024\/01\/dirty-and-happy_mini.png","og:image:width":162,"og:image:height":165,"article:published_time":"2018-05-23T16:06:22+00:00","article:modified_time":"2025-10-04T11:45:17+00:00","article:publisher":"https:\/\/www.facebook.com\/dirtyandhappy\/"},"aioseo_meta_data":{"post_id":"194","title":null,"description":null,"keywords":null,"keyphrases":{"focus":{"keyphrase":"","score":0,"analysis":{"keyphraseInTitle":{"score":0,"maxScore":9,"error":1}}},"additional":[]},"primary_term":null,"canonical_url":null,"og_title":null,"og_description":null,"og_object_type":"default","og_image_type":"default","og_image_url":null,"og_image_width":null,"og_image_height":null,"og_image_custom_url":null,"og_image_custom_fields":null,"og_video":"","og_custom_url":null,"og_article_section":null,"og_article_tags":null,"twitter_use_og":false,"twitter_card":"default","twitter_image_type":"default","twitter_image_url":null,"twitter_image_custom_url":null,"twitter_image_custom_fields":null,"twitter_title":null,"twitter_description":null,"schema":{"blockGraphs":[],"customGraphs":[],"default":{"data":{"Article":[],"Course":[],"Dataset":[],"FAQPage":[],"Movie":[],"Person":[],"Product":[],"ProductReview":[],"Car":[],"Recipe":[],"Service":[],"SoftwareApplication":[],"WebPage":[]},"graphName":"WebPage","isEnabled":true},"graphs":[]},"schema_type":null,"schema_type_options":null,"pillar_content":false,"robots_default":false,"robots_noindex":true,"robots_noarchive":false,"robots_nosnippet":false,"robots_nofollow":false,"robots_noimageindex":false,"robots_noodp":false,"robots_notranslate":false,"robots_max_snippet":"-1","robots_max_videopreview":"-1","robots_max_imagepreview":"large","priority":null,"frequency":"default","location":null,"local_seo":null,"seo_analyzer_scan_date":"2026-04-08 08:36:28","breadcrumb_settings":null,"limit_modified_date":false,"reviewed_by":null,"open_ai":null,"ai":{"faqs":[],"keyPoints":[],"titles":[],"descriptions":[],"socialPosts":{"email":[],"linkedin":[],"twitter":[],"facebook":[],"instagram":[]}},"created":"2020-12-20 20:24:35","updated":"2026-04-08 08:36:28"},"aioseo_breadcrumb":"<div class=\"aioseo-breadcrumbs\"><span class=\"aioseo-breadcrumb\">\n\t<a href=\"https:\/\/dirtyandhappy.com\/es\/\" title=\"Home\">Home<\/a>\n<\/span><span class=\"aioseo-breadcrumb-separator\">\u00bb<\/span><span class=\"aioseo-breadcrumb\">\n\tPrivacidad\n<\/span><\/div>","aioseo_breadcrumb_json":[{"label":"Home","link":"https:\/\/dirtyandhappy.com\/es\/"},{"label":"Privacidad","link":"https:\/\/dirtyandhappy.com\/es\/politica-de-privacidad\/"}],"jetpack_sharing_enabled":true,"_links":{"self":[{"href":"https:\/\/dirtyandhappy.com\/es\/wp-json\/wp\/v2\/pages\/194","targetHints":{"allow":["GET"]}}],"collection":[{"href":"https:\/\/dirtyandhappy.com\/es\/wp-json\/wp\/v2\/pages"}],"about":[{"href":"https:\/\/dirtyandhappy.com\/es\/wp-json\/wp\/v2\/types\/page"}],"author":[{"embeddable":true,"href":"https:\/\/dirtyandhappy.com\/es\/wp-json\/wp\/v2\/users\/1"}],"replies":[{"embeddable":true,"href":"https:\/\/dirtyandhappy.com\/es\/wp-json\/wp\/v2\/comments?post=194"}],"version-history":[{"count":1,"href":"https:\/\/dirtyandhappy.com\/es\/wp-json\/wp\/v2\/pages\/194\/revisions"}],"predecessor-version":[{"id":6320,"href":"https:\/\/dirtyandhappy.com\/es\/wp-json\/wp\/v2\/pages\/194\/revisions\/6320"}],"wp:attachment":[{"href":"https:\/\/dirtyandhappy.com\/es\/wp-json\/wp\/v2\/media?parent=194"}],"curies":[{"name":"wp","href":"https:\/\/api.w.org\/{rel}","templated":true}]}}