{"id":413,"date":"2018-09-08T17:55:37","date_gmt":"2018-09-08T17:55:37","guid":{"rendered":"https:\/\/dirtyandhappy.com\/?page_id=413"},"modified":"2025-07-13T08:37:31","modified_gmt":"2025-07-13T08:37:31","slug":"aviso-legal","status":"publish","type":"page","link":"https:\/\/dirtyandhappy.com\/es\/aviso-legal\/","title":{"rendered":"Aviso legal"},"content":{"rendered":"<h4 style=\"text-align: left;\">AVISO LEGAL.<\/h4>\n<p style=\"text-align: left;\"><span style=\"font-size: 14px;\">Las presentes condiciones generales regulan el uso y acceso al sitio web o servicio de Internet Dirty and Happy, S.L. (en adelante Dirty and Happy) con domicilio social en la carretera Los Montesinos &#8211; Benijofar, Partida La Rafaela, Pol\u00edgono 1, 03187 Los Montesinos, NIF B42574350, inscrita en el Registro Mercantil de Alicante, tomo 3639, folio 83, hoja A-131969, pone a disposici\u00f3n de los usuarios a trav\u00e9s de la direcci\u00f3n electr\u00f3nica:\u00a0<\/span><a style=\"font-size: 14px; background-color: #ffffff;\" href=\"https:\/\/dirtyandhappy.com\">https:\/\/dirtyandhappy.com<\/a><span style=\"font-size: 14px;\">.<\/span><\/p>\n<p>El uso del sitio web por parte de cualquier usuario comporta la plena aceptaci\u00f3n de las presentes condiciones y criterios que est\u00e1n permanentemente expuestos en la web, bajo la versi\u00f3n publicada y vigente en cada momento.<\/p>\n<p>Con car\u00e1cter general las relaciones entre <span style=\"font-size: 14px;\">Dirty and Happy<\/span> con sus clientes derivadas la prestaci\u00f3n de los productos y servicios contenidos en la presente web se encuentran sometidas a la legislaci\u00f3n y jurisdicci\u00f3n espa\u00f1olas.<\/p>\n<p><span style=\"font-size: 14px;\">Dirty and Happy<\/span> garantiza la confidencialidad de los datos de car\u00e1cter personal facilitados por los usuarios y su tratamiento automatizado de acuerdo con la legislaci\u00f3n sobre protecci\u00f3n de datos de car\u00e1cter personal y la\u00a0Cl\u00e1usula de Protecci\u00f3n de Datos.<\/p>\n<p>El acceso a las p\u00e1ginas transaccionales a trav\u00e9s de las que el cliente de\u00a0<span style=\"font-size: 14px;\">Dirty and Happy<\/span> realiza la contrataci\u00f3n de productos o servicios de <span style=\"font-size: 14px;\">Dirty and Happy<\/span>, S.L. se realiza en un entorno seguro.<\/p>\n<p>El cliente puede comprobar que se encuentra dentro de un entorno seguro observando el candado cerrado que se haya en la l\u00ednea inferior de estado.<\/p>\n<p>Los derechos de propiedad intelectual del contenido de las p\u00e1ginas web, su dise\u00f1o gr\u00e1fico y c\u00f3digos son titularidad de\u00a0<span style=\"font-size: 14px;\">Dirty and Happy<\/span> y, por tanto, queda prohibida su reproducci\u00f3n, distribuci\u00f3n, comunicaci\u00f3n p\u00fablica y transformaci\u00f3n, salvo para uso personal y privado. Igualmente, todos los nombres comerciales, marcas o signos distintos de cualquier clase contenidos en las p\u00e1ginas web de <span style=\"font-size: 14px;\">Dirty and Happy<\/span> est\u00e1n protegidos por ley.<\/p>\n<p><span style=\"font-size: 14px;\">Dirty and Happy<\/span> no se responsabiliza del mal uso que se realice de los contenidos de sus p\u00e1ginas web, siendo exclusiva responsabilidad de la persona que accede a ellos o los utilice.<\/p>\n<p><span style=\"font-size: 14px;\">Dirty and Happy<\/span> no asume responsabilidad alguna por la informaci\u00f3n contenida en p\u00e1ginas web de terceros a las que se pueda acceder por enlaces (links) o buscadores de las p\u00e1ginas web de <span style=\"font-size: 14px;\">Dirty and Happy<\/span>. La presencia de enlaces (links) en las p\u00e1ginas web de Gestor\u00eda Carrasco tiene finalidad meramente informativa y en ning\u00fan caso supone sugerencia, invitaci\u00f3n o recomendaci\u00f3n sobre los mismos.<\/p>\n<p><span style=\"font-size: 14px;\">Dirty and Happy<\/span> declina toda responsabilidad que se derive del intercambio de informaci\u00f3n entre usuarios a trav\u00e9s de sus p\u00e1ginas web. La responsabilidad de las manifestaciones difundidas en sus p\u00e1ginas web corresponde a quienes las realizan.<\/p>\n<p><span style=\"font-size: 14px;\">Dirty and Happy<\/span>\u00a0no ser\u00e1 responsable de posibles da\u00f1os o perjuicios que se pudieran derivar de interferencias omisiones, interrupciones, virus inform\u00e1ticos, aver\u00edas telef\u00f3nicas o desconexiones en el funcionamiento operativo de este sistema electr\u00f3nico, motivadas por causas ajenas a <span style=\"font-size: 14px;\">Dirty and Happy<\/span>\u00a0Asimismo, se exonera a <span style=\"font-size: 14px;\">Dirty and Happy<\/span> de responsabilidad ante cualquier da\u00f1o o perjuicio que pudiera sufrir el usuario como consecuencia de errores, defectos u omisiones, en la informaci\u00f3n facilitada por la\u00a0<span style=\"font-size: 14px;\">Dirty and Happy<\/span> siempre que proceda de fuentes ajenas a la <span style=\"font-size: 14px;\">Dirty and Happy<\/span>.<\/p>\n","protected":false},"excerpt":{"rendered":"<p>AVISO LEGAL. Las presentes condiciones generales regulan el uso y acceso al sitio web o servicio de Internet Dirty and Happy, S.L. (en adelante Dirty and Happy) con domicilio social en la carretera Los Montesinos &#8211; Benijofar, Partida La Rafaela, Pol\u00edgono 1, 03187 Los Montesinos, NIF B42574350, inscrita en el Registro Mercantil de Alicante, tomo [&hellip;]<\/p>\n","protected":false},"author":1,"featured_media":0,"parent":0,"menu_order":31,"comment_status":"closed","ping_status":"closed","template":"","meta":{"om_disable_all_campaigns":false,"_monsterinsights_skip_tracking":false,"_monsterinsights_sitenote_active":false,"_monsterinsights_sitenote_note":"","_monsterinsights_sitenote_category":0,"ocean_post_layout":"","ocean_both_sidebars_style":"","ocean_both_sidebars_content_width":0,"ocean_both_sidebars_sidebars_width":0,"ocean_sidebar":"0","ocean_second_sidebar":"0","ocean_disable_margins":"enable","ocean_add_body_class":"","ocean_shortcode_before_top_bar":"","ocean_shortcode_after_top_bar":"","ocean_shortcode_before_header":"","ocean_shortcode_after_header":"","ocean_has_shortcode":"","ocean_shortcode_after_title":"","ocean_shortcode_before_footer_widgets":"","ocean_shortcode_after_footer_widgets":"","ocean_shortcode_before_footer_bottom":"","ocean_shortcode_after_footer_bottom":"","ocean_display_top_bar":"default","ocean_display_header":"default","ocean_header_style":"","ocean_center_header_left_menu":"0","ocean_custom_header_template":"0","ocean_custom_logo":0,"ocean_custom_retina_logo":0,"ocean_custom_logo_max_width":0,"ocean_custom_logo_tablet_max_width":0,"ocean_custom_logo_mobile_max_width":0,"ocean_custom_logo_max_height":0,"ocean_custom_logo_tablet_max_height":0,"ocean_custom_logo_mobile_max_height":0,"ocean_header_custom_menu":"0","ocean_menu_typo_font_family":"0","ocean_menu_typo_font_subset":"","ocean_menu_typo_font_size":0,"ocean_menu_typo_font_size_tablet":0,"ocean_menu_typo_font_size_mobile":0,"ocean_menu_typo_font_size_unit":"px","ocean_menu_typo_font_weight":"","ocean_menu_typo_font_weight_tablet":"","ocean_menu_typo_font_weight_mobile":"","ocean_menu_typo_transform":"","ocean_menu_typo_transform_tablet":"","ocean_menu_typo_transform_mobile":"","ocean_menu_typo_line_height":0,"ocean_menu_typo_line_height_tablet":0,"ocean_menu_typo_line_height_mobile":0,"ocean_menu_typo_line_height_unit":"","ocean_menu_typo_spacing":0,"ocean_menu_typo_spacing_tablet":0,"ocean_menu_typo_spacing_mobile":0,"ocean_menu_typo_spacing_unit":"","ocean_menu_link_color":"","ocean_menu_link_color_hover":"","ocean_menu_link_color_active":"","ocean_menu_link_background":"","ocean_menu_link_hover_background":"","ocean_menu_link_active_background":"","ocean_menu_social_links_bg":"","ocean_menu_social_hover_links_bg":"","ocean_menu_social_links_color":"","ocean_menu_social_hover_links_color":"","ocean_disable_title":"default","ocean_disable_heading":"default","ocean_post_title":"","ocean_post_subheading":"","ocean_post_title_style":"","ocean_post_title_background_color":"","ocean_post_title_background":0,"ocean_post_title_bg_image_position":"","ocean_post_title_bg_image_attachment":"","ocean_post_title_bg_image_repeat":"","ocean_post_title_bg_image_size":"","ocean_post_title_height":0,"ocean_post_title_bg_overlay":0.5,"ocean_post_title_bg_overlay_color":"","ocean_disable_breadcrumbs":"default","ocean_breadcrumbs_color":"","ocean_breadcrumbs_separator_color":"","ocean_breadcrumbs_links_color":"","ocean_breadcrumbs_links_hover_color":"","ocean_display_footer_widgets":"default","ocean_display_footer_bottom":"default","ocean_custom_footer_template":"0","footnotes":""},"class_list":["post-413","page","type-page","status-publish","hentry","entry"],"aioseo_notices":[],"aioseo_head":"\n\t\t<!-- All in One SEO Pro 4.9.6.2 - aioseo.com -->\n\t<meta name=\"description\" content=\"AVISO LEGAL. Las presentes condiciones generales regulan el uso y acceso al sitio web o servicio de Internet Dirty and Happy, S.L. (en adelante Dirty and Happy) con domicilio social en la carretera Los Montesinos - Benijofar, Partida La Rafaela, Pol\u00edgono 1, 03187 Los Montesinos, NIF B42574350, inscrita en el Registro Mercantil de Alicante, tomo\" \/>\n\t<meta name=\"robots\" content=\"noindex, max-image-preview:large\" \/>\n\t<meta name=\"google-site-verification\" content=\"eRx9P9XaHEvjjwSYuiIo2O_vTucpXD0iLB4m5-bocOQ\" \/>\n\t<meta name=\"msvalidate.01\" content=\"228548E5EC703201CDE40CC79FFBCBD3\" \/>\n\t<meta name=\"p:domain_verify\" content=\"2e9c50a15ed7d8596fe7e1c1cec5e2a8\" \/>\n\t<link rel=\"canonical\" href=\"https:\/\/dirtyandhappy.com\/es\/aviso-legal\/\" \/>\n\t<meta name=\"generator\" content=\"All in One SEO Pro (AIOSEO) 4.9.6.2\" \/>\n\t\t<meta property=\"og:locale\" content=\"es_ES\" \/>\n\t\t<meta property=\"og:site_name\" content=\"Dirty and Happy \u2022 Residencia canina. Adiestramiento\" \/>\n\t\t<meta property=\"og:type\" content=\"article\" \/>\n\t\t<meta property=\"og:title\" content=\"Aviso legal | Dirty and Happy\" \/>\n\t\t<meta property=\"og:description\" content=\"AVISO LEGAL. Las presentes condiciones generales regulan el uso y acceso al sitio web o servicio de Internet Dirty and Happy, S.L. (en adelante Dirty and Happy) con domicilio social en la carretera Los Montesinos - Benijofar, Partida La Rafaela, Pol\u00edgono 1, 03187 Los Montesinos, NIF B42574350, inscrita en el Registro Mercantil de Alicante, tomo\" \/>\n\t\t<meta property=\"og:url\" content=\"https:\/\/dirtyandhappy.com\/es\/aviso-legal\/\" \/>\n\t\t<meta property=\"fb:app_id\" content=\"1458076274562272\" \/>\n\t\t<meta property=\"fb:admins\" content=\"440101459341122\" \/>\n\t\t<meta property=\"og:image\" content=\"https:\/\/dirtyandhappy.com\/wp-content\/uploads\/2024\/01\/dirty-and-happy_mini.png\" \/>\n\t\t<meta property=\"og:image:secure_url\" content=\"https:\/\/dirtyandhappy.com\/wp-content\/uploads\/2024\/01\/dirty-and-happy_mini.png\" \/>\n\t\t<meta property=\"og:image:width\" content=\"162\" \/>\n\t\t<meta property=\"og:image:height\" content=\"165\" \/>\n\t\t<meta property=\"article:published_time\" content=\"2018-09-08T17:55:37+00:00\" \/>\n\t\t<meta property=\"article:modified_time\" content=\"2025-07-13T08:37:31+00:00\" \/>\n\t\t<meta property=\"article:publisher\" content=\"https:\/\/www.facebook.com\/dirtyandhappy\/\" \/>\n\t\t<script type=\"application\/ld+json\" class=\"aioseo-schema\">\n\t\t\t{\"@context\":\"https:\\\/\\\/schema.org\",\"@graph\":[{\"@type\":\"BreadcrumbList\",\"@id\":\"https:\\\/\\\/dirtyandhappy.com\\\/es\\\/aviso-legal\\\/#breadcrumblist\",\"itemListElement\":[{\"@type\":\"ListItem\",\"@id\":\"https:\\\/\\\/dirtyandhappy.com\\\/es\\\/#listItem\",\"position\":1,\"name\":\"Home\",\"item\":\"https:\\\/\\\/dirtyandhappy.com\\\/es\\\/\",\"nextItem\":{\"@type\":\"ListItem\",\"@id\":\"https:\\\/\\\/dirtyandhappy.com\\\/es\\\/aviso-legal\\\/#listItem\",\"name\":\"Aviso legal\"}},{\"@type\":\"ListItem\",\"@id\":\"https:\\\/\\\/dirtyandhappy.com\\\/es\\\/aviso-legal\\\/#listItem\",\"position\":2,\"name\":\"Aviso legal\",\"previousItem\":{\"@type\":\"ListItem\",\"@id\":\"https:\\\/\\\/dirtyandhappy.com\\\/es\\\/#listItem\",\"name\":\"Home\"}}]},{\"@type\":\"Organization\",\"@id\":\"https:\\\/\\\/dirtyandhappy.com\\\/es\\\/#organization\",\"name\":\"Dirty and Happy. Centro canino\",\"description\":\"Residencia canina. Adiestramiento\",\"url\":\"https:\\\/\\\/dirtyandhappy.com\\\/es\\\/\",\"email\":\"info@dirtyandhappy.com\",\"telephone\":\"+34966063577\",\"foundingDate\":\"2018-07-01\",\"numberOfEmployees\":{\"@type\":\"QuantitativeValue\",\"value\":2},\"logo\":{\"@type\":\"ImageObject\",\"url\":\"https:\\\/\\\/dirtyandhappy.com\\\/wp-content\\\/uploads\\\/2024\\\/01\\\/dirty-and-happy_mini.png\",\"@id\":\"https:\\\/\\\/dirtyandhappy.com\\\/es\\\/aviso-legal\\\/#organizationLogo\",\"width\":162,\"height\":165,\"caption\":\"Logo de Dirty and Happy\"},\"image\":{\"@id\":\"https:\\\/\\\/dirtyandhappy.com\\\/es\\\/aviso-legal\\\/#organizationLogo\"},\"sameAs\":[\"https:\\\/\\\/www.facebook.com\\\/dirtyandhappy\\\/\",\"https:\\\/\\\/www.instagram.com\\\/dirtyandhappy\\\/\"],\"address\":{\"@id\":\"https:\\\/\\\/dirtyandhappy.com\\\/es\\\/#postaladdress\",\"@type\":\"PostalAddress\",\"streetAddress\":\"Partida La Rafaela, Pol\\u00edgono 1, 9A, Junto a Range Golf\",\"postalCode\":\"03187\",\"addressLocality\":\"Los Montesinos\",\"addressRegion\":\"Alicante\",\"addressCountry\":\"ES\"}},{\"@type\":\"WebPage\",\"@id\":\"https:\\\/\\\/dirtyandhappy.com\\\/es\\\/aviso-legal\\\/#webpage\",\"url\":\"https:\\\/\\\/dirtyandhappy.com\\\/es\\\/aviso-legal\\\/\",\"name\":\"Aviso legal | Dirty and Happy\",\"description\":\"AVISO LEGAL. Las presentes condiciones generales regulan el uso y acceso al sitio web o servicio de Internet Dirty and Happy, S.L. (en adelante Dirty and Happy) con domicilio social en la carretera Los Montesinos - Benijofar, Partida La Rafaela, Pol\\u00edgono 1, 03187 Los Montesinos, NIF B42574350, inscrita en el Registro Mercantil de Alicante, tomo\",\"inLanguage\":\"es-ES\",\"isPartOf\":{\"@id\":\"https:\\\/\\\/dirtyandhappy.com\\\/es\\\/#website\"},\"breadcrumb\":{\"@id\":\"https:\\\/\\\/dirtyandhappy.com\\\/es\\\/aviso-legal\\\/#breadcrumblist\"},\"datePublished\":\"2018-09-08T17:55:37+00:00\",\"dateModified\":\"2025-07-13T08:37:31+00:00\"},{\"@type\":\"WebSite\",\"@id\":\"https:\\\/\\\/dirtyandhappy.com\\\/es\\\/#website\",\"url\":\"https:\\\/\\\/dirtyandhappy.com\\\/es\\\/\",\"name\":\"Dirty and Happy\",\"alternateName\":\"Residencia canina\",\"description\":\"Residencia canina. Adiestramiento\",\"inLanguage\":\"es-ES\",\"publisher\":{\"@id\":\"https:\\\/\\\/dirtyandhappy.com\\\/es\\\/#organization\"}}]}\n\t\t<\/script>\n\t\t<!-- All in One SEO Pro -->\r\n\t\t<title>Aviso legal | Dirty and Happy<\/title>\n\n","aioseo_head_json":{"title":"Aviso legal | Dirty and Happy","description":"AVISO LEGAL. Las presentes condiciones generales regulan el uso y acceso al sitio web o servicio de Internet Dirty and Happy, S.L. (en adelante Dirty and Happy) con domicilio social en la carretera Los Montesinos - Benijofar, Partida La Rafaela, Pol\u00edgono 1, 03187 Los Montesinos, NIF B42574350, inscrita en el Registro Mercantil de Alicante, tomo","canonical_url":"https:\/\/dirtyandhappy.com\/es\/aviso-legal\/","robots":"noindex, max-image-preview:large","keywords":"","webmasterTools":{"google-site-verification":"eRx9P9XaHEvjjwSYuiIo2O_vTucpXD0iLB4m5-bocOQ","msvalidate.01":"228548E5EC703201CDE40CC79FFBCBD3","p:domain_verify":"2e9c50a15ed7d8596fe7e1c1cec5e2a8","miscellaneous":""},"schema":{"@context":"https:\/\/schema.org","@graph":[{"@type":"BreadcrumbList","@id":"https:\/\/dirtyandhappy.com\/es\/aviso-legal\/#breadcrumblist","itemListElement":[{"@type":"ListItem","@id":"https:\/\/dirtyandhappy.com\/es\/#listItem","position":1,"name":"Home","item":"https:\/\/dirtyandhappy.com\/es\/","nextItem":{"@type":"ListItem","@id":"https:\/\/dirtyandhappy.com\/es\/aviso-legal\/#listItem","name":"Aviso legal"}},{"@type":"ListItem","@id":"https:\/\/dirtyandhappy.com\/es\/aviso-legal\/#listItem","position":2,"name":"Aviso legal","previousItem":{"@type":"ListItem","@id":"https:\/\/dirtyandhappy.com\/es\/#listItem","name":"Home"}}]},{"@type":"Organization","@id":"https:\/\/dirtyandhappy.com\/es\/#organization","name":"Dirty and Happy. Centro canino","description":"Residencia canina. Adiestramiento","url":"https:\/\/dirtyandhappy.com\/es\/","email":"info@dirtyandhappy.com","telephone":"+34966063577","foundingDate":"2018-07-01","numberOfEmployees":{"@type":"QuantitativeValue","value":2},"logo":{"@type":"ImageObject","url":"https:\/\/dirtyandhappy.com\/wp-content\/uploads\/2024\/01\/dirty-and-happy_mini.png","@id":"https:\/\/dirtyandhappy.com\/es\/aviso-legal\/#organizationLogo","width":162,"height":165,"caption":"Logo de Dirty and Happy"},"image":{"@id":"https:\/\/dirtyandhappy.com\/es\/aviso-legal\/#organizationLogo"},"sameAs":["https:\/\/www.facebook.com\/dirtyandhappy\/","https:\/\/www.instagram.com\/dirtyandhappy\/"],"address":{"@id":"https:\/\/dirtyandhappy.com\/es\/#postaladdress","@type":"PostalAddress","streetAddress":"Partida La Rafaela, Pol\u00edgono 1, 9A, Junto a Range Golf","postalCode":"03187","addressLocality":"Los Montesinos","addressRegion":"Alicante","addressCountry":"ES"}},{"@type":"WebPage","@id":"https:\/\/dirtyandhappy.com\/es\/aviso-legal\/#webpage","url":"https:\/\/dirtyandhappy.com\/es\/aviso-legal\/","name":"Aviso legal | Dirty and Happy","description":"AVISO LEGAL. Las presentes condiciones generales regulan el uso y acceso al sitio web o servicio de Internet Dirty and Happy, S.L. (en adelante Dirty and Happy) con domicilio social en la carretera Los Montesinos - Benijofar, Partida La Rafaela, Pol\u00edgono 1, 03187 Los Montesinos, NIF B42574350, inscrita en el Registro Mercantil de Alicante, tomo","inLanguage":"es-ES","isPartOf":{"@id":"https:\/\/dirtyandhappy.com\/es\/#website"},"breadcrumb":{"@id":"https:\/\/dirtyandhappy.com\/es\/aviso-legal\/#breadcrumblist"},"datePublished":"2018-09-08T17:55:37+00:00","dateModified":"2025-07-13T08:37:31+00:00"},{"@type":"WebSite","@id":"https:\/\/dirtyandhappy.com\/es\/#website","url":"https:\/\/dirtyandhappy.com\/es\/","name":"Dirty and Happy","alternateName":"Residencia canina","description":"Residencia canina. Adiestramiento","inLanguage":"es-ES","publisher":{"@id":"https:\/\/dirtyandhappy.com\/es\/#organization"}}]},"og:locale":"es_ES","og:site_name":"Dirty and Happy \u2022 Residencia canina. Adiestramiento","og:type":"article","og:title":"Aviso legal | Dirty and Happy","og:description":"AVISO LEGAL. Las presentes condiciones generales regulan el uso y acceso al sitio web o servicio de Internet Dirty and Happy, S.L. (en adelante Dirty and Happy) con domicilio social en la carretera Los Montesinos - Benijofar, Partida La Rafaela, Pol\u00edgono 1, 03187 Los Montesinos, NIF B42574350, inscrita en el Registro Mercantil de Alicante, tomo","og:url":"https:\/\/dirtyandhappy.com\/es\/aviso-legal\/","fb:app_id":"1458076274562272","fb:admins":"440101459341122","og:image":"https:\/\/dirtyandhappy.com\/wp-content\/uploads\/2024\/01\/dirty-and-happy_mini.png","og:image:secure_url":"https:\/\/dirtyandhappy.com\/wp-content\/uploads\/2024\/01\/dirty-and-happy_mini.png","og:image:width":162,"og:image:height":165,"article:published_time":"2018-09-08T17:55:37+00:00","article:modified_time":"2025-07-13T08:37:31+00:00","article:publisher":"https:\/\/www.facebook.com\/dirtyandhappy\/"},"aioseo_meta_data":{"post_id":"413","title":null,"description":null,"keywords":null,"keyphrases":null,"primary_term":null,"canonical_url":null,"og_title":null,"og_description":null,"og_object_type":"default","og_image_type":"default","og_image_url":null,"og_image_width":null,"og_image_height":null,"og_image_custom_url":null,"og_image_custom_fields":null,"og_video":null,"og_custom_url":null,"og_article_section":null,"og_article_tags":null,"twitter_use_og":false,"twitter_card":"default","twitter_image_type":"default","twitter_image_url":null,"twitter_image_custom_url":null,"twitter_image_custom_fields":null,"twitter_title":null,"twitter_description":null,"schema":{"blockGraphs":[],"customGraphs":[],"default":{"data":{"Article":[],"Course":[],"Dataset":[],"FAQPage":[],"Movie":[],"Person":[],"Product":[],"ProductReview":[],"Car":[],"Recipe":[],"Service":[],"SoftwareApplication":[],"WebPage":[]},"graphName":"","isEnabled":true},"graphs":[]},"schema_type":null,"schema_type_options":null,"pillar_content":false,"robots_default":false,"robots_noindex":true,"robots_noarchive":false,"robots_nosnippet":false,"robots_nofollow":false,"robots_noimageindex":false,"robots_noodp":false,"robots_notranslate":false,"robots_max_snippet":null,"robots_max_videopreview":null,"robots_max_imagepreview":"large","priority":null,"frequency":null,"location":null,"local_seo":null,"seo_analyzer_scan_date":"2026-04-08 08:36:31","breadcrumb_settings":null,"limit_modified_date":false,"reviewed_by":null,"open_ai":null,"ai":null,"created":"2020-12-20 20:24:35","updated":"2026-04-08 08:36:31"},"aioseo_breadcrumb":"<div class=\"aioseo-breadcrumbs\"><span class=\"aioseo-breadcrumb\">\n\t<a href=\"https:\/\/dirtyandhappy.com\/es\/\" title=\"Home\">Home<\/a>\n<\/span><span class=\"aioseo-breadcrumb-separator\">\u00bb<\/span><span class=\"aioseo-breadcrumb\">\n\tAviso legal\n<\/span><\/div>","aioseo_breadcrumb_json":[{"label":"Home","link":"https:\/\/dirtyandhappy.com\/es\/"},{"label":"Aviso legal","link":"https:\/\/dirtyandhappy.com\/es\/aviso-legal\/"}],"jetpack_sharing_enabled":true,"_links":{"self":[{"href":"https:\/\/dirtyandhappy.com\/es\/wp-json\/wp\/v2\/pages\/413","targetHints":{"allow":["GET"]}}],"collection":[{"href":"https:\/\/dirtyandhappy.com\/es\/wp-json\/wp\/v2\/pages"}],"about":[{"href":"https:\/\/dirtyandhappy.com\/es\/wp-json\/wp\/v2\/types\/page"}],"author":[{"embeddable":true,"href":"https:\/\/dirtyandhappy.com\/es\/wp-json\/wp\/v2\/users\/1"}],"replies":[{"embeddable":true,"href":"https:\/\/dirtyandhappy.com\/es\/wp-json\/wp\/v2\/comments?post=413"}],"version-history":[{"count":0,"href":"https:\/\/dirtyandhappy.com\/es\/wp-json\/wp\/v2\/pages\/413\/revisions"}],"wp:attachment":[{"href":"https:\/\/dirtyandhappy.com\/es\/wp-json\/wp\/v2\/media?parent=413"}],"curies":[{"name":"wp","href":"https:\/\/api.w.org\/{rel}","templated":true}]}}