{"id":5670,"date":"2024-08-26T18:01:33","date_gmt":"2024-08-26T18:01:33","guid":{"rendered":"https:\/\/dirtyandhappy.com\/juridisk-meddelande\/"},"modified":"2025-07-13T08:37:31","modified_gmt":"2025-07-13T08:37:31","slug":"juridisk-meddelande","status":"publish","type":"page","link":"https:\/\/dirtyandhappy.com\/sv\/juridisk-meddelande\/","title":{"rendered":"JURIDISK MEDDELANDE."},"content":{"rendered":"<p><strong>JURIDISK MEDDELANDE.<\/strong><\/p>\n<p>Dessa allm\u00e4nna villkor reglerar anv\u00e4ndningen och tillg\u00e5ngen till webbplatsen eller internettj\u00e4nsten Dirty and Happy, S.L. (h\u00e4danefter Dirty and Happy) med registrerat kontor p\u00e5 Los Montesinos &#8211; Benijofar road, Partida La Rafaela, Pol\u00edgono 1, 03187 Los Montesinos, NIF B42574350, registrerat i Commercial Registry of Alicante, volym 3639, folio 831, sida 8396 A-, sid. g\u00f6r den tillg\u00e4nglig f\u00f6r anv\u00e4ndare via den elektroniska adressen: <a href=\"https:\/\/dirtyandhappy.com\">https:\/\/dirtyandhappy.com<\/a>.<\/p>\n<p>Anv\u00e4ndningen av webbplatsen av alla anv\u00e4ndare f\u00f6ruts\u00e4tter fullst\u00e4ndigt godk\u00e4nnande av dessa villkor och kriterier som permanent visas p\u00e5 webbplatsen, under den version som publiceras och \u00e4r i kraft vid alla tidpunkter.<\/p>\n<p>Generellt sett \u00e4r relationerna mellan Dirty and Happy med sina kunder till f\u00f6ljd av tillhandah\u00e5llandet av produkterna och tj\u00e4nsterna p\u00e5 denna webbplats f\u00f6rem\u00e5l f\u00f6r spansk lagstiftning och jurisdiktion.<\/p>\n<p>Dirty and Happy garanterar sekretessen f\u00f6r personuppgifter som tillhandah\u00e5lls av anv\u00e4ndare och dess automatiserade behandling i enlighet med lagstiftningen om skydd av personuppgifter och dataskyddsklausulen.<\/p>\n<p>Tillg\u00e5ng till transaktionssidorna genom vilka Dirty and Happy-klienten k\u00f6per produkter eller tj\u00e4nster fr\u00e5n Dirty and Happy, S.L. Det g\u00f6rs i en s\u00e4ker milj\u00f6.<\/p>\n<p>Kunden kan verifiera att de befinner sig i en s\u00e4ker milj\u00f6 genom att titta p\u00e5 det st\u00e4ngda h\u00e4ngl\u00e5set p\u00e5 den nedre statusraden.<\/p>\n<p>De immateriella r\u00e4ttigheterna till inneh\u00e5llet p\u00e5 webbsidorna, deras grafiska design och koder \u00e4gs av Dirty and Happy och d\u00e4rf\u00f6r \u00e4r deras reproduktion, distribution, offentlig kommunikation och omvandling f\u00f6rbjuden, f\u00f6rutom f\u00f6r personligt och privat bruk. Likas\u00e5 \u00e4r alla handelsnamn, m\u00e4rken eller olika tecken av n\u00e5got slag som finns p\u00e5 Dirty and Happy-webbplatserna skyddade av lag.<\/p>\n<p>Dirty and Happy ansvarar inte f\u00f6r eventuellt missbruk av inneh\u00e5llet p\u00e5 dess webbsidor, vilket \u00e4r ensamansvaret f\u00f6r den person som kommer \u00e5t eller anv\u00e4nder dem.<\/p>\n<p>Dirty and Happy tar inget ansvar f\u00f6r informationen p\u00e5 tredje parts webbplatser som kan n\u00e5s via l\u00e4nkar eller s\u00f6kmotorer p\u00e5 Dirty and Happy-webbplatserna. F\u00f6rekomsten av l\u00e4nkar p\u00e5 Gestor\u00eda Carrascos webbsidor \u00e4r endast i informationssyfte och inneb\u00e4r inte i n\u00e5got fall ett f\u00f6rslag, en inbjudan eller rekommendation ang\u00e5ende dem.<\/p>\n<p>Dirty and Happy avs\u00e4ger sig allt ansvar som uppst\u00e5r fr\u00e5n utbyte av information mellan anv\u00e4ndare via sina webbplatser. Ansvaret f\u00f6r de uttalanden som sprids p\u00e5 deras webbsidor motsvarar dem som g\u00f6r dem.<\/p>\n<p>Dirty and Happy kommer inte att ansvara f\u00f6r eventuella skador eller f\u00f6rluster som kan uppst\u00e5 fr\u00e5n st\u00f6rningar, utel\u00e4mnanden, avbrott, datavirus, telefonavbrott eller avbrott i det h\u00e4r elektroniska systemets funktion, orsakade av orsaker utanf\u00f6r Dirty and Happys kontroll. Likas\u00e5 fritas Dirty and Happy fr\u00e5n ansvar f\u00f6r all skada eller skada som anv\u00e4ndaren kan lida till f\u00f6ljd av fel, defekter eller utel\u00e4mnanden, i informationen som tillhandah\u00e5lls av Dirty and Happy, f\u00f6rutsatt att den kommer fr\u00e5n andra k\u00e4llor \u00e4n Dirty och glad.<\/p>\n","protected":false},"excerpt":{"rendered":"<p>JURIDISK MEDDELANDE. Dessa allm\u00e4nna villkor reglerar anv\u00e4ndningen och tillg\u00e5ngen till webbplatsen eller internettj\u00e4nsten Dirty and Happy, S.L. (h\u00e4danefter Dirty and Happy) med registrerat kontor p\u00e5 Los Montesinos &#8211; Benijofar road, Partida La Rafaela, Pol\u00edgono 1, 03187 Los Montesinos, NIF B42574350, registrerat i Commercial Registry of Alicante, volym 3639, folio 831, sida 8396 A-, sid. g\u00f6r [&hellip;]<\/p>\n","protected":false},"author":1,"featured_media":0,"parent":0,"menu_order":31,"comment_status":"closed","ping_status":"closed","template":"","meta":{"om_disable_all_campaigns":false,"_monsterinsights_skip_tracking":false,"_monsterinsights_sitenote_active":false,"_monsterinsights_sitenote_note":"","_monsterinsights_sitenote_category":0,"ocean_post_layout":"","ocean_both_sidebars_style":"","ocean_both_sidebars_content_width":0,"ocean_both_sidebars_sidebars_width":0,"ocean_sidebar":"0","ocean_second_sidebar":"0","ocean_disable_margins":"enable","ocean_add_body_class":"","ocean_shortcode_before_top_bar":"","ocean_shortcode_after_top_bar":"","ocean_shortcode_before_header":"","ocean_shortcode_after_header":"","ocean_has_shortcode":"","ocean_shortcode_after_title":"","ocean_shortcode_before_footer_widgets":"","ocean_shortcode_after_footer_widgets":"","ocean_shortcode_before_footer_bottom":"","ocean_shortcode_after_footer_bottom":"","ocean_display_top_bar":"default","ocean_display_header":"default","ocean_header_style":"","ocean_center_header_left_menu":"0","ocean_custom_header_template":"0","ocean_custom_logo":0,"ocean_custom_retina_logo":0,"ocean_custom_logo_max_width":0,"ocean_custom_logo_tablet_max_width":0,"ocean_custom_logo_mobile_max_width":0,"ocean_custom_logo_max_height":0,"ocean_custom_logo_tablet_max_height":0,"ocean_custom_logo_mobile_max_height":0,"ocean_header_custom_menu":"0","ocean_menu_typo_font_family":"0","ocean_menu_typo_font_subset":"","ocean_menu_typo_font_size":0,"ocean_menu_typo_font_size_tablet":0,"ocean_menu_typo_font_size_mobile":0,"ocean_menu_typo_font_size_unit":"px","ocean_menu_typo_font_weight":"","ocean_menu_typo_font_weight_tablet":"","ocean_menu_typo_font_weight_mobile":"","ocean_menu_typo_transform":"","ocean_menu_typo_transform_tablet":"","ocean_menu_typo_transform_mobile":"","ocean_menu_typo_line_height":0,"ocean_menu_typo_line_height_tablet":0,"ocean_menu_typo_line_height_mobile":0,"ocean_menu_typo_line_height_unit":"","ocean_menu_typo_spacing":0,"ocean_menu_typo_spacing_tablet":0,"ocean_menu_typo_spacing_mobile":0,"ocean_menu_typo_spacing_unit":"","ocean_menu_link_color":"","ocean_menu_link_color_hover":"","ocean_menu_link_color_active":"","ocean_menu_link_background":"","ocean_menu_link_hover_background":"","ocean_menu_link_active_background":"","ocean_menu_social_links_bg":"","ocean_menu_social_hover_links_bg":"","ocean_menu_social_links_color":"","ocean_menu_social_hover_links_color":"","ocean_disable_title":"default","ocean_disable_heading":"default","ocean_post_title":"","ocean_post_subheading":"","ocean_post_title_style":"","ocean_post_title_background_color":"","ocean_post_title_background":0,"ocean_post_title_bg_image_position":"","ocean_post_title_bg_image_attachment":"","ocean_post_title_bg_image_repeat":"","ocean_post_title_bg_image_size":"","ocean_post_title_height":0,"ocean_post_title_bg_overlay":0.5,"ocean_post_title_bg_overlay_color":"","ocean_disable_breadcrumbs":"default","ocean_breadcrumbs_color":"","ocean_breadcrumbs_separator_color":"","ocean_breadcrumbs_links_color":"","ocean_breadcrumbs_links_hover_color":"","ocean_display_footer_widgets":"default","ocean_display_footer_bottom":"default","ocean_custom_footer_template":"0","footnotes":""},"class_list":["post-5670","page","type-page","status-publish","hentry","entry"],"aioseo_notices":[],"aioseo_head":"\n\t\t<!-- All in One SEO Pro 4.9.6.2 - aioseo.com -->\n\t<meta name=\"description\" content=\"JURIDISK MEDDELANDE. Dessa allm\u00e4nna villkor reglerar anv\u00e4ndningen och tillg\u00e5ngen till webbplatsen eller internettj\u00e4nsten Dirty and Happy, S.L. (h\u00e4danefter Dirty and Happy) med registrerat kontor p\u00e5 Los Montesinos - Benijofar road, Partida La Rafaela, Pol\u00edgono 1, 03187 Los Montesinos, NIF B42574350, registrerat i Commercial Registry of Alicante, volym 3639, folio 831, sida 8396 A-, sid. g\u00f6r\" \/>\n\t<meta name=\"robots\" content=\"noindex, max-image-preview:large\" \/>\n\t<meta name=\"google-site-verification\" content=\"eRx9P9XaHEvjjwSYuiIo2O_vTucpXD0iLB4m5-bocOQ\" \/>\n\t<meta name=\"msvalidate.01\" content=\"228548E5EC703201CDE40CC79FFBCBD3\" \/>\n\t<meta name=\"p:domain_verify\" content=\"2e9c50a15ed7d8596fe7e1c1cec5e2a8\" \/>\n\t<link rel=\"canonical\" href=\"https:\/\/dirtyandhappy.com\/sv\/juridisk-meddelande\/\" \/>\n\t<meta name=\"generator\" content=\"All in One SEO Pro (AIOSEO) 4.9.6.2\" \/>\n\t\t<meta property=\"og:locale\" content=\"sv_SE\" \/>\n\t\t<meta property=\"og:site_name\" content=\"Dirty and Happy \u2022 Residencia canina. Adiestramiento\" \/>\n\t\t<meta property=\"og:type\" content=\"article\" \/>\n\t\t<meta property=\"og:title\" content=\"JURIDISK MEDDELANDE. | Dirty and Happy\" \/>\n\t\t<meta property=\"og:description\" content=\"JURIDISK MEDDELANDE. Dessa allm\u00e4nna villkor reglerar anv\u00e4ndningen och tillg\u00e5ngen till webbplatsen eller internettj\u00e4nsten Dirty and Happy, S.L. (h\u00e4danefter Dirty and Happy) med registrerat kontor p\u00e5 Los Montesinos - Benijofar road, Partida La Rafaela, Pol\u00edgono 1, 03187 Los Montesinos, NIF B42574350, registrerat i Commercial Registry of Alicante, volym 3639, folio 831, sida 8396 A-, sid. g\u00f6r\" \/>\n\t\t<meta property=\"og:url\" content=\"https:\/\/dirtyandhappy.com\/sv\/juridisk-meddelande\/\" \/>\n\t\t<meta property=\"fb:app_id\" content=\"1458076274562272\" \/>\n\t\t<meta property=\"fb:admins\" content=\"440101459341122\" \/>\n\t\t<meta property=\"og:image\" content=\"https:\/\/dirtyandhappy.com\/wp-content\/uploads\/2024\/01\/dirty-and-happy_mini.png\" \/>\n\t\t<meta property=\"og:image:secure_url\" content=\"https:\/\/dirtyandhappy.com\/wp-content\/uploads\/2024\/01\/dirty-and-happy_mini.png\" \/>\n\t\t<meta property=\"og:image:width\" content=\"162\" \/>\n\t\t<meta property=\"og:image:height\" content=\"165\" \/>\n\t\t<meta property=\"article:published_time\" content=\"2024-08-26T18:01:33+00:00\" \/>\n\t\t<meta property=\"article:modified_time\" content=\"2025-07-13T08:37:31+00:00\" \/>\n\t\t<meta property=\"article:publisher\" content=\"https:\/\/www.facebook.com\/dirtyandhappy\/\" \/>\n\t\t<script type=\"application\/ld+json\" class=\"aioseo-schema\">\n\t\t\t{\"@context\":\"https:\\\/\\\/schema.org\",\"@graph\":[{\"@type\":\"BreadcrumbList\",\"@id\":\"https:\\\/\\\/dirtyandhappy.com\\\/sv\\\/juridisk-meddelande\\\/#breadcrumblist\",\"itemListElement\":[{\"@type\":\"ListItem\",\"@id\":\"https:\\\/\\\/dirtyandhappy.com\\\/sv\\\/#listItem\",\"position\":1,\"name\":\"Home\",\"item\":\"https:\\\/\\\/dirtyandhappy.com\\\/sv\\\/\",\"nextItem\":{\"@type\":\"ListItem\",\"@id\":\"https:\\\/\\\/dirtyandhappy.com\\\/sv\\\/juridisk-meddelande\\\/#listItem\",\"name\":\"JURIDISK MEDDELANDE.\"}},{\"@type\":\"ListItem\",\"@id\":\"https:\\\/\\\/dirtyandhappy.com\\\/sv\\\/juridisk-meddelande\\\/#listItem\",\"position\":2,\"name\":\"JURIDISK MEDDELANDE.\",\"previousItem\":{\"@type\":\"ListItem\",\"@id\":\"https:\\\/\\\/dirtyandhappy.com\\\/sv\\\/#listItem\",\"name\":\"Home\"}}]},{\"@type\":\"Organization\",\"@id\":\"https:\\\/\\\/dirtyandhappy.com\\\/sv\\\/#organization\",\"name\":\"Dirty and Happy. Centro canino\",\"description\":\"Residencia canina. Adiestramiento\",\"url\":\"https:\\\/\\\/dirtyandhappy.com\\\/sv\\\/\",\"email\":\"info@dirtyandhappy.com\",\"telephone\":\"+34966063577\",\"foundingDate\":\"2018-07-01\",\"numberOfEmployees\":{\"@type\":\"QuantitativeValue\",\"value\":2},\"logo\":{\"@type\":\"ImageObject\",\"url\":\"https:\\\/\\\/dirtyandhappy.com\\\/wp-content\\\/uploads\\\/2024\\\/01\\\/dirty-and-happy_mini.png\",\"@id\":\"https:\\\/\\\/dirtyandhappy.com\\\/sv\\\/juridisk-meddelande\\\/#organizationLogo\",\"width\":162,\"height\":165,\"caption\":\"Logo de Dirty and Happy\"},\"image\":{\"@id\":\"https:\\\/\\\/dirtyandhappy.com\\\/sv\\\/juridisk-meddelande\\\/#organizationLogo\"},\"sameAs\":[\"https:\\\/\\\/www.facebook.com\\\/dirtyandhappy\\\/\",\"https:\\\/\\\/www.instagram.com\\\/dirtyandhappy\\\/\"],\"address\":{\"@id\":\"https:\\\/\\\/dirtyandhappy.com\\\/sv\\\/#postaladdress\",\"@type\":\"PostalAddress\",\"streetAddress\":\"Partida La Rafaela, Pol\\u00edgono 1, 9A, Junto a Range Golf\",\"postalCode\":\"03187\",\"addressLocality\":\"Los Montesinos\",\"addressRegion\":\"Alicante\",\"addressCountry\":\"ES\"}},{\"@type\":\"WebPage\",\"@id\":\"https:\\\/\\\/dirtyandhappy.com\\\/sv\\\/juridisk-meddelande\\\/#webpage\",\"url\":\"https:\\\/\\\/dirtyandhappy.com\\\/sv\\\/juridisk-meddelande\\\/\",\"name\":\"JURIDISK MEDDELANDE. | Dirty and Happy\",\"description\":\"JURIDISK MEDDELANDE. Dessa allm\\u00e4nna villkor reglerar anv\\u00e4ndningen och tillg\\u00e5ngen till webbplatsen eller internettj\\u00e4nsten Dirty and Happy, S.L. (h\\u00e4danefter Dirty and Happy) med registrerat kontor p\\u00e5 Los Montesinos - Benijofar road, Partida La Rafaela, Pol\\u00edgono 1, 03187 Los Montesinos, NIF B42574350, registrerat i Commercial Registry of Alicante, volym 3639, folio 831, sida 8396 A-, sid. g\\u00f6r\",\"inLanguage\":\"sv-SE\",\"isPartOf\":{\"@id\":\"https:\\\/\\\/dirtyandhappy.com\\\/sv\\\/#website\"},\"breadcrumb\":{\"@id\":\"https:\\\/\\\/dirtyandhappy.com\\\/sv\\\/juridisk-meddelande\\\/#breadcrumblist\"},\"datePublished\":\"2024-08-26T18:01:33+00:00\",\"dateModified\":\"2025-07-13T08:37:31+00:00\"},{\"@type\":\"WebSite\",\"@id\":\"https:\\\/\\\/dirtyandhappy.com\\\/sv\\\/#website\",\"url\":\"https:\\\/\\\/dirtyandhappy.com\\\/sv\\\/\",\"name\":\"Dirty and Happy\",\"alternateName\":\"Residencia canina\",\"description\":\"Residencia canina. Adiestramiento\",\"inLanguage\":\"sv-SE\",\"publisher\":{\"@id\":\"https:\\\/\\\/dirtyandhappy.com\\\/sv\\\/#organization\"}}]}\n\t\t<\/script>\n\t\t<!-- All in One SEO Pro -->\r\n\t\t<title>JURIDISK MEDDELANDE. | Dirty and Happy<\/title>\n\n","aioseo_head_json":{"title":"JURIDISK MEDDELANDE. | Dirty and Happy","description":"JURIDISK MEDDELANDE. Dessa allm\u00e4nna villkor reglerar anv\u00e4ndningen och tillg\u00e5ngen till webbplatsen eller internettj\u00e4nsten Dirty and Happy, S.L. (h\u00e4danefter Dirty and Happy) med registrerat kontor p\u00e5 Los Montesinos - Benijofar road, Partida La Rafaela, Pol\u00edgono 1, 03187 Los Montesinos, NIF B42574350, registrerat i Commercial Registry of Alicante, volym 3639, folio 831, sida 8396 A-, sid. g\u00f6r","canonical_url":"https:\/\/dirtyandhappy.com\/sv\/juridisk-meddelande\/","robots":"noindex, max-image-preview:large","keywords":"","webmasterTools":{"google-site-verification":"eRx9P9XaHEvjjwSYuiIo2O_vTucpXD0iLB4m5-bocOQ","msvalidate.01":"228548E5EC703201CDE40CC79FFBCBD3","p:domain_verify":"2e9c50a15ed7d8596fe7e1c1cec5e2a8","miscellaneous":""},"schema":{"@context":"https:\/\/schema.org","@graph":[{"@type":"BreadcrumbList","@id":"https:\/\/dirtyandhappy.com\/sv\/juridisk-meddelande\/#breadcrumblist","itemListElement":[{"@type":"ListItem","@id":"https:\/\/dirtyandhappy.com\/sv\/#listItem","position":1,"name":"Home","item":"https:\/\/dirtyandhappy.com\/sv\/","nextItem":{"@type":"ListItem","@id":"https:\/\/dirtyandhappy.com\/sv\/juridisk-meddelande\/#listItem","name":"JURIDISK MEDDELANDE."}},{"@type":"ListItem","@id":"https:\/\/dirtyandhappy.com\/sv\/juridisk-meddelande\/#listItem","position":2,"name":"JURIDISK MEDDELANDE.","previousItem":{"@type":"ListItem","@id":"https:\/\/dirtyandhappy.com\/sv\/#listItem","name":"Home"}}]},{"@type":"Organization","@id":"https:\/\/dirtyandhappy.com\/sv\/#organization","name":"Dirty and Happy. Centro canino","description":"Residencia canina. Adiestramiento","url":"https:\/\/dirtyandhappy.com\/sv\/","email":"info@dirtyandhappy.com","telephone":"+34966063577","foundingDate":"2018-07-01","numberOfEmployees":{"@type":"QuantitativeValue","value":2},"logo":{"@type":"ImageObject","url":"https:\/\/dirtyandhappy.com\/wp-content\/uploads\/2024\/01\/dirty-and-happy_mini.png","@id":"https:\/\/dirtyandhappy.com\/sv\/juridisk-meddelande\/#organizationLogo","width":162,"height":165,"caption":"Logo de Dirty and Happy"},"image":{"@id":"https:\/\/dirtyandhappy.com\/sv\/juridisk-meddelande\/#organizationLogo"},"sameAs":["https:\/\/www.facebook.com\/dirtyandhappy\/","https:\/\/www.instagram.com\/dirtyandhappy\/"],"address":{"@id":"https:\/\/dirtyandhappy.com\/sv\/#postaladdress","@type":"PostalAddress","streetAddress":"Partida La Rafaela, Pol\u00edgono 1, 9A, Junto a Range Golf","postalCode":"03187","addressLocality":"Los Montesinos","addressRegion":"Alicante","addressCountry":"ES"}},{"@type":"WebPage","@id":"https:\/\/dirtyandhappy.com\/sv\/juridisk-meddelande\/#webpage","url":"https:\/\/dirtyandhappy.com\/sv\/juridisk-meddelande\/","name":"JURIDISK MEDDELANDE. | Dirty and Happy","description":"JURIDISK MEDDELANDE. Dessa allm\u00e4nna villkor reglerar anv\u00e4ndningen och tillg\u00e5ngen till webbplatsen eller internettj\u00e4nsten Dirty and Happy, S.L. (h\u00e4danefter Dirty and Happy) med registrerat kontor p\u00e5 Los Montesinos - Benijofar road, Partida La Rafaela, Pol\u00edgono 1, 03187 Los Montesinos, NIF B42574350, registrerat i Commercial Registry of Alicante, volym 3639, folio 831, sida 8396 A-, sid. g\u00f6r","inLanguage":"sv-SE","isPartOf":{"@id":"https:\/\/dirtyandhappy.com\/sv\/#website"},"breadcrumb":{"@id":"https:\/\/dirtyandhappy.com\/sv\/juridisk-meddelande\/#breadcrumblist"},"datePublished":"2024-08-26T18:01:33+00:00","dateModified":"2025-07-13T08:37:31+00:00"},{"@type":"WebSite","@id":"https:\/\/dirtyandhappy.com\/sv\/#website","url":"https:\/\/dirtyandhappy.com\/sv\/","name":"Dirty and Happy","alternateName":"Residencia canina","description":"Residencia canina. Adiestramiento","inLanguage":"sv-SE","publisher":{"@id":"https:\/\/dirtyandhappy.com\/sv\/#organization"}}]},"og:locale":"sv_SE","og:site_name":"Dirty and Happy \u2022 Residencia canina. Adiestramiento","og:type":"article","og:title":"JURIDISK MEDDELANDE. | Dirty and Happy","og:description":"JURIDISK MEDDELANDE. Dessa allm\u00e4nna villkor reglerar anv\u00e4ndningen och tillg\u00e5ngen till webbplatsen eller internettj\u00e4nsten Dirty and Happy, S.L. (h\u00e4danefter Dirty and Happy) med registrerat kontor p\u00e5 Los Montesinos - Benijofar road, Partida La Rafaela, Pol\u00edgono 1, 03187 Los Montesinos, NIF B42574350, registrerat i Commercial Registry of Alicante, volym 3639, folio 831, sida 8396 A-, sid. g\u00f6r","og:url":"https:\/\/dirtyandhappy.com\/sv\/juridisk-meddelande\/","fb:app_id":"1458076274562272","fb:admins":"440101459341122","og:image":"https:\/\/dirtyandhappy.com\/wp-content\/uploads\/2024\/01\/dirty-and-happy_mini.png","og:image:secure_url":"https:\/\/dirtyandhappy.com\/wp-content\/uploads\/2024\/01\/dirty-and-happy_mini.png","og:image:width":162,"og:image:height":165,"article:published_time":"2024-08-26T18:01:33+00:00","article:modified_time":"2025-07-13T08:37:31+00:00","article:publisher":"https:\/\/www.facebook.com\/dirtyandhappy\/"},"aioseo_meta_data":{"post_id":"5670","title":null,"description":null,"keywords":null,"keyphrases":null,"primary_term":null,"canonical_url":null,"og_title":null,"og_description":null,"og_object_type":"default","og_image_type":"default","og_image_url":null,"og_image_width":null,"og_image_height":null,"og_image_custom_url":null,"og_image_custom_fields":null,"og_video":null,"og_custom_url":null,"og_article_section":null,"og_article_tags":null,"twitter_use_og":false,"twitter_card":"default","twitter_image_type":"default","twitter_image_url":null,"twitter_image_custom_url":null,"twitter_image_custom_fields":null,"twitter_title":null,"twitter_description":null,"schema":{"blockGraphs":[],"customGraphs":[],"default":{"data":{"Article":[],"Course":[],"Dataset":[],"FAQPage":[],"Movie":[],"Person":[],"Product":[],"ProductReview":[],"Car":[],"Recipe":[],"Service":[],"SoftwareApplication":[],"WebPage":[]},"graphName":"","isEnabled":true},"graphs":[]},"schema_type":null,"schema_type_options":null,"pillar_content":false,"robots_default":false,"robots_noindex":true,"robots_noarchive":false,"robots_nosnippet":false,"robots_nofollow":false,"robots_noimageindex":false,"robots_noodp":false,"robots_notranslate":false,"robots_max_snippet":null,"robots_max_videopreview":null,"robots_max_imagepreview":"large","priority":null,"frequency":null,"location":null,"local_seo":null,"seo_analyzer_scan_date":"2026-04-08 09:02:34","breadcrumb_settings":null,"limit_modified_date":false,"reviewed_by":null,"open_ai":null,"ai":null,"created":"2024-08-26 18:01:33","updated":"2026-04-08 09:02:34"},"aioseo_breadcrumb":"<div class=\"aioseo-breadcrumbs\"><span class=\"aioseo-breadcrumb\">\n\t<a href=\"https:\/\/dirtyandhappy.com\/sv\/\" title=\"Home\">Home<\/a>\n<\/span><span class=\"aioseo-breadcrumb-separator\">\u00bb<\/span><span class=\"aioseo-breadcrumb\">\n\tJURIDISK MEDDELANDE.\n<\/span><\/div>","aioseo_breadcrumb_json":[{"label":"Home","link":"https:\/\/dirtyandhappy.com\/sv\/"},{"label":"JURIDISK MEDDELANDE.","link":"https:\/\/dirtyandhappy.com\/sv\/juridisk-meddelande\/"}],"jetpack_sharing_enabled":true,"_links":{"self":[{"href":"https:\/\/dirtyandhappy.com\/sv\/wp-json\/wp\/v2\/pages\/5670","targetHints":{"allow":["GET"]}}],"collection":[{"href":"https:\/\/dirtyandhappy.com\/sv\/wp-json\/wp\/v2\/pages"}],"about":[{"href":"https:\/\/dirtyandhappy.com\/sv\/wp-json\/wp\/v2\/types\/page"}],"author":[{"embeddable":true,"href":"https:\/\/dirtyandhappy.com\/sv\/wp-json\/wp\/v2\/users\/1"}],"replies":[{"embeddable":true,"href":"https:\/\/dirtyandhappy.com\/sv\/wp-json\/wp\/v2\/comments?post=5670"}],"version-history":[{"count":0,"href":"https:\/\/dirtyandhappy.com\/sv\/wp-json\/wp\/v2\/pages\/5670\/revisions"}],"wp:attachment":[{"href":"https:\/\/dirtyandhappy.com\/sv\/wp-json\/wp\/v2\/media?parent=5670"}],"curies":[{"name":"wp","href":"https:\/\/api.w.org\/{rel}","templated":true}]}}