{"id":5671,"date":"2024-08-26T18:03:31","date_gmt":"2024-08-26T18:03:31","guid":{"rendered":"https:\/\/dirtyandhappy.com\/sekretesspolicy\/"},"modified":"2026-05-01T18:11:15","modified_gmt":"2026-05-01T18:11:15","slug":"sekretesspolicy","status":"publish","type":"page","link":"https:\/\/dirtyandhappy.com\/sv\/sekretesspolicy\/","title":{"rendered":"Sekretesspolicy"},"content":{"rendered":"<p>Sekretesspolicy.<br \/>\nDetta dokument p\u00e5verkar den databehandling som utf\u00f6rs av Dirty and Happy, S.L.<\/p>\n<p>Registrering eller registrering som anv\u00e4ndare av Dirty and Happy inneb\u00e4r ett uttryckligt godk\u00e4nnande av v\u00e5r integritetspolicy. Detta dokument reglerar behandlingen av v\u00e5ra anv\u00e4ndares personuppgifter, \u00e5tkomstkoderna till tj\u00e4nsten och de s\u00e4kerhets\u00e5tg\u00e4rder som genomf\u00f6rs som f\u00f6rhindrar \u00e5tkomst, \u00e4ndring eller radering av v\u00e5ra filer av obeh\u00f6riga.<\/p>\n<p>N\u00e4mnda behandling kommer att regleras av best\u00e4mmelserna i EU:s allm\u00e4nna dataskyddsf\u00f6rordning 2016\/679 fr\u00e5n Europaparlamentet och r\u00e5det av den 27 april 2016, som avser skydd av fysiska personer med avseende p\u00e5 behandling av personuppgifter och fri r\u00f6rlighet f\u00f6r dessa uppgifter och som upph\u00e4ver direktiv 95\/46\/EG.<\/p>\n<p>F\u00f6ljande information finns i data som samlats in av Dirty and Happy:<\/p>\n<p>\u2022 Personuppgifter som ditt namn, efternamn, NIF, fysisk adress och e-postadress, telefonnummer till kontakt och information om ditt husdjur.<\/p>\n<p>\u2022 Information om de transaktioner du utf\u00f6r med oss \u200b\u200boch anv\u00e4ndningen av de tj\u00e4nster vi erbjuder, inklusive fr\u00e5gor eller f\u00f6rslag som tas emot via v\u00e5ra kontaktsidor, registrering av aktiviteterna i loggarna p\u00e5 v\u00e5ra servrar och l\u00e4mnar ett register \u00f6ver konfigurationen av din webbl\u00e4sare och IP-adress fr\u00e5n vilken du kommer \u00e5t och de sidor som efterfr\u00e5gas.<\/p>\n<p>\u2022 Sessionscookies (n\u00e4r du loggar in p\u00e5 systemet kommer vi att spara en cookie p\u00e5 din dator f\u00f6r att h\u00e5lla \u00e5tkomsten \u00f6ppen, utan att den behandlas annorlunda eller bibeh\u00e5lls n\u00e4r sessionen \u00e4r st\u00e4ngd) och analyscookies (anv\u00e4ndarens ursprung vid registreringen ). I vilket fall som helst kan du konfigurera din webbl\u00e4sare f\u00f6r att ta bort denna typ av sp\u00e5r.<\/p>\n<p>Dirty and Happy samlar endast in de uppgifter som \u00e4r n\u00f6dv\u00e4ndiga f\u00f6r att korrekt kunna erbjuda de \u00f6nskade tj\u00e4nsterna. Dina uppgifter kan anv\u00e4ndas f\u00f6r f\u00f6ljande \u00e4ndam\u00e5l:<\/p>\n<p>\u2022 F\u00f6r att kunna behandla registrering f\u00f6r tj\u00e4nster, f\u00f6r bes\u00f6k, fr\u00e5gor, tvivel eller f\u00f6rslag eller l\u00f6sning av incidenter relaterade till v\u00e5ra tj\u00e4nster.<\/p>\n<p>\u2022 F\u00f6r att kunna kontakta dig vid incidenter g\u00e4llande dina personuppgifter och kommunikation samt eventuell hantering, samt analysera anv\u00e4ndnings- och fr\u00e5gestatistik samt tillhandah\u00e5lla anonyma interna rapporter.<\/p>\n<p>\u2022 F\u00f6r att kunna skicka dig, n\u00e4rhelst det \u00e4r absolut n\u00f6dv\u00e4ndigt f\u00f6r att de avtalade tj\u00e4nsterna ska fungera korrekt, eller n\u00e4r du uttryckligen beg\u00e4r det, kommunikation, bulletiner eller nyhetsbrev ang\u00e5ende v\u00e5ra produkter eller tj\u00e4nster.<\/p>\n<p>\u2022 F\u00f6r att f\u00f6rb\u00e4ttra v\u00e5ra tj\u00e4nster. Bevarande av data De personliga uppgifterna som l\u00e4mnas kommer att sparas s\u00e5 l\u00e4nge som det kommersiella f\u00f6rh\u00e5llandet uppr\u00e4tth\u00e5lls och raderingen inte beg\u00e4rs av den ber\u00f6rda parten.<\/p>\n<p>Efter att ha avbrutit tj\u00e4nsten kommer uppgifterna att sparas i 8 \u00e5r efter avtalets slut, i enlighet med civillagen och skattereglerna.<\/p>\n<p>Smutsig och glad, S.L. Den \u00f6verf\u00f6r inte sina anv\u00e4ndares data till tredje part utom genom juridisk skyldighet. I h\u00e4ndelse av att registreringen f\u00f6r Dirty and Happy-tj\u00e4nster har tillhandah\u00e5llits av en kommersiell agent kommer uppgifterna att vara tillg\u00e4ngliga f\u00f6r n\u00e4mnda agent. Anv\u00e4ndaren har m\u00f6jlighet att blockera \u00e5tkomst till handelsagenten. Datorundersystemen f\u00f6r datalagring och samtals\u00f6verf\u00f6ring som anv\u00e4nds av Dirty and Happy, S.L. De kan l\u00e4ggas ut p\u00e5 underleverant\u00f6rer till f\u00f6retag som tillhandah\u00e5ller datortj\u00e4nster i Europa eller USA och \u00e4r d\u00e4rf\u00f6r f\u00f6rem\u00e5l f\u00f6r dataskyddsbest\u00e4mmelserna i motsvarande lagstiftning i varje fall och \u00f6gonblick; till exempel Amazon Web Services (AWS).<\/p>\n<p>I h\u00e4ndelse av ett eventuellt dataskyddsbrott, v\u00e4nligen meddela oss omedelbart via info@dirtyandhappy.com enligt protokollet fr\u00e5n Dirty and Happy S.L. vid ett eventuellt dataskyddsbrott. N\u00e4rhelst du beh\u00f6ver det kan du kontakta oss f\u00f6r att ut\u00f6va dina r\u00e4ttigheter till \u00e5tkomst, r\u00e4ttelse, portabilitet, radering, begr\u00e4nsning och inv\u00e4ndning mot behandlingen av dina uppgifter, med de villkor och begr\u00e4nsningar som fastst\u00e4lls i till\u00e4mpliga regler. Varje person har r\u00e4tt att f\u00e5 bekr\u00e4ftelse p\u00e5 huruvida Dirty and Happy, S.L. utf\u00f6r all behandling av dina personuppgifter. Om s\u00e5 \u00e4r fallet kan du komma \u00e5t denna data, redigera den och beg\u00e4ra att den \u00f6verf\u00f6rs till dig snabbt. Om informationen i v\u00e5ra filer \u00e4r felaktig kan du \u00e4ndra den direkt eller kontakta oss om du inte kan. Under vissa omst\u00e4ndigheter kan ber\u00f6rda parter beg\u00e4ra begr\u00e4nsning av behandlingen av deras uppgifter, mots\u00e4tta sig behandlingen eller beg\u00e4ra att deras uppgifter raderas, i vilket fall de endast kommer att bevaras f\u00f6r att ut\u00f6va eller f\u00f6rsvara anspr\u00e5k eller av tvingande legitima sk\u00e4l . Vi str\u00e4var efter att skydda dina uppgifter, f\u00f6rhindra att de raderas av misstag eller avsiktligt av tredje part. N\u00e4r den har avbrutits kommer anv\u00e4ndarens personuppgifter att f\u00f6rbli vederb\u00f6rligen blockerade under de lagligt fastst\u00e4llda perioderna f\u00f6r avgr\u00e4nsning av motsvarande ansvar. Personuppgiftsansvarig Tveka inte att kontakta oss om du har fr\u00e5gor om dina r\u00e4ttigheter eller behandlingen av dina personuppgifter.<\/p>\n<p>\u2022 Ansvarig f\u00f6r databehandling: Dirty and Happy, S.L. \u2022 NIF: B42574350<br \/>\n\u2022 Adress: Partida la Rafaela, Pol\u00edgono 1- 03187 Los Montesinos.<br \/>\n\u2022 Telefon: 966 063 577 \u2022 E-post: info@dirtyandhappy.com<\/p>\n","protected":false},"excerpt":{"rendered":"<p>Sekretesspolicy. Detta dokument p\u00e5verkar den databehandling som utf\u00f6rs av Dirty and Happy, S.L. Registrering eller registrering som anv\u00e4ndare av Dirty and Happy inneb\u00e4r ett uttryckligt godk\u00e4nnande av v\u00e5r integritetspolicy. Detta dokument reglerar behandlingen av v\u00e5ra anv\u00e4ndares personuppgifter, \u00e5tkomstkoderna till tj\u00e4nsten och de s\u00e4kerhets\u00e5tg\u00e4rder som genomf\u00f6rs som f\u00f6rhindrar \u00e5tkomst, \u00e4ndring eller radering av v\u00e5ra filer av [&hellip;]<\/p>\n","protected":false},"author":1,"featured_media":0,"parent":0,"menu_order":28,"comment_status":"closed","ping_status":"closed","template":"","meta":{"_monsterinsights_skip_tracking":false,"_monsterinsights_sitenote_active":false,"_monsterinsights_sitenote_note":"","_monsterinsights_sitenote_category":0,"_uf_show_specific_survey":0,"_uf_disable_surveys":false,"ocean_post_layout":"","ocean_both_sidebars_style":"","ocean_both_sidebars_content_width":0,"ocean_both_sidebars_sidebars_width":0,"ocean_sidebar":"0","ocean_second_sidebar":"0","ocean_disable_margins":"enable","ocean_add_body_class":"","ocean_shortcode_before_top_bar":"","ocean_shortcode_after_top_bar":"","ocean_shortcode_before_header":"","ocean_shortcode_after_header":"","ocean_has_shortcode":"","ocean_shortcode_after_title":"","ocean_shortcode_before_footer_widgets":"","ocean_shortcode_after_footer_widgets":"","ocean_shortcode_before_footer_bottom":"","ocean_shortcode_after_footer_bottom":"","ocean_display_top_bar":"default","ocean_display_header":"default","ocean_header_style":"","ocean_center_header_left_menu":"0","ocean_custom_header_template":"0","ocean_custom_logo":0,"ocean_custom_retina_logo":0,"ocean_custom_logo_max_width":0,"ocean_custom_logo_tablet_max_width":0,"ocean_custom_logo_mobile_max_width":0,"ocean_custom_logo_max_height":0,"ocean_custom_logo_tablet_max_height":0,"ocean_custom_logo_mobile_max_height":0,"ocean_header_custom_menu":"0","ocean_menu_typo_font_family":"0","ocean_menu_typo_font_subset":"","ocean_menu_typo_font_size":0,"ocean_menu_typo_font_size_tablet":0,"ocean_menu_typo_font_size_mobile":0,"ocean_menu_typo_font_size_unit":"px","ocean_menu_typo_font_weight":"","ocean_menu_typo_font_weight_tablet":"","ocean_menu_typo_font_weight_mobile":"","ocean_menu_typo_transform":"","ocean_menu_typo_transform_tablet":"","ocean_menu_typo_transform_mobile":"","ocean_menu_typo_line_height":0,"ocean_menu_typo_line_height_tablet":0,"ocean_menu_typo_line_height_mobile":0,"ocean_menu_typo_line_height_unit":"","ocean_menu_typo_spacing":0,"ocean_menu_typo_spacing_tablet":0,"ocean_menu_typo_spacing_mobile":0,"ocean_menu_typo_spacing_unit":"","ocean_menu_link_color":"","ocean_menu_link_color_hover":"","ocean_menu_link_color_active":"","ocean_menu_link_background":"","ocean_menu_link_hover_background":"","ocean_menu_link_active_background":"","ocean_menu_social_links_bg":"","ocean_menu_social_hover_links_bg":"","ocean_menu_social_links_color":"","ocean_menu_social_hover_links_color":"","ocean_disable_title":"default","ocean_disable_heading":"default","ocean_post_title":"","ocean_post_subheading":"","ocean_post_title_style":"","ocean_post_title_background_color":"","ocean_post_title_background":0,"ocean_post_title_bg_image_position":"","ocean_post_title_bg_image_attachment":"","ocean_post_title_bg_image_repeat":"","ocean_post_title_bg_image_size":"","ocean_post_title_height":0,"ocean_post_title_bg_overlay":0.5,"ocean_post_title_bg_overlay_color":"","ocean_disable_breadcrumbs":"default","ocean_breadcrumbs_color":"","ocean_breadcrumbs_separator_color":"","ocean_breadcrumbs_links_color":"","ocean_breadcrumbs_links_hover_color":"","ocean_display_footer_widgets":"default","ocean_display_footer_bottom":"default","ocean_custom_footer_template":"0","osh_disable_topbar_sticky":"default","osh_disable_header_sticky":"default","osh_sticky_header_style":"default","osh_sticky_header_effect":"","osh_custom_sticky_logo":0,"osh_custom_retina_sticky_logo":0,"osh_custom_sticky_logo_height":0,"osh_background_color":"","osh_links_color":"","osh_links_hover_color":"","osh_links_active_color":"","osh_links_bg_color":"","osh_links_hover_bg_color":"","osh_links_active_bg_color":"","osh_menu_social_links_color":"","osh_menu_social_hover_links_color":"","footnotes":""},"class_list":["post-5671","page","type-page","status-publish","hentry","entry"],"aioseo_notices":[],"aioseo_head":"\n\t\t<!-- All in One SEO Pro 4.9.6.2 - aioseo.com -->\n\t<meta name=\"description\" content=\"Sekretesspolicy. Detta dokument p\u00e5verkar den databehandling som utf\u00f6rs av Dirty and Happy, S.L. Registrering eller registrering som anv\u00e4ndare av Dirty and Happy inneb\u00e4r ett uttryckligt godk\u00e4nnande av v\u00e5r integritetspolicy. Detta dokument reglerar behandlingen av v\u00e5ra anv\u00e4ndares personuppgifter, \u00e5tkomstkoderna till tj\u00e4nsten och de s\u00e4kerhets\u00e5tg\u00e4rder som genomf\u00f6rs som f\u00f6rhindrar \u00e5tkomst, \u00e4ndring eller radering av v\u00e5ra filer av\" \/>\n\t<meta name=\"robots\" content=\"noindex, max-snippet:-1, max-image-preview:large, max-video-preview:-1\" \/>\n\t<meta name=\"google-site-verification\" content=\"eRx9P9XaHEvjjwSYuiIo2O_vTucpXD0iLB4m5-bocOQ\" \/>\n\t<meta name=\"msvalidate.01\" content=\"228548E5EC703201CDE40CC79FFBCBD3\" \/>\n\t<meta name=\"p:domain_verify\" content=\"2e9c50a15ed7d8596fe7e1c1cec5e2a8\" \/>\n\t<link rel=\"canonical\" href=\"https:\/\/dirtyandhappy.com\/sv\/sekretesspolicy\/\" \/>\n\t<meta name=\"generator\" content=\"All in One SEO Pro (AIOSEO) 4.9.6.2\" \/>\n\t\t<meta property=\"og:locale\" content=\"sv_SE\" \/>\n\t\t<meta property=\"og:site_name\" content=\"Dirty and Happy \u2022 Pet hotel and doggy day care\" \/>\n\t\t<meta property=\"og:type\" content=\"article\" \/>\n\t\t<meta property=\"og:title\" content=\"Sekretesspolicy | Dirty and Happy\" \/>\n\t\t<meta property=\"og:description\" content=\"Sekretesspolicy. Detta dokument p\u00e5verkar den databehandling som utf\u00f6rs av Dirty and Happy, S.L. Registrering eller registrering som anv\u00e4ndare av Dirty and Happy inneb\u00e4r ett uttryckligt godk\u00e4nnande av v\u00e5r integritetspolicy. Detta dokument reglerar behandlingen av v\u00e5ra anv\u00e4ndares personuppgifter, \u00e5tkomstkoderna till tj\u00e4nsten och de s\u00e4kerhets\u00e5tg\u00e4rder som genomf\u00f6rs som f\u00f6rhindrar \u00e5tkomst, \u00e4ndring eller radering av v\u00e5ra filer av\" \/>\n\t\t<meta property=\"og:url\" content=\"https:\/\/dirtyandhappy.com\/sv\/sekretesspolicy\/\" \/>\n\t\t<meta property=\"fb:app_id\" content=\"1458076274562272\" \/>\n\t\t<meta property=\"fb:admins\" content=\"440101459341122\" \/>\n\t\t<meta property=\"og:image\" content=\"https:\/\/dirtyandhappy.com\/wp-content\/uploads\/2024\/01\/dirty-and-happy_mini.png\" \/>\n\t\t<meta property=\"og:image:secure_url\" content=\"https:\/\/dirtyandhappy.com\/wp-content\/uploads\/2024\/01\/dirty-and-happy_mini.png\" \/>\n\t\t<meta property=\"og:image:width\" content=\"162\" \/>\n\t\t<meta property=\"og:image:height\" content=\"165\" \/>\n\t\t<meta property=\"article:published_time\" content=\"2024-08-26T18:03:31+00:00\" \/>\n\t\t<meta property=\"article:modified_time\" content=\"2026-05-01T18:11:15+00:00\" \/>\n\t\t<meta property=\"article:publisher\" content=\"https:\/\/www.facebook.com\/dirtyandhappy\/\" \/>\n\t\t<script type=\"application\/ld+json\" class=\"aioseo-schema\">\n\t\t\t{\"@context\":\"https:\\\/\\\/schema.org\",\"@graph\":[{\"@type\":\"BreadcrumbList\",\"@id\":\"https:\\\/\\\/dirtyandhappy.com\\\/sv\\\/sekretesspolicy\\\/#breadcrumblist\",\"itemListElement\":[{\"@type\":\"ListItem\",\"@id\":\"https:\\\/\\\/dirtyandhappy.com\\\/sv\\\/#listItem\",\"position\":1,\"name\":\"Home\",\"item\":\"https:\\\/\\\/dirtyandhappy.com\\\/sv\\\/\",\"nextItem\":{\"@type\":\"ListItem\",\"@id\":\"https:\\\/\\\/dirtyandhappy.com\\\/sv\\\/sekretesspolicy\\\/#listItem\",\"name\":\"Sekretesspolicy\"}},{\"@type\":\"ListItem\",\"@id\":\"https:\\\/\\\/dirtyandhappy.com\\\/sv\\\/sekretesspolicy\\\/#listItem\",\"position\":2,\"name\":\"Sekretesspolicy\",\"previousItem\":{\"@type\":\"ListItem\",\"@id\":\"https:\\\/\\\/dirtyandhappy.com\\\/sv\\\/#listItem\",\"name\":\"Home\"}}]},{\"@type\":\"Organization\",\"@id\":\"https:\\\/\\\/dirtyandhappy.com\\\/sv\\\/#organization\",\"name\":\"Dirty and Happy. Centro canino\",\"description\":\"Pet hotel and doggy day care\",\"url\":\"https:\\\/\\\/dirtyandhappy.com\\\/sv\\\/\",\"email\":\"info@dirtyandhappy.com\",\"telephone\":\"+34966063577\",\"foundingDate\":\"2018-07-01\",\"numberOfEmployees\":{\"@type\":\"QuantitativeValue\",\"value\":2},\"logo\":{\"@type\":\"ImageObject\",\"url\":\"https:\\\/\\\/dirtyandhappy.com\\\/wp-content\\\/uploads\\\/2024\\\/01\\\/dirty-and-happy_mini.png\",\"@id\":\"https:\\\/\\\/dirtyandhappy.com\\\/sv\\\/sekretesspolicy\\\/#organizationLogo\",\"width\":162,\"height\":165,\"caption\":\"Logo de Dirty and Happy\"},\"image\":{\"@id\":\"https:\\\/\\\/dirtyandhappy.com\\\/sv\\\/sekretesspolicy\\\/#organizationLogo\"},\"sameAs\":[\"https:\\\/\\\/www.facebook.com\\\/dirtyandhappy\\\/\",\"https:\\\/\\\/www.instagram.com\\\/dirtyandhappy\\\/\"],\"address\":{\"@id\":\"https:\\\/\\\/dirtyandhappy.com\\\/sv\\\/#postaladdress\",\"@type\":\"PostalAddress\",\"streetAddress\":\"Partida La Rafaela, Pol\\u00edgono 1, 9A, Junto a Range Golf\",\"postalCode\":\"03187\",\"addressLocality\":\"Los Montesinos\",\"addressRegion\":\"Alicante\",\"addressCountry\":\"ES\"}},{\"@type\":\"WebPage\",\"@id\":\"https:\\\/\\\/dirtyandhappy.com\\\/sv\\\/sekretesspolicy\\\/#webpage\",\"url\":\"https:\\\/\\\/dirtyandhappy.com\\\/sv\\\/sekretesspolicy\\\/\",\"name\":\"Sekretesspolicy | Dirty and Happy\",\"description\":\"Sekretesspolicy. Detta dokument p\\u00e5verkar den databehandling som utf\\u00f6rs av Dirty and Happy, S.L. Registrering eller registrering som anv\\u00e4ndare av Dirty and Happy inneb\\u00e4r ett uttryckligt godk\\u00e4nnande av v\\u00e5r integritetspolicy. Detta dokument reglerar behandlingen av v\\u00e5ra anv\\u00e4ndares personuppgifter, \\u00e5tkomstkoderna till tj\\u00e4nsten och de s\\u00e4kerhets\\u00e5tg\\u00e4rder som genomf\\u00f6rs som f\\u00f6rhindrar \\u00e5tkomst, \\u00e4ndring eller radering av v\\u00e5ra filer av\",\"inLanguage\":\"sv-SE\",\"isPartOf\":{\"@id\":\"https:\\\/\\\/dirtyandhappy.com\\\/sv\\\/#website\"},\"breadcrumb\":{\"@id\":\"https:\\\/\\\/dirtyandhappy.com\\\/sv\\\/sekretesspolicy\\\/#breadcrumblist\"},\"datePublished\":\"2024-08-26T18:03:31+00:00\",\"dateModified\":\"2026-05-01T18:11:15+00:00\"},{\"@type\":\"WebSite\",\"@id\":\"https:\\\/\\\/dirtyandhappy.com\\\/sv\\\/#website\",\"url\":\"https:\\\/\\\/dirtyandhappy.com\\\/sv\\\/\",\"name\":\"Dirty and Happy\",\"alternateName\":\"Residencia canina\",\"description\":\"Pet hotel and doggy day care\",\"inLanguage\":\"sv-SE\",\"publisher\":{\"@id\":\"https:\\\/\\\/dirtyandhappy.com\\\/sv\\\/#organization\"}}]}\n\t\t<\/script>\n\t\t<!-- All in One SEO Pro -->\r\n\t\t<title>Sekretesspolicy | Dirty and Happy<\/title>\n\n","aioseo_head_json":{"title":"Sekretesspolicy | Dirty and Happy","description":"Sekretesspolicy. Detta dokument p\u00e5verkar den databehandling som utf\u00f6rs av Dirty and Happy, S.L. Registrering eller registrering som anv\u00e4ndare av Dirty and Happy inneb\u00e4r ett uttryckligt godk\u00e4nnande av v\u00e5r integritetspolicy. Detta dokument reglerar behandlingen av v\u00e5ra anv\u00e4ndares personuppgifter, \u00e5tkomstkoderna till tj\u00e4nsten och de s\u00e4kerhets\u00e5tg\u00e4rder som genomf\u00f6rs som f\u00f6rhindrar \u00e5tkomst, \u00e4ndring eller radering av v\u00e5ra filer av","canonical_url":"https:\/\/dirtyandhappy.com\/sv\/sekretesspolicy\/","robots":"noindex, max-snippet:-1, max-image-preview:large, max-video-preview:-1","keywords":"","webmasterTools":{"google-site-verification":"eRx9P9XaHEvjjwSYuiIo2O_vTucpXD0iLB4m5-bocOQ","msvalidate.01":"228548E5EC703201CDE40CC79FFBCBD3","p:domain_verify":"2e9c50a15ed7d8596fe7e1c1cec5e2a8","miscellaneous":""},"schema":{"@context":"https:\/\/schema.org","@graph":[{"@type":"BreadcrumbList","@id":"https:\/\/dirtyandhappy.com\/sv\/sekretesspolicy\/#breadcrumblist","itemListElement":[{"@type":"ListItem","@id":"https:\/\/dirtyandhappy.com\/sv\/#listItem","position":1,"name":"Home","item":"https:\/\/dirtyandhappy.com\/sv\/","nextItem":{"@type":"ListItem","@id":"https:\/\/dirtyandhappy.com\/sv\/sekretesspolicy\/#listItem","name":"Sekretesspolicy"}},{"@type":"ListItem","@id":"https:\/\/dirtyandhappy.com\/sv\/sekretesspolicy\/#listItem","position":2,"name":"Sekretesspolicy","previousItem":{"@type":"ListItem","@id":"https:\/\/dirtyandhappy.com\/sv\/#listItem","name":"Home"}}]},{"@type":"Organization","@id":"https:\/\/dirtyandhappy.com\/sv\/#organization","name":"Dirty and Happy. Centro canino","description":"Pet hotel and doggy day care","url":"https:\/\/dirtyandhappy.com\/sv\/","email":"info@dirtyandhappy.com","telephone":"+34966063577","foundingDate":"2018-07-01","numberOfEmployees":{"@type":"QuantitativeValue","value":2},"logo":{"@type":"ImageObject","url":"https:\/\/dirtyandhappy.com\/wp-content\/uploads\/2024\/01\/dirty-and-happy_mini.png","@id":"https:\/\/dirtyandhappy.com\/sv\/sekretesspolicy\/#organizationLogo","width":162,"height":165,"caption":"Logo de Dirty and Happy"},"image":{"@id":"https:\/\/dirtyandhappy.com\/sv\/sekretesspolicy\/#organizationLogo"},"sameAs":["https:\/\/www.facebook.com\/dirtyandhappy\/","https:\/\/www.instagram.com\/dirtyandhappy\/"],"address":{"@id":"https:\/\/dirtyandhappy.com\/sv\/#postaladdress","@type":"PostalAddress","streetAddress":"Partida La Rafaela, Pol\u00edgono 1, 9A, Junto a Range Golf","postalCode":"03187","addressLocality":"Los Montesinos","addressRegion":"Alicante","addressCountry":"ES"}},{"@type":"WebPage","@id":"https:\/\/dirtyandhappy.com\/sv\/sekretesspolicy\/#webpage","url":"https:\/\/dirtyandhappy.com\/sv\/sekretesspolicy\/","name":"Sekretesspolicy | Dirty and Happy","description":"Sekretesspolicy. Detta dokument p\u00e5verkar den databehandling som utf\u00f6rs av Dirty and Happy, S.L. Registrering eller registrering som anv\u00e4ndare av Dirty and Happy inneb\u00e4r ett uttryckligt godk\u00e4nnande av v\u00e5r integritetspolicy. Detta dokument reglerar behandlingen av v\u00e5ra anv\u00e4ndares personuppgifter, \u00e5tkomstkoderna till tj\u00e4nsten och de s\u00e4kerhets\u00e5tg\u00e4rder som genomf\u00f6rs som f\u00f6rhindrar \u00e5tkomst, \u00e4ndring eller radering av v\u00e5ra filer av","inLanguage":"sv-SE","isPartOf":{"@id":"https:\/\/dirtyandhappy.com\/sv\/#website"},"breadcrumb":{"@id":"https:\/\/dirtyandhappy.com\/sv\/sekretesspolicy\/#breadcrumblist"},"datePublished":"2024-08-26T18:03:31+00:00","dateModified":"2026-05-01T18:11:15+00:00"},{"@type":"WebSite","@id":"https:\/\/dirtyandhappy.com\/sv\/#website","url":"https:\/\/dirtyandhappy.com\/sv\/","name":"Dirty and Happy","alternateName":"Residencia canina","description":"Pet hotel and doggy day care","inLanguage":"sv-SE","publisher":{"@id":"https:\/\/dirtyandhappy.com\/sv\/#organization"}}]},"og:locale":"sv_SE","og:site_name":"Dirty and Happy \u2022 Pet hotel and doggy day care","og:type":"article","og:title":"Sekretesspolicy | Dirty and Happy","og:description":"Sekretesspolicy. Detta dokument p\u00e5verkar den databehandling som utf\u00f6rs av Dirty and Happy, S.L. Registrering eller registrering som anv\u00e4ndare av Dirty and Happy inneb\u00e4r ett uttryckligt godk\u00e4nnande av v\u00e5r integritetspolicy. Detta dokument reglerar behandlingen av v\u00e5ra anv\u00e4ndares personuppgifter, \u00e5tkomstkoderna till tj\u00e4nsten och de s\u00e4kerhets\u00e5tg\u00e4rder som genomf\u00f6rs som f\u00f6rhindrar \u00e5tkomst, \u00e4ndring eller radering av v\u00e5ra filer av","og:url":"https:\/\/dirtyandhappy.com\/sv\/sekretesspolicy\/","fb:app_id":"1458076274562272","fb:admins":"440101459341122","og:image":"https:\/\/dirtyandhappy.com\/wp-content\/uploads\/2024\/01\/dirty-and-happy_mini.png","og:image:secure_url":"https:\/\/dirtyandhappy.com\/wp-content\/uploads\/2024\/01\/dirty-and-happy_mini.png","og:image:width":162,"og:image:height":165,"article:published_time":"2024-08-26T18:03:31+00:00","article:modified_time":"2026-05-01T18:11:15+00:00","article:publisher":"https:\/\/www.facebook.com\/dirtyandhappy\/"},"aioseo_meta_data":{"post_id":"5671","title":null,"description":null,"keywords":null,"keyphrases":{"focus":{"keyphrase":"","score":0,"analysis":{"keyphraseInTitle":{"score":0,"maxScore":9,"error":1}}},"additional":[]},"primary_term":null,"canonical_url":null,"og_title":null,"og_description":null,"og_object_type":"default","og_image_type":"default","og_image_url":null,"og_image_width":null,"og_image_height":null,"og_image_custom_url":null,"og_image_custom_fields":null,"og_video":"","og_custom_url":null,"og_article_section":null,"og_article_tags":null,"twitter_use_og":false,"twitter_card":"default","twitter_image_type":"default","twitter_image_url":null,"twitter_image_custom_url":null,"twitter_image_custom_fields":null,"twitter_title":null,"twitter_description":null,"schema":{"blockGraphs":[],"customGraphs":[],"default":{"data":{"Article":[],"Course":[],"Dataset":[],"FAQPage":[],"Movie":[],"Person":[],"Product":[],"ProductReview":[],"Car":[],"Recipe":[],"Service":[],"SoftwareApplication":[],"WebPage":[]},"graphName":"WebPage","isEnabled":true},"graphs":[]},"schema_type":null,"schema_type_options":null,"pillar_content":false,"robots_default":false,"robots_noindex":true,"robots_noarchive":false,"robots_nosnippet":false,"robots_nofollow":false,"robots_noimageindex":false,"robots_noodp":false,"robots_notranslate":false,"robots_max_snippet":"-1","robots_max_videopreview":"-1","robots_max_imagepreview":"large","priority":null,"frequency":"default","location":null,"local_seo":null,"seo_analyzer_scan_date":"2026-05-02 08:17:11","breadcrumb_settings":null,"limit_modified_date":false,"reviewed_by":null,"open_ai":null,"ai":{"faqs":[],"keyPoints":[],"titles":[],"descriptions":[],"socialPosts":{"email":[],"linkedin":[],"twitter":[],"facebook":[],"instagram":[]}},"created":"2024-08-26 18:03:31","updated":"2026-05-02 08:24:09"},"aioseo_breadcrumb":"<div class=\"aioseo-breadcrumbs\"><span class=\"aioseo-breadcrumb\">\n\t<a href=\"https:\/\/dirtyandhappy.com\/sv\/\" title=\"Home\">Home<\/a>\n<\/span><span class=\"aioseo-breadcrumb-separator\">\u00bb<\/span><span class=\"aioseo-breadcrumb\">\n\tSekretesspolicy\n<\/span><\/div>","aioseo_breadcrumb_json":[{"label":"Home","link":"https:\/\/dirtyandhappy.com\/sv\/"},{"label":"Sekretesspolicy","link":"https:\/\/dirtyandhappy.com\/sv\/sekretesspolicy\/"}],"jetpack_sharing_enabled":true,"_links":{"self":[{"href":"https:\/\/dirtyandhappy.com\/sv\/wp-json\/wp\/v2\/pages\/5671","targetHints":{"allow":["GET"]}}],"collection":[{"href":"https:\/\/dirtyandhappy.com\/sv\/wp-json\/wp\/v2\/pages"}],"about":[{"href":"https:\/\/dirtyandhappy.com\/sv\/wp-json\/wp\/v2\/types\/page"}],"author":[{"embeddable":true,"href":"https:\/\/dirtyandhappy.com\/sv\/wp-json\/wp\/v2\/users\/1"}],"replies":[{"embeddable":true,"href":"https:\/\/dirtyandhappy.com\/sv\/wp-json\/wp\/v2\/comments?post=5671"}],"version-history":[{"count":1,"href":"https:\/\/dirtyandhappy.com\/sv\/wp-json\/wp\/v2\/pages\/5671\/revisions"}],"predecessor-version":[{"id":6546,"href":"https:\/\/dirtyandhappy.com\/sv\/wp-json\/wp\/v2\/pages\/5671\/revisions\/6546"}],"wp:attachment":[{"href":"https:\/\/dirtyandhappy.com\/sv\/wp-json\/wp\/v2\/media?parent=5671"}],"curies":[{"name":"wp","href":"https:\/\/api.w.org\/{rel}","templated":true}]}}