{"id":6001,"date":"2024-09-11T10:42:03","date_gmt":"2024-09-11T10:42:03","guid":{"rendered":"https:\/\/dirtyandhappy.com\/hundtraning\/valpar\/"},"modified":"2025-11-22T18:48:55","modified_gmt":"2025-11-22T18:48:55","slug":"valpar","status":"publish","type":"page","link":"https:\/\/dirtyandhappy.com\/sv\/hundtraning\/valpar\/","title":{"rendered":"Valpar"},"content":{"rendered":"\t\t<div data-elementor-type=\"wp-page\" data-elementor-id=\"6001\" class=\"elementor elementor-6001 elementor-1406\" data-elementor-post-type=\"page\">\n\t\t\t\t\t\t<section class=\"elementor-section elementor-top-section elementor-element elementor-element-4093c0e elementor-section-boxed elementor-section-height-default elementor-section-height-default\" data-id=\"4093c0e\" data-element_type=\"section\" data-e-type=\"section\">\n\t\t\t\t\t\t<div class=\"elementor-container elementor-column-gap-default\">\n\t\t\t\t\t<div class=\"elementor-column elementor-col-100 elementor-top-column elementor-element elementor-element-fd605c8\" data-id=\"fd605c8\" data-element_type=\"column\" data-e-type=\"column\">\n\t\t\t<div class=\"elementor-widget-wrap elementor-element-populated\">\n\t\t\t\t\t\t<div class=\"elementor-element elementor-element-c91f7ae elementor-widget elementor-widget-image\" data-id=\"c91f7ae\" data-element_type=\"widget\" data-e-type=\"widget\" data-widget_type=\"image.default\">\n\t\t\t\t<div class=\"elementor-widget-container\">\n\t\t\t\t\t\t\t\t\t\t\t\t\t\t\t<img fetchpriority=\"high\" decoding=\"async\" width=\"300\" height=\"208\" src=\"https:\/\/dirtyandhappy.com\/wp-content\/uploads\/2020\/06\/Cachorritos1z-300x208.jpg\" class=\"attachment-medium size-medium wp-image-4706\" alt=\"\" srcset=\"https:\/\/dirtyandhappy.com\/wp-content\/uploads\/2020\/06\/Cachorritos1z-300x208.jpg 300w, https:\/\/dirtyandhappy.com\/wp-content\/uploads\/2020\/06\/Cachorritos1z-1024x709.jpg 1024w, https:\/\/dirtyandhappy.com\/wp-content\/uploads\/2020\/06\/Cachorritos1z-768x532.jpg 768w, https:\/\/dirtyandhappy.com\/wp-content\/uploads\/2020\/06\/Cachorritos1z.jpg 1040w\" sizes=\"(max-width: 300px) 100vw, 300px\" \/>\t\t\t\t\t\t\t\t\t\t\t\t\t\t\t<\/div>\n\t\t\t\t<\/div>\n\t\t\t\t<div class=\"elementor-element elementor-element-234e9963 elementor-widget elementor-widget-heading\" data-id=\"234e9963\" data-element_type=\"widget\" data-e-type=\"widget\" data-widget_type=\"heading.default\">\n\t\t\t\t<div class=\"elementor-widget-container\">\n\t\t\t\t\t<h1 class=\"elementor-heading-title elementor-size-default\">Kurs i valptr\u00e4ning<\/h1>\t\t\t\t<\/div>\n\t\t\t\t<\/div>\n\t\t\t\t\t<\/div>\n\t\t<\/div>\n\t\t\t\t\t<\/div>\n\t\t<\/section>\n\t\t\t\t<section class=\"elementor-section elementor-top-section elementor-element elementor-element-4b3db85e elementor-section-full_width elementor-section-stretched elementor-section-height-default elementor-section-height-default\" data-id=\"4b3db85e\" data-element_type=\"section\" data-e-type=\"section\" data-settings=\"{&quot;background_background&quot;:&quot;classic&quot;,&quot;shape_divider_bottom&quot;:&quot;triangle-asymmetrical&quot;,&quot;stretch_section&quot;:&quot;section-stretched&quot;}\">\n\t\t\t\t\t\t\t<div class=\"elementor-background-overlay\"><\/div>\n\t\t\t\t\t\t<div class=\"elementor-shape elementor-shape-bottom\" aria-hidden=\"true\" data-negative=\"false\">\n\t\t\t<svg xmlns=\"http:\/\/www.w3.org\/2000\/svg\" viewBox=\"0 0 1000 100\" preserveAspectRatio=\"none\">\n\t<path class=\"elementor-shape-fill\" d=\"M738,99l262-93V0H0v5.6L738,99z\"\/>\n<\/svg>\t\t<\/div>\n\t\t\t\t\t<div class=\"elementor-container elementor-column-gap-default\">\n\t\t\t\t\t<div class=\"elementor-column elementor-col-100 elementor-top-column elementor-element elementor-element-26c6f3c3\" data-id=\"26c6f3c3\" data-element_type=\"column\" data-e-type=\"column\">\n\t\t\t<div class=\"elementor-widget-wrap elementor-element-populated\">\n\t\t\t\t\t\t<div class=\"elementor-element elementor-element-72de697 elementor-widget elementor-widget-text-editor\" data-id=\"72de697\" data-element_type=\"widget\" data-e-type=\"widget\" data-widget_type=\"text-editor.default\">\n\t\t\t\t<div class=\"elementor-widget-container\">\n\t\t\t\t\t\t\t\t\t<p>Valptr\u00e4ningen \u00e4r ett viktigt steg i hundens utveckling, eftersom den l\u00e4gger grunden f\u00f6r hundens framtida beteende. Det \u00e4r viktigt att b\u00f6rja tr\u00e4na tidigt, helst redan vid 10 veckors \u00e5lder.<\/p>\n<p>P\u00e5 lektionerna introducerar vi grundl\u00e4ggande kommandon och socialisering med m\u00e4nniskor och andra djur, vilket g\u00f6r det till en lek f\u00f6r dem i syfte att \u00f6ka valpens sj\u00e4lvf\u00f6rtroende och uppn\u00e5 ett n\u00e4rmare band med sin f\u00f6rare.<\/p>\n\t\t\t\t\t\t\t\t<\/div>\n\t\t\t\t<\/div>\n\t\t\t\t<div class=\"elementor-element elementor-element-1e8e0f28 elementor-widget-divider--view-line elementor-widget elementor-widget-divider\" data-id=\"1e8e0f28\" data-element_type=\"widget\" data-e-type=\"widget\" data-widget_type=\"divider.default\">\n\t\t\t\t<div class=\"elementor-widget-container\">\n\t\t\t\t\t\t\t<div class=\"elementor-divider\">\n\t\t\t<span class=\"elementor-divider-separator\">\n\t\t\t\t\t\t<\/span>\n\t\t<\/div>\n\t\t\t\t\t\t<\/div>\n\t\t\t\t<\/div>\n\t\t\t\t<div class=\"elementor-element elementor-element-64fa02ed elementor-widget elementor-widget-text-editor\" data-id=\"64fa02ed\" data-element_type=\"widget\" data-e-type=\"widget\" data-widget_type=\"text-editor.default\">\n\t\t\t\t<div class=\"elementor-widget-container\">\n\t\t\t\t\t\t\t\t\t<ul>\n<li>Speciellt utformad f\u00f6r valpar fr\u00e5n 3 m\u00e5naders \u00e5lder.<\/li>\n<li>Fr\u00e5ga om de olika tidtabellerna.<\/li>\n<li>Sm\u00e5 grupper f\u00f6r b\u00e4ttre inl\u00e4rning.<\/li>\n<li>L\u00e4rande och skoj f\u00f6r din valp<\/li>\n<\/ul>\n\t\t\t\t\t\t\t\t<\/div>\n\t\t\t\t<\/div>\n\t\t\t\t<section class=\"elementor-section elementor-inner-section elementor-element elementor-element-2cfee9f elementor-section-boxed elementor-section-height-default elementor-section-height-default\" data-id=\"2cfee9f\" data-element_type=\"section\" data-e-type=\"section\">\n\t\t\t\t\t\t<div class=\"elementor-container elementor-column-gap-default\">\n\t\t\t\t\t<div class=\"elementor-column elementor-col-50 elementor-inner-column elementor-element elementor-element-b8130a2\" data-id=\"b8130a2\" data-element_type=\"column\" data-e-type=\"column\">\n\t\t\t<div class=\"elementor-widget-wrap elementor-element-populated\">\n\t\t\t\t\t\t<div class=\"elementor-element elementor-element-ff294bf elementor-widget elementor-widget-image\" data-id=\"ff294bf\" data-element_type=\"widget\" data-e-type=\"widget\" data-widget_type=\"image.default\">\n\t\t\t\t<div class=\"elementor-widget-container\">\n\t\t\t\t\t\t\t\t\t\t\t\t\t\t\t<img decoding=\"async\" width=\"1000\" height=\"736\" src=\"https:\/\/dirtyandhappy.com\/wp-content\/uploads\/2020\/06\/Puppies2z.jpg\" class=\"attachment-full size-full wp-image-6003\" alt=\"\" srcset=\"https:\/\/dirtyandhappy.com\/wp-content\/uploads\/2020\/06\/Puppies2z.jpg 1000w, https:\/\/dirtyandhappy.com\/wp-content\/uploads\/2020\/06\/Puppies2z-300x221.jpg 300w, https:\/\/dirtyandhappy.com\/wp-content\/uploads\/2020\/06\/Puppies2z-768x565.jpg 768w\" sizes=\"(max-width: 1000px) 100vw, 1000px\" \/>\t\t\t\t\t\t\t\t\t\t\t\t\t\t\t<\/div>\n\t\t\t\t<\/div>\n\t\t\t\t\t<\/div>\n\t\t<\/div>\n\t\t\t\t<div class=\"elementor-column elementor-col-50 elementor-inner-column elementor-element elementor-element-d6914a8\" data-id=\"d6914a8\" data-element_type=\"column\" data-e-type=\"column\">\n\t\t\t<div class=\"elementor-widget-wrap elementor-element-populated\">\n\t\t\t\t\t\t<div class=\"elementor-element elementor-element-41ec00a2 elementor-widget elementor-widget-heading\" data-id=\"41ec00a2\" data-element_type=\"widget\" data-e-type=\"widget\" data-widget_type=\"heading.default\">\n\t\t\t\t<div class=\"elementor-widget-container\">\n\t\t\t\t\t<h2 class=\"elementor-heading-title elementor-size-default\">Boka h\u00e4r<\/h2>\t\t\t\t<\/div>\n\t\t\t\t<\/div>\n\t\t\t\t<div class=\"elementor-element elementor-element-2650d32b elementor-align-center elementor-mobile-align-justify elementor-widget elementor-widget-button\" data-id=\"2650d32b\" data-element_type=\"widget\" data-e-type=\"widget\" data-widget_type=\"button.default\">\n\t\t\t\t<div class=\"elementor-widget-container\">\n\t\t\t\t\t\t\t\t\t<div class=\"elementor-button-wrapper\">\n\t\t\t\t\t<a class=\"elementor-button elementor-button-link elementor-size-sm\" href=\"https:\/\/dirtyandhappy.com\/adiestramiento\/formulario\/\">\n\t\t\t\t\t\t<span class=\"elementor-button-content-wrapper\">\n\t\t\t\t\t\t\t\t\t<span class=\"elementor-button-text\">Bok<\/span>\n\t\t\t\t\t<\/span>\n\t\t\t\t\t<\/a>\n\t\t\t\t<\/div>\n\t\t\t\t\t\t\t\t<\/div>\n\t\t\t\t<\/div>\n\t\t\t\t\t<\/div>\n\t\t<\/div>\n\t\t\t\t\t<\/div>\n\t\t<\/section>\n\t\t\t\t\t<\/div>\n\t\t<\/div>\n\t\t\t\t\t<\/div>\n\t\t<\/section>\n\t\t\t\t<\/div>\n\t\t","protected":false},"excerpt":{"rendered":"<p>Kurs i valptr\u00e4ning Valptr\u00e4ningen \u00e4r ett viktigt steg i hundens utveckling, eftersom den l\u00e4gger grunden f\u00f6r hundens framtida beteende. Det \u00e4r viktigt att b\u00f6rja tr\u00e4na tidigt, helst redan vid 10 veckors \u00e5lder. P\u00e5 lektionerna introducerar vi grundl\u00e4ggande kommandon och socialisering med m\u00e4nniskor och andra djur, vilket g\u00f6r det till en lek f\u00f6r dem i syfte [&hellip;]<\/p>\n","protected":false},"author":1,"featured_media":0,"parent":5700,"menu_order":3,"comment_status":"closed","ping_status":"closed","template":"","meta":{"om_disable_all_campaigns":false,"_monsterinsights_skip_tracking":false,"_monsterinsights_sitenote_active":false,"_monsterinsights_sitenote_note":"","_monsterinsights_sitenote_category":0,"ocean_post_layout":"","ocean_both_sidebars_style":"","ocean_both_sidebars_content_width":0,"ocean_both_sidebars_sidebars_width":0,"ocean_sidebar":"0","ocean_second_sidebar":"0","ocean_disable_margins":"enable","ocean_add_body_class":"","ocean_shortcode_before_top_bar":"","ocean_shortcode_after_top_bar":"","ocean_shortcode_before_header":"","ocean_shortcode_after_header":"","ocean_has_shortcode":"","ocean_shortcode_after_title":"","ocean_shortcode_before_footer_widgets":"","ocean_shortcode_after_footer_widgets":"","ocean_shortcode_before_footer_bottom":"","ocean_shortcode_after_footer_bottom":"","ocean_display_top_bar":"default","ocean_display_header":"default","ocean_header_style":"","ocean_center_header_left_menu":"0","ocean_custom_header_template":"0","ocean_custom_logo":0,"ocean_custom_retina_logo":0,"ocean_custom_logo_max_width":0,"ocean_custom_logo_tablet_max_width":0,"ocean_custom_logo_mobile_max_width":0,"ocean_custom_logo_max_height":0,"ocean_custom_logo_tablet_max_height":0,"ocean_custom_logo_mobile_max_height":0,"ocean_header_custom_menu":"0","ocean_menu_typo_font_family":"0","ocean_menu_typo_font_subset":"","ocean_menu_typo_font_size":0,"ocean_menu_typo_font_size_tablet":0,"ocean_menu_typo_font_size_mobile":0,"ocean_menu_typo_font_size_unit":"px","ocean_menu_typo_font_weight":"","ocean_menu_typo_font_weight_tablet":"","ocean_menu_typo_font_weight_mobile":"","ocean_menu_typo_transform":"","ocean_menu_typo_transform_tablet":"","ocean_menu_typo_transform_mobile":"","ocean_menu_typo_line_height":0,"ocean_menu_typo_line_height_tablet":0,"ocean_menu_typo_line_height_mobile":0,"ocean_menu_typo_line_height_unit":"","ocean_menu_typo_spacing":0,"ocean_menu_typo_spacing_tablet":0,"ocean_menu_typo_spacing_mobile":0,"ocean_menu_typo_spacing_unit":"","ocean_menu_link_color":"","ocean_menu_link_color_hover":"","ocean_menu_link_color_active":"","ocean_menu_link_background":"","ocean_menu_link_hover_background":"","ocean_menu_link_active_background":"","ocean_menu_social_links_bg":"","ocean_menu_social_hover_links_bg":"","ocean_menu_social_links_color":"","ocean_menu_social_hover_links_color":"","ocean_disable_title":"default","ocean_disable_heading":"default","ocean_post_title":"","ocean_post_subheading":"","ocean_post_title_style":"","ocean_post_title_background_color":"","ocean_post_title_background":0,"ocean_post_title_bg_image_position":"","ocean_post_title_bg_image_attachment":"","ocean_post_title_bg_image_repeat":"","ocean_post_title_bg_image_size":"","ocean_post_title_height":0,"ocean_post_title_bg_overlay":0.5,"ocean_post_title_bg_overlay_color":"","ocean_disable_breadcrumbs":"default","ocean_breadcrumbs_color":"","ocean_breadcrumbs_separator_color":"","ocean_breadcrumbs_links_color":"","ocean_breadcrumbs_links_hover_color":"","ocean_display_footer_widgets":"default","ocean_display_footer_bottom":"default","ocean_custom_footer_template":"0","footnotes":""},"class_list":["post-6001","page","type-page","status-publish","hentry","entry"],"aioseo_notices":[],"aioseo_head":"\n\t\t<!-- All in One SEO Pro 4.9.6.2 - aioseo.com -->\n\t<meta name=\"description\" content=\"Valptr\u00e4ning i sm\u00e5 grupper fr\u00e5n 3 m\u00e5naders \u00e5lder. Introduktion till grundl\u00e4ggande kommandon och socialisering med m\u00e4nniskor och djur.\" \/>\n\t<meta name=\"robots\" content=\"max-image-preview:large\" \/>\n\t<meta name=\"google-site-verification\" content=\"eRx9P9XaHEvjjwSYuiIo2O_vTucpXD0iLB4m5-bocOQ\" \/>\n\t<meta name=\"msvalidate.01\" content=\"228548E5EC703201CDE40CC79FFBCBD3\" \/>\n\t<meta name=\"p:domain_verify\" content=\"2e9c50a15ed7d8596fe7e1c1cec5e2a8\" \/>\n\t<link rel=\"canonical\" href=\"https:\/\/dirtyandhappy.com\/sv\/hundtraning\/valpar\/\" \/>\n\t<meta name=\"generator\" content=\"All in One SEO Pro (AIOSEO) 4.9.6.2\" \/>\n\t\t<meta property=\"og:locale\" content=\"sv_SE\" \/>\n\t\t<meta property=\"og:site_name\" content=\"Dirty and Happy \u2022 Residencia canina. Adiestramiento\" \/>\n\t\t<meta property=\"og:type\" content=\"article\" \/>\n\t\t<meta property=\"og:title\" content=\"Tr\u00e4ning av valpar | Dirty and Happy\" \/>\n\t\t<meta property=\"og:description\" content=\"Valptr\u00e4ning i sm\u00e5 grupper fr\u00e5n 3 m\u00e5naders \u00e5lder. Introduktion till grundl\u00e4ggande kommandon och socialisering med m\u00e4nniskor och djur.\" \/>\n\t\t<meta property=\"og:url\" content=\"https:\/\/dirtyandhappy.com\/sv\/hundtraning\/valpar\/\" \/>\n\t\t<meta property=\"fb:app_id\" content=\"1458076274562272\" \/>\n\t\t<meta property=\"fb:admins\" content=\"440101459341122\" \/>\n\t\t<meta property=\"og:image\" content=\"https:\/\/dirtyandhappy.com\/wp-content\/uploads\/2024\/01\/dirty-and-happy_mini.png\" \/>\n\t\t<meta property=\"og:image:secure_url\" content=\"https:\/\/dirtyandhappy.com\/wp-content\/uploads\/2024\/01\/dirty-and-happy_mini.png\" \/>\n\t\t<meta property=\"og:image:width\" content=\"162\" \/>\n\t\t<meta property=\"og:image:height\" content=\"165\" \/>\n\t\t<meta property=\"article:published_time\" content=\"2024-09-11T10:42:03+00:00\" \/>\n\t\t<meta property=\"article:modified_time\" content=\"2025-11-22T18:48:55+00:00\" \/>\n\t\t<meta property=\"article:publisher\" content=\"https:\/\/www.facebook.com\/dirtyandhappy\/\" \/>\n\t\t<script type=\"application\/ld+json\" class=\"aioseo-schema\">\n\t\t\t{\"@context\":\"https:\\\/\\\/schema.org\",\"@graph\":[{\"@type\":\"BreadcrumbList\",\"@id\":\"https:\\\/\\\/dirtyandhappy.com\\\/sv\\\/hundtraning\\\/valpar\\\/#breadcrumblist\",\"itemListElement\":[{\"@type\":\"ListItem\",\"@id\":\"https:\\\/\\\/dirtyandhappy.com\\\/sv\\\/#listItem\",\"position\":1,\"name\":\"Home\",\"item\":\"https:\\\/\\\/dirtyandhappy.com\\\/sv\\\/\",\"nextItem\":{\"@type\":\"ListItem\",\"@id\":\"https:\\\/\\\/dirtyandhappy.com\\\/sv\\\/hundtraning\\\/#listItem\",\"name\":\"Hundtr\\u00e4ning\"}},{\"@type\":\"ListItem\",\"@id\":\"https:\\\/\\\/dirtyandhappy.com\\\/sv\\\/hundtraning\\\/#listItem\",\"position\":2,\"name\":\"Hundtr\\u00e4ning\",\"item\":\"https:\\\/\\\/dirtyandhappy.com\\\/sv\\\/hundtraning\\\/\",\"nextItem\":{\"@type\":\"ListItem\",\"@id\":\"https:\\\/\\\/dirtyandhappy.com\\\/sv\\\/hundtraning\\\/valpar\\\/#listItem\",\"name\":\"Valpar\"},\"previousItem\":{\"@type\":\"ListItem\",\"@id\":\"https:\\\/\\\/dirtyandhappy.com\\\/sv\\\/#listItem\",\"name\":\"Home\"}},{\"@type\":\"ListItem\",\"@id\":\"https:\\\/\\\/dirtyandhappy.com\\\/sv\\\/hundtraning\\\/valpar\\\/#listItem\",\"position\":3,\"name\":\"Valpar\",\"previousItem\":{\"@type\":\"ListItem\",\"@id\":\"https:\\\/\\\/dirtyandhappy.com\\\/sv\\\/hundtraning\\\/#listItem\",\"name\":\"Hundtr\\u00e4ning\"}}]},{\"@type\":\"Organization\",\"@id\":\"https:\\\/\\\/dirtyandhappy.com\\\/sv\\\/#organization\",\"name\":\"Dirty and Happy. Centro canino\",\"description\":\"Residencia canina. Adiestramiento\",\"url\":\"https:\\\/\\\/dirtyandhappy.com\\\/sv\\\/\",\"email\":\"info@dirtyandhappy.com\",\"telephone\":\"+34966063577\",\"foundingDate\":\"2018-07-01\",\"numberOfEmployees\":{\"@type\":\"QuantitativeValue\",\"value\":2},\"logo\":{\"@type\":\"ImageObject\",\"url\":\"https:\\\/\\\/dirtyandhappy.com\\\/wp-content\\\/uploads\\\/2024\\\/01\\\/dirty-and-happy_mini.png\",\"@id\":\"https:\\\/\\\/dirtyandhappy.com\\\/sv\\\/hundtraning\\\/valpar\\\/#organizationLogo\",\"width\":162,\"height\":165,\"caption\":\"Logo de Dirty and Happy\"},\"image\":{\"@id\":\"https:\\\/\\\/dirtyandhappy.com\\\/sv\\\/hundtraning\\\/valpar\\\/#organizationLogo\"},\"sameAs\":[\"https:\\\/\\\/www.facebook.com\\\/dirtyandhappy\\\/\",\"https:\\\/\\\/www.instagram.com\\\/dirtyandhappy\\\/\"],\"address\":{\"@id\":\"https:\\\/\\\/dirtyandhappy.com\\\/sv\\\/#postaladdress\",\"@type\":\"PostalAddress\",\"streetAddress\":\"Partida La Rafaela, Pol\\u00edgono 1, 9A, Junto a Range Golf\",\"postalCode\":\"03187\",\"addressLocality\":\"Los Montesinos\",\"addressRegion\":\"Alicante\",\"addressCountry\":\"ES\"}},{\"@type\":\"WebPage\",\"@id\":\"https:\\\/\\\/dirtyandhappy.com\\\/sv\\\/hundtraning\\\/valpar\\\/#webpage\",\"url\":\"https:\\\/\\\/dirtyandhappy.com\\\/sv\\\/hundtraning\\\/valpar\\\/\",\"name\":\"Tr\\u00e4ning av valpar | Dirty and Happy\",\"description\":\"Valptr\\u00e4ning i sm\\u00e5 grupper fr\\u00e5n 3 m\\u00e5naders \\u00e5lder. Introduktion till grundl\\u00e4ggande kommandon och socialisering med m\\u00e4nniskor och djur.\",\"inLanguage\":\"sv-SE\",\"isPartOf\":{\"@id\":\"https:\\\/\\\/dirtyandhappy.com\\\/sv\\\/#website\"},\"breadcrumb\":{\"@id\":\"https:\\\/\\\/dirtyandhappy.com\\\/sv\\\/hundtraning\\\/valpar\\\/#breadcrumblist\"},\"datePublished\":\"2024-09-11T10:42:03+00:00\",\"dateModified\":\"2025-11-22T18:48:55+00:00\"},{\"@type\":\"WebSite\",\"@id\":\"https:\\\/\\\/dirtyandhappy.com\\\/sv\\\/#website\",\"url\":\"https:\\\/\\\/dirtyandhappy.com\\\/sv\\\/\",\"name\":\"Dirty and Happy\",\"alternateName\":\"Residencia canina\",\"description\":\"Residencia canina. Adiestramiento\",\"inLanguage\":\"sv-SE\",\"publisher\":{\"@id\":\"https:\\\/\\\/dirtyandhappy.com\\\/sv\\\/#organization\"}}]}\n\t\t<\/script>\n\t\t<!-- All in One SEO Pro -->\r\n\t\t<title>Tr\u00e4ning av valpar | Dirty and Happy<\/title>\n\n","aioseo_head_json":{"title":"Tr\u00e4ning av valpar | Dirty and Happy","description":"Valptr\u00e4ning i sm\u00e5 grupper fr\u00e5n 3 m\u00e5naders \u00e5lder. Introduktion till grundl\u00e4ggande kommandon och socialisering med m\u00e4nniskor och djur.","canonical_url":"https:\/\/dirtyandhappy.com\/sv\/hundtraning\/valpar\/","robots":"max-image-preview:large","keywords":"","webmasterTools":{"google-site-verification":"eRx9P9XaHEvjjwSYuiIo2O_vTucpXD0iLB4m5-bocOQ","msvalidate.01":"228548E5EC703201CDE40CC79FFBCBD3","p:domain_verify":"2e9c50a15ed7d8596fe7e1c1cec5e2a8","miscellaneous":""},"schema":{"@context":"https:\/\/schema.org","@graph":[{"@type":"BreadcrumbList","@id":"https:\/\/dirtyandhappy.com\/sv\/hundtraning\/valpar\/#breadcrumblist","itemListElement":[{"@type":"ListItem","@id":"https:\/\/dirtyandhappy.com\/sv\/#listItem","position":1,"name":"Home","item":"https:\/\/dirtyandhappy.com\/sv\/","nextItem":{"@type":"ListItem","@id":"https:\/\/dirtyandhappy.com\/sv\/hundtraning\/#listItem","name":"Hundtr\u00e4ning"}},{"@type":"ListItem","@id":"https:\/\/dirtyandhappy.com\/sv\/hundtraning\/#listItem","position":2,"name":"Hundtr\u00e4ning","item":"https:\/\/dirtyandhappy.com\/sv\/hundtraning\/","nextItem":{"@type":"ListItem","@id":"https:\/\/dirtyandhappy.com\/sv\/hundtraning\/valpar\/#listItem","name":"Valpar"},"previousItem":{"@type":"ListItem","@id":"https:\/\/dirtyandhappy.com\/sv\/#listItem","name":"Home"}},{"@type":"ListItem","@id":"https:\/\/dirtyandhappy.com\/sv\/hundtraning\/valpar\/#listItem","position":3,"name":"Valpar","previousItem":{"@type":"ListItem","@id":"https:\/\/dirtyandhappy.com\/sv\/hundtraning\/#listItem","name":"Hundtr\u00e4ning"}}]},{"@type":"Organization","@id":"https:\/\/dirtyandhappy.com\/sv\/#organization","name":"Dirty and Happy. Centro canino","description":"Residencia canina. Adiestramiento","url":"https:\/\/dirtyandhappy.com\/sv\/","email":"info@dirtyandhappy.com","telephone":"+34966063577","foundingDate":"2018-07-01","numberOfEmployees":{"@type":"QuantitativeValue","value":2},"logo":{"@type":"ImageObject","url":"https:\/\/dirtyandhappy.com\/wp-content\/uploads\/2024\/01\/dirty-and-happy_mini.png","@id":"https:\/\/dirtyandhappy.com\/sv\/hundtraning\/valpar\/#organizationLogo","width":162,"height":165,"caption":"Logo de Dirty and Happy"},"image":{"@id":"https:\/\/dirtyandhappy.com\/sv\/hundtraning\/valpar\/#organizationLogo"},"sameAs":["https:\/\/www.facebook.com\/dirtyandhappy\/","https:\/\/www.instagram.com\/dirtyandhappy\/"],"address":{"@id":"https:\/\/dirtyandhappy.com\/sv\/#postaladdress","@type":"PostalAddress","streetAddress":"Partida La Rafaela, Pol\u00edgono 1, 9A, Junto a Range Golf","postalCode":"03187","addressLocality":"Los Montesinos","addressRegion":"Alicante","addressCountry":"ES"}},{"@type":"WebPage","@id":"https:\/\/dirtyandhappy.com\/sv\/hundtraning\/valpar\/#webpage","url":"https:\/\/dirtyandhappy.com\/sv\/hundtraning\/valpar\/","name":"Tr\u00e4ning av valpar | Dirty and Happy","description":"Valptr\u00e4ning i sm\u00e5 grupper fr\u00e5n 3 m\u00e5naders \u00e5lder. Introduktion till grundl\u00e4ggande kommandon och socialisering med m\u00e4nniskor och djur.","inLanguage":"sv-SE","isPartOf":{"@id":"https:\/\/dirtyandhappy.com\/sv\/#website"},"breadcrumb":{"@id":"https:\/\/dirtyandhappy.com\/sv\/hundtraning\/valpar\/#breadcrumblist"},"datePublished":"2024-09-11T10:42:03+00:00","dateModified":"2025-11-22T18:48:55+00:00"},{"@type":"WebSite","@id":"https:\/\/dirtyandhappy.com\/sv\/#website","url":"https:\/\/dirtyandhappy.com\/sv\/","name":"Dirty and Happy","alternateName":"Residencia canina","description":"Residencia canina. Adiestramiento","inLanguage":"sv-SE","publisher":{"@id":"https:\/\/dirtyandhappy.com\/sv\/#organization"}}]},"og:locale":"sv_SE","og:site_name":"Dirty and Happy \u2022 Residencia canina. Adiestramiento","og:type":"article","og:title":"Tr\u00e4ning av valpar | Dirty and Happy","og:description":"Valptr\u00e4ning i sm\u00e5 grupper fr\u00e5n 3 m\u00e5naders \u00e5lder. Introduktion till grundl\u00e4ggande kommandon och socialisering med m\u00e4nniskor och djur.","og:url":"https:\/\/dirtyandhappy.com\/sv\/hundtraning\/valpar\/","fb:app_id":"1458076274562272","fb:admins":"440101459341122","og:image":"https:\/\/dirtyandhappy.com\/wp-content\/uploads\/2024\/01\/dirty-and-happy_mini.png","og:image:secure_url":"https:\/\/dirtyandhappy.com\/wp-content\/uploads\/2024\/01\/dirty-and-happy_mini.png","og:image:width":162,"og:image:height":165,"article:published_time":"2024-09-11T10:42:03+00:00","article:modified_time":"2025-11-22T18:48:55+00:00","article:publisher":"https:\/\/www.facebook.com\/dirtyandhappy\/"},"aioseo_meta_data":{"post_id":"6001","title":"Tr\u00e4ning av valpar | #site_title","description":"Valptr\u00e4ning i sm\u00e5 grupper fr\u00e5n 3 m\u00e5naders \u00e5lder. Introduktion till grundl\u00e4ggande kommandon och socialisering med m\u00e4nniskor och djur.","keywords":null,"keyphrases":{"focus":{"keyphrase":"","score":0,"analysis":{"keyphraseInTitle":{"score":0,"maxScore":9,"error":1}}},"additional":[]},"primary_term":null,"canonical_url":null,"og_title":null,"og_description":null,"og_object_type":"default","og_image_type":"default","og_image_url":null,"og_image_width":null,"og_image_height":null,"og_image_custom_url":null,"og_image_custom_fields":null,"og_video":"","og_custom_url":null,"og_article_section":null,"og_article_tags":null,"twitter_use_og":false,"twitter_card":"default","twitter_image_type":"default","twitter_image_url":null,"twitter_image_custom_url":null,"twitter_image_custom_fields":null,"twitter_title":null,"twitter_description":null,"schema":{"blockGraphs":[],"customGraphs":[],"default":{"data":{"Article":[],"Course":[],"Dataset":[],"FAQPage":[],"Movie":[],"Person":[],"Product":[],"ProductReview":[],"Car":[],"Recipe":[],"Service":[],"SoftwareApplication":[],"WebPage":[]},"graphName":"WebPage","isEnabled":true},"graphs":[],"defaultGraph":"","defaultPostTypeGraph":""},"schema_type":"none","schema_type_options":"{\"article\":{\"articleType\":\"BlogPosting\"},\"course\":{\"name\":\"\",\"description\":\"\",\"provider\":\"\"},\"faq\":{\"pages\":[]},\"product\":{\"reviews\":[]},\"recipe\":{\"ingredients\":[],\"instructions\":[],\"keywords\":[]},\"software\":{\"reviews\":[],\"operatingSystems\":[]},\"webPage\":{\"webPageType\":\"WebPage\"},\"book\":[],\"event\":[],\"jobPosting\":[],\"music\":[],\"person\":[],\"restaurant\":[],\"service\":[],\"video\":[]}","pillar_content":false,"robots_default":true,"robots_noindex":false,"robots_noarchive":false,"robots_nosnippet":false,"robots_nofollow":false,"robots_noimageindex":false,"robots_noodp":false,"robots_notranslate":false,"robots_max_snippet":"-1","robots_max_videopreview":"-1","robots_max_imagepreview":"large","priority":null,"frequency":"default","location":null,"local_seo":null,"seo_analyzer_scan_date":"2026-04-08 09:04:52","breadcrumb_settings":null,"limit_modified_date":false,"reviewed_by":null,"open_ai":null,"ai":null,"created":"2024-09-11 10:42:04","updated":"2026-04-08 09:04:52"},"aioseo_breadcrumb":"<div class=\"aioseo-breadcrumbs\"><span class=\"aioseo-breadcrumb\">\n\t<a href=\"https:\/\/dirtyandhappy.com\/sv\/\" title=\"Home\">Home<\/a>\n<\/span><span class=\"aioseo-breadcrumb-separator\">\u00bb<\/span><span class=\"aioseo-breadcrumb\">\n\t<a href=\"https:\/\/dirtyandhappy.com\/sv\/hundtraning\/\" title=\"Hundtr\u00e4ning\">Hundtr\u00e4ning<\/a>\n<\/span><span class=\"aioseo-breadcrumb-separator\">\u00bb<\/span><span class=\"aioseo-breadcrumb\">\n\tValpar\n<\/span><\/div>","aioseo_breadcrumb_json":[{"label":"Home","link":"https:\/\/dirtyandhappy.com\/sv\/"},{"label":"Hundtr\u00e4ning","link":"https:\/\/dirtyandhappy.com\/sv\/hundtraning\/"},{"label":"Valpar","link":"https:\/\/dirtyandhappy.com\/sv\/hundtraning\/valpar\/"}],"jetpack_sharing_enabled":true,"_links":{"self":[{"href":"https:\/\/dirtyandhappy.com\/sv\/wp-json\/wp\/v2\/pages\/6001","targetHints":{"allow":["GET"]}}],"collection":[{"href":"https:\/\/dirtyandhappy.com\/sv\/wp-json\/wp\/v2\/pages"}],"about":[{"href":"https:\/\/dirtyandhappy.com\/sv\/wp-json\/wp\/v2\/types\/page"}],"author":[{"embeddable":true,"href":"https:\/\/dirtyandhappy.com\/sv\/wp-json\/wp\/v2\/users\/1"}],"replies":[{"embeddable":true,"href":"https:\/\/dirtyandhappy.com\/sv\/wp-json\/wp\/v2\/comments?post=6001"}],"version-history":[{"count":8,"href":"https:\/\/dirtyandhappy.com\/sv\/wp-json\/wp\/v2\/pages\/6001\/revisions"}],"predecessor-version":[{"id":6512,"href":"https:\/\/dirtyandhappy.com\/sv\/wp-json\/wp\/v2\/pages\/6001\/revisions\/6512"}],"up":[{"embeddable":true,"href":"https:\/\/dirtyandhappy.com\/sv\/wp-json\/wp\/v2\/pages\/5700"}],"wp:attachment":[{"href":"https:\/\/dirtyandhappy.com\/sv\/wp-json\/wp\/v2\/media?parent=6001"}],"curies":[{"name":"wp","href":"https:\/\/api.w.org\/{rel}","templated":true}]}}