{"id":6188,"date":"2025-07-13T08:33:57","date_gmt":"2025-07-13T08:33:57","guid":{"rendered":"https:\/\/dirtyandhappy.com\/landingpage-info\/"},"modified":"2025-11-23T09:16:02","modified_gmt":"2025-11-23T09:16:02","slug":"landingpage-info","status":"publish","type":"page","link":"https:\/\/dirtyandhappy.com\/sv\/kontakt\/landingpage-info\/","title":{"rendered":"Landningssida info"},"content":{"rendered":"\t\t<div data-elementor-type=\"wp-page\" data-elementor-id=\"6188\" class=\"elementor elementor-6188 elementor-6175\" data-elementor-post-type=\"page\">\n\t\t\t\t\t\t<section class=\"elementor-section elementor-top-section elementor-element elementor-element-384c3720 elementor-section-content-middle elementor-section-boxed elementor-section-height-default elementor-section-height-default\" data-id=\"384c3720\" data-element_type=\"section\" data-e-type=\"section\" data-settings=\"{&quot;background_background&quot;:&quot;classic&quot;,&quot;shape_divider_bottom&quot;:&quot;curve&quot;,&quot;shape_divider_bottom_negative&quot;:&quot;yes&quot;}\">\n\t\t\t\t\t\t\t<div class=\"elementor-background-overlay\"><\/div>\n\t\t\t\t\t\t<div class=\"elementor-shape elementor-shape-bottom\" aria-hidden=\"true\" data-negative=\"true\">\n\t\t\t<svg xmlns=\"http:\/\/www.w3.org\/2000\/svg\" viewBox=\"0 0 1000 100\" preserveAspectRatio=\"none\">\n\t<path class=\"elementor-shape-fill\" d=\"M500,97C126.7,96.3,0.8,19.8,0,0v100l1000,0V1C1000,19.4,873.3,97.8,500,97z\"\/>\n<\/svg>\t\t<\/div>\n\t\t\t\t\t<div class=\"elementor-container elementor-column-gap-default\">\n\t\t\t\t\t<div class=\"elementor-column elementor-col-100 elementor-top-column elementor-element elementor-element-6fdb81af\" data-id=\"6fdb81af\" data-element_type=\"column\" data-e-type=\"column\" data-settings=\"{&quot;background_background&quot;:&quot;classic&quot;}\">\n\t\t\t<div class=\"elementor-widget-wrap elementor-element-populated\">\n\t\t\t\t\t\t<section class=\"elementor-section elementor-inner-section elementor-element elementor-element-4ad65c9 elementor-section-content-middle elementor-section-boxed elementor-section-height-default elementor-section-height-default\" data-id=\"4ad65c9\" data-element_type=\"section\" data-e-type=\"section\">\n\t\t\t\t\t\t<div class=\"elementor-container elementor-column-gap-wider\">\n\t\t\t\t\t<div class=\"elementor-column elementor-col-50 elementor-inner-column elementor-element elementor-element-5418ffa2\" data-id=\"5418ffa2\" data-element_type=\"column\" data-e-type=\"column\" data-settings=\"{&quot;background_background&quot;:&quot;classic&quot;}\">\n\t\t\t<div class=\"elementor-widget-wrap elementor-element-populated\">\n\t\t\t\t\t\t<div class=\"elementor-element elementor-element-35e1b666 elementor-invisible elementor-widget elementor-widget-heading\" data-id=\"35e1b666\" data-element_type=\"widget\" data-e-type=\"widget\" data-settings=\"{&quot;_animation&quot;:&quot;fadeIn&quot;,&quot;_animation_delay&quot;:200}\" data-widget_type=\"heading.default\">\n\t\t\t\t<div class=\"elementor-widget-container\">\n\t\t\t\t\t<h1 class=\"elementor-heading-title elementor-size-default\">Tack f\u00f6r din f\u00f6rfr\u00e5gan.<\/h1>\t\t\t\t<\/div>\n\t\t\t\t<\/div>\n\t\t\t\t<div class=\"elementor-element elementor-element-23ad5d55 elementor-invisible elementor-widget elementor-widget-heading\" data-id=\"23ad5d55\" data-element_type=\"widget\" data-e-type=\"widget\" data-settings=\"{&quot;_animation&quot;:&quot;fadeIn&quot;,&quot;_animation_delay&quot;:200}\" data-widget_type=\"heading.default\">\n\t\t\t\t<div class=\"elementor-widget-container\">\n\t\t\t\t\t<h2 class=\"elementor-heading-title elementor-size-default\">Vi kommer att kontakta dig inom kort. Om du f\u00f6redrar det kan du ringa oss p\u00e5 telefonnummer 966 063 577.<\/h2>\t\t\t\t<\/div>\n\t\t\t\t<\/div>\n\t\t\t\t<div class=\"elementor-element elementor-element-6c4dfb4e elementor-align-center elementor-invisible elementor-widget elementor-widget-button\" data-id=\"6c4dfb4e\" data-element_type=\"widget\" data-e-type=\"widget\" data-settings=\"{&quot;_animation&quot;:&quot;fadeIn&quot;,&quot;_animation_delay&quot;:300}\" data-widget_type=\"button.default\">\n\t\t\t\t<div class=\"elementor-widget-container\">\n\t\t\t\t\t\t\t\t\t<div class=\"elementor-button-wrapper\">\n\t\t\t\t\t<a class=\"elementor-button elementor-button-link elementor-size-md\" href=\"https:\/\/dirtyandhappy.com\/sv\/\">\n\t\t\t\t\t\t<span class=\"elementor-button-content-wrapper\">\n\t\t\t\t\t\t<span class=\"elementor-button-icon\">\n\t\t\t\t<svg aria-hidden=\"true\" class=\"e-font-icon-svg e-fas-arrow-right\" viewBox=\"0 0 448 512\" xmlns=\"http:\/\/www.w3.org\/2000\/svg\"><path d=\"M190.5 66.9l22.2-22.2c9.4-9.4 24.6-9.4 33.9 0L441 239c9.4 9.4 9.4 24.6 0 33.9L246.6 467.3c-9.4 9.4-24.6 9.4-33.9 0l-22.2-22.2c-9.5-9.5-9.3-25 .4-34.3L311.4 296H24c-13.3 0-24-10.7-24-24v-32c0-13.3 10.7-24 24-24h287.4L190.9 101.2c-9.8-9.3-10-24.8-.4-34.3z\"><\/path><\/svg>\t\t\t<\/span>\n\t\t\t\t\t\t\t\t\t<span class=\"elementor-button-text\">Home<\/span>\n\t\t\t\t\t<\/span>\n\t\t\t\t\t<\/a>\n\t\t\t\t<\/div>\n\t\t\t\t\t\t\t\t<\/div>\n\t\t\t\t<\/div>\n\t\t\t\t\t<\/div>\n\t\t<\/div>\n\t\t\t\t<div class=\"elementor-column elementor-col-50 elementor-inner-column elementor-element elementor-element-8367df9\" data-id=\"8367df9\" data-element_type=\"column\" data-e-type=\"column\">\n\t\t\t<div class=\"elementor-widget-wrap\">\n\t\t\t\t\t\t\t<\/div>\n\t\t<\/div>\n\t\t\t\t\t<\/div>\n\t\t<\/section>\n\t\t\t\t\t<\/div>\n\t\t<\/div>\n\t\t\t\t\t<\/div>\n\t\t<\/section>\n\t\t\t\t<\/div>\n\t\t","protected":false},"excerpt":{"rendered":"<p>Tack f\u00f6r din f\u00f6rfr\u00e5gan. Vi kommer att kontakta dig inom kort. Om du f\u00f6redrar det kan du ringa oss p\u00e5 telefonnummer 966 063 577. Home<\/p>\n","protected":false},"author":1,"featured_media":0,"parent":4062,"menu_order":27,"comment_status":"closed","ping_status":"closed","template":"","meta":{"om_disable_all_campaigns":false,"_monsterinsights_skip_tracking":false,"_monsterinsights_sitenote_active":false,"_monsterinsights_sitenote_note":"","_monsterinsights_sitenote_category":0,"ocean_post_layout":"","ocean_both_sidebars_style":"","ocean_both_sidebars_content_width":0,"ocean_both_sidebars_sidebars_width":0,"ocean_sidebar":"0","ocean_second_sidebar":"0","ocean_disable_margins":"enable","ocean_add_body_class":"","ocean_shortcode_before_top_bar":"","ocean_shortcode_after_top_bar":"","ocean_shortcode_before_header":"","ocean_shortcode_after_header":"","ocean_has_shortcode":"","ocean_shortcode_after_title":"","ocean_shortcode_before_footer_widgets":"","ocean_shortcode_after_footer_widgets":"","ocean_shortcode_before_footer_bottom":"","ocean_shortcode_after_footer_bottom":"","ocean_display_top_bar":"default","ocean_display_header":"default","ocean_header_style":"","ocean_center_header_left_menu":"0","ocean_custom_header_template":"0","ocean_custom_logo":0,"ocean_custom_retina_logo":0,"ocean_custom_logo_max_width":0,"ocean_custom_logo_tablet_max_width":0,"ocean_custom_logo_mobile_max_width":0,"ocean_custom_logo_max_height":0,"ocean_custom_logo_tablet_max_height":0,"ocean_custom_logo_mobile_max_height":0,"ocean_header_custom_menu":"0","ocean_menu_typo_font_family":"0","ocean_menu_typo_font_subset":"","ocean_menu_typo_font_size":0,"ocean_menu_typo_font_size_tablet":0,"ocean_menu_typo_font_size_mobile":0,"ocean_menu_typo_font_size_unit":"px","ocean_menu_typo_font_weight":"","ocean_menu_typo_font_weight_tablet":"","ocean_menu_typo_font_weight_mobile":"","ocean_menu_typo_transform":"","ocean_menu_typo_transform_tablet":"","ocean_menu_typo_transform_mobile":"","ocean_menu_typo_line_height":0,"ocean_menu_typo_line_height_tablet":0,"ocean_menu_typo_line_height_mobile":0,"ocean_menu_typo_line_height_unit":"","ocean_menu_typo_spacing":0,"ocean_menu_typo_spacing_tablet":0,"ocean_menu_typo_spacing_mobile":0,"ocean_menu_typo_spacing_unit":"","ocean_menu_link_color":"","ocean_menu_link_color_hover":"","ocean_menu_link_color_active":"","ocean_menu_link_background":"","ocean_menu_link_hover_background":"","ocean_menu_link_active_background":"","ocean_menu_social_links_bg":"","ocean_menu_social_hover_links_bg":"","ocean_menu_social_links_color":"","ocean_menu_social_hover_links_color":"","ocean_disable_title":"default","ocean_disable_heading":"default","ocean_post_title":"","ocean_post_subheading":"","ocean_post_title_style":"","ocean_post_title_background_color":"","ocean_post_title_background":0,"ocean_post_title_bg_image_position":"","ocean_post_title_bg_image_attachment":"","ocean_post_title_bg_image_repeat":"","ocean_post_title_bg_image_size":"","ocean_post_title_height":0,"ocean_post_title_bg_overlay":0.5,"ocean_post_title_bg_overlay_color":"","ocean_disable_breadcrumbs":"default","ocean_breadcrumbs_color":"","ocean_breadcrumbs_separator_color":"","ocean_breadcrumbs_links_color":"","ocean_breadcrumbs_links_hover_color":"","ocean_display_footer_widgets":"default","ocean_display_footer_bottom":"default","ocean_custom_footer_template":"0","footnotes":""},"class_list":["post-6188","page","type-page","status-publish","hentry","entry"],"aioseo_notices":[],"aioseo_head":"\n\t\t<!-- All in One SEO Pro 4.9.6.2 - aioseo.com -->\n\t<meta name=\"description\" content=\"Tack f\u00f6r din f\u00f6rfr\u00e5gan. Vi kommer att kontakta dig inom kort. Om du f\u00f6redrar det kan du ringa oss p\u00e5 telefonnummer 966 063 577. Home\" \/>\n\t<meta name=\"robots\" content=\"max-image-preview:large\" \/>\n\t<meta name=\"google-site-verification\" content=\"eRx9P9XaHEvjjwSYuiIo2O_vTucpXD0iLB4m5-bocOQ\" \/>\n\t<meta name=\"msvalidate.01\" content=\"228548E5EC703201CDE40CC79FFBCBD3\" \/>\n\t<meta name=\"p:domain_verify\" content=\"2e9c50a15ed7d8596fe7e1c1cec5e2a8\" \/>\n\t<link rel=\"canonical\" href=\"https:\/\/dirtyandhappy.com\/sv\/kontakt\/landingpage-info\/\" \/>\n\t<meta name=\"generator\" content=\"All in One SEO Pro (AIOSEO) 4.9.6.2\" \/>\n\t\t<meta property=\"og:locale\" content=\"sv_SE\" \/>\n\t\t<meta property=\"og:site_name\" content=\"Dirty and Happy \u2022 Residencia canina. Adiestramiento\" \/>\n\t\t<meta property=\"og:type\" content=\"article\" \/>\n\t\t<meta property=\"og:title\" content=\"Landningssida info | Dirty and Happy\" \/>\n\t\t<meta property=\"og:description\" content=\"Tack f\u00f6r din f\u00f6rfr\u00e5gan. Vi kommer att kontakta dig inom kort. Om du f\u00f6redrar det kan du ringa oss p\u00e5 telefonnummer 966 063 577. Home\" \/>\n\t\t<meta property=\"og:url\" content=\"https:\/\/dirtyandhappy.com\/sv\/kontakt\/landingpage-info\/\" \/>\n\t\t<meta property=\"fb:app_id\" content=\"1458076274562272\" \/>\n\t\t<meta property=\"fb:admins\" content=\"440101459341122\" \/>\n\t\t<meta property=\"og:image\" content=\"https:\/\/dirtyandhappy.com\/wp-content\/uploads\/2024\/01\/dirty-and-happy_mini.png\" \/>\n\t\t<meta property=\"og:image:secure_url\" content=\"https:\/\/dirtyandhappy.com\/wp-content\/uploads\/2024\/01\/dirty-and-happy_mini.png\" \/>\n\t\t<meta property=\"og:image:width\" content=\"162\" \/>\n\t\t<meta property=\"og:image:height\" content=\"165\" \/>\n\t\t<meta property=\"article:published_time\" content=\"2025-07-13T08:33:57+00:00\" \/>\n\t\t<meta property=\"article:modified_time\" content=\"2025-11-23T09:16:02+00:00\" \/>\n\t\t<meta property=\"article:publisher\" content=\"https:\/\/www.facebook.com\/dirtyandhappy\/\" \/>\n\t\t<script type=\"application\/ld+json\" class=\"aioseo-schema\">\n\t\t\t{\"@context\":\"https:\\\/\\\/schema.org\",\"@graph\":[{\"@type\":\"BreadcrumbList\",\"@id\":\"https:\\\/\\\/dirtyandhappy.com\\\/sv\\\/kontakt\\\/landingpage-info\\\/#breadcrumblist\",\"itemListElement\":[{\"@type\":\"ListItem\",\"@id\":\"https:\\\/\\\/dirtyandhappy.com\\\/sv\\\/#listItem\",\"position\":1,\"name\":\"Home\",\"item\":\"https:\\\/\\\/dirtyandhappy.com\\\/sv\\\/\",\"nextItem\":{\"@type\":\"ListItem\",\"@id\":\"https:\\\/\\\/dirtyandhappy.com\\\/sv\\\/kontakt\\\/#listItem\",\"name\":\"Kontakt\"}},{\"@type\":\"ListItem\",\"@id\":\"https:\\\/\\\/dirtyandhappy.com\\\/sv\\\/kontakt\\\/#listItem\",\"position\":2,\"name\":\"Kontakt\",\"item\":\"https:\\\/\\\/dirtyandhappy.com\\\/sv\\\/kontakt\\\/\",\"nextItem\":{\"@type\":\"ListItem\",\"@id\":\"https:\\\/\\\/dirtyandhappy.com\\\/sv\\\/kontakt\\\/landingpage-info\\\/#listItem\",\"name\":\"Landningssida info\"},\"previousItem\":{\"@type\":\"ListItem\",\"@id\":\"https:\\\/\\\/dirtyandhappy.com\\\/sv\\\/#listItem\",\"name\":\"Home\"}},{\"@type\":\"ListItem\",\"@id\":\"https:\\\/\\\/dirtyandhappy.com\\\/sv\\\/kontakt\\\/landingpage-info\\\/#listItem\",\"position\":3,\"name\":\"Landningssida info\",\"previousItem\":{\"@type\":\"ListItem\",\"@id\":\"https:\\\/\\\/dirtyandhappy.com\\\/sv\\\/kontakt\\\/#listItem\",\"name\":\"Kontakt\"}}]},{\"@type\":\"Organization\",\"@id\":\"https:\\\/\\\/dirtyandhappy.com\\\/sv\\\/#organization\",\"name\":\"Dirty and Happy. Centro canino\",\"description\":\"Residencia canina. Adiestramiento\",\"url\":\"https:\\\/\\\/dirtyandhappy.com\\\/sv\\\/\",\"email\":\"info@dirtyandhappy.com\",\"telephone\":\"+34966063577\",\"foundingDate\":\"2018-07-01\",\"numberOfEmployees\":{\"@type\":\"QuantitativeValue\",\"value\":2},\"logo\":{\"@type\":\"ImageObject\",\"url\":\"https:\\\/\\\/dirtyandhappy.com\\\/wp-content\\\/uploads\\\/2024\\\/01\\\/dirty-and-happy_mini.png\",\"@id\":\"https:\\\/\\\/dirtyandhappy.com\\\/sv\\\/kontakt\\\/landingpage-info\\\/#organizationLogo\",\"width\":162,\"height\":165,\"caption\":\"Logo de Dirty and Happy\"},\"image\":{\"@id\":\"https:\\\/\\\/dirtyandhappy.com\\\/sv\\\/kontakt\\\/landingpage-info\\\/#organizationLogo\"},\"sameAs\":[\"https:\\\/\\\/www.facebook.com\\\/dirtyandhappy\\\/\",\"https:\\\/\\\/www.instagram.com\\\/dirtyandhappy\\\/\"],\"address\":{\"@id\":\"https:\\\/\\\/dirtyandhappy.com\\\/sv\\\/#postaladdress\",\"@type\":\"PostalAddress\",\"streetAddress\":\"Partida La Rafaela, Pol\\u00edgono 1, 9A, Junto a Range Golf\",\"postalCode\":\"03187\",\"addressLocality\":\"Los Montesinos\",\"addressRegion\":\"Alicante\",\"addressCountry\":\"ES\"}},{\"@type\":\"WebPage\",\"@id\":\"https:\\\/\\\/dirtyandhappy.com\\\/sv\\\/kontakt\\\/landingpage-info\\\/#webpage\",\"url\":\"https:\\\/\\\/dirtyandhappy.com\\\/sv\\\/kontakt\\\/landingpage-info\\\/\",\"name\":\"Landningssida info | Dirty and Happy\",\"description\":\"Tack f\\u00f6r din f\\u00f6rfr\\u00e5gan. Vi kommer att kontakta dig inom kort. Om du f\\u00f6redrar det kan du ringa oss p\\u00e5 telefonnummer 966 063 577. Home\",\"inLanguage\":\"sv-SE\",\"isPartOf\":{\"@id\":\"https:\\\/\\\/dirtyandhappy.com\\\/sv\\\/#website\"},\"breadcrumb\":{\"@id\":\"https:\\\/\\\/dirtyandhappy.com\\\/sv\\\/kontakt\\\/landingpage-info\\\/#breadcrumblist\"},\"datePublished\":\"2025-07-13T08:33:57+00:00\",\"dateModified\":\"2025-11-23T09:16:02+00:00\"},{\"@type\":\"WebSite\",\"@id\":\"https:\\\/\\\/dirtyandhappy.com\\\/sv\\\/#website\",\"url\":\"https:\\\/\\\/dirtyandhappy.com\\\/sv\\\/\",\"name\":\"Dirty and Happy\",\"alternateName\":\"Residencia canina\",\"description\":\"Residencia canina. Adiestramiento\",\"inLanguage\":\"sv-SE\",\"publisher\":{\"@id\":\"https:\\\/\\\/dirtyandhappy.com\\\/sv\\\/#organization\"}}]}\n\t\t<\/script>\n\t\t<!-- All in One SEO Pro -->\r\n\t\t<title>Landningssida info | Dirty and Happy<\/title>\n\n","aioseo_head_json":{"title":"Landningssida info | Dirty and Happy","description":"Tack f\u00f6r din f\u00f6rfr\u00e5gan. Vi kommer att kontakta dig inom kort. Om du f\u00f6redrar det kan du ringa oss p\u00e5 telefonnummer 966 063 577. Home","canonical_url":"https:\/\/dirtyandhappy.com\/sv\/kontakt\/landingpage-info\/","robots":"max-image-preview:large","keywords":"","webmasterTools":{"google-site-verification":"eRx9P9XaHEvjjwSYuiIo2O_vTucpXD0iLB4m5-bocOQ","msvalidate.01":"228548E5EC703201CDE40CC79FFBCBD3","p:domain_verify":"2e9c50a15ed7d8596fe7e1c1cec5e2a8","miscellaneous":""},"schema":{"@context":"https:\/\/schema.org","@graph":[{"@type":"BreadcrumbList","@id":"https:\/\/dirtyandhappy.com\/sv\/kontakt\/landingpage-info\/#breadcrumblist","itemListElement":[{"@type":"ListItem","@id":"https:\/\/dirtyandhappy.com\/sv\/#listItem","position":1,"name":"Home","item":"https:\/\/dirtyandhappy.com\/sv\/","nextItem":{"@type":"ListItem","@id":"https:\/\/dirtyandhappy.com\/sv\/kontakt\/#listItem","name":"Kontakt"}},{"@type":"ListItem","@id":"https:\/\/dirtyandhappy.com\/sv\/kontakt\/#listItem","position":2,"name":"Kontakt","item":"https:\/\/dirtyandhappy.com\/sv\/kontakt\/","nextItem":{"@type":"ListItem","@id":"https:\/\/dirtyandhappy.com\/sv\/kontakt\/landingpage-info\/#listItem","name":"Landningssida info"},"previousItem":{"@type":"ListItem","@id":"https:\/\/dirtyandhappy.com\/sv\/#listItem","name":"Home"}},{"@type":"ListItem","@id":"https:\/\/dirtyandhappy.com\/sv\/kontakt\/landingpage-info\/#listItem","position":3,"name":"Landningssida info","previousItem":{"@type":"ListItem","@id":"https:\/\/dirtyandhappy.com\/sv\/kontakt\/#listItem","name":"Kontakt"}}]},{"@type":"Organization","@id":"https:\/\/dirtyandhappy.com\/sv\/#organization","name":"Dirty and Happy. Centro canino","description":"Residencia canina. Adiestramiento","url":"https:\/\/dirtyandhappy.com\/sv\/","email":"info@dirtyandhappy.com","telephone":"+34966063577","foundingDate":"2018-07-01","numberOfEmployees":{"@type":"QuantitativeValue","value":2},"logo":{"@type":"ImageObject","url":"https:\/\/dirtyandhappy.com\/wp-content\/uploads\/2024\/01\/dirty-and-happy_mini.png","@id":"https:\/\/dirtyandhappy.com\/sv\/kontakt\/landingpage-info\/#organizationLogo","width":162,"height":165,"caption":"Logo de Dirty and Happy"},"image":{"@id":"https:\/\/dirtyandhappy.com\/sv\/kontakt\/landingpage-info\/#organizationLogo"},"sameAs":["https:\/\/www.facebook.com\/dirtyandhappy\/","https:\/\/www.instagram.com\/dirtyandhappy\/"],"address":{"@id":"https:\/\/dirtyandhappy.com\/sv\/#postaladdress","@type":"PostalAddress","streetAddress":"Partida La Rafaela, Pol\u00edgono 1, 9A, Junto a Range Golf","postalCode":"03187","addressLocality":"Los Montesinos","addressRegion":"Alicante","addressCountry":"ES"}},{"@type":"WebPage","@id":"https:\/\/dirtyandhappy.com\/sv\/kontakt\/landingpage-info\/#webpage","url":"https:\/\/dirtyandhappy.com\/sv\/kontakt\/landingpage-info\/","name":"Landningssida info | Dirty and Happy","description":"Tack f\u00f6r din f\u00f6rfr\u00e5gan. Vi kommer att kontakta dig inom kort. Om du f\u00f6redrar det kan du ringa oss p\u00e5 telefonnummer 966 063 577. Home","inLanguage":"sv-SE","isPartOf":{"@id":"https:\/\/dirtyandhappy.com\/sv\/#website"},"breadcrumb":{"@id":"https:\/\/dirtyandhappy.com\/sv\/kontakt\/landingpage-info\/#breadcrumblist"},"datePublished":"2025-07-13T08:33:57+00:00","dateModified":"2025-11-23T09:16:02+00:00"},{"@type":"WebSite","@id":"https:\/\/dirtyandhappy.com\/sv\/#website","url":"https:\/\/dirtyandhappy.com\/sv\/","name":"Dirty and Happy","alternateName":"Residencia canina","description":"Residencia canina. Adiestramiento","inLanguage":"sv-SE","publisher":{"@id":"https:\/\/dirtyandhappy.com\/sv\/#organization"}}]},"og:locale":"sv_SE","og:site_name":"Dirty and Happy \u2022 Residencia canina. Adiestramiento","og:type":"article","og:title":"Landningssida info | Dirty and Happy","og:description":"Tack f\u00f6r din f\u00f6rfr\u00e5gan. Vi kommer att kontakta dig inom kort. Om du f\u00f6redrar det kan du ringa oss p\u00e5 telefonnummer 966 063 577. Home","og:url":"https:\/\/dirtyandhappy.com\/sv\/kontakt\/landingpage-info\/","fb:app_id":"1458076274562272","fb:admins":"440101459341122","og:image":"https:\/\/dirtyandhappy.com\/wp-content\/uploads\/2024\/01\/dirty-and-happy_mini.png","og:image:secure_url":"https:\/\/dirtyandhappy.com\/wp-content\/uploads\/2024\/01\/dirty-and-happy_mini.png","og:image:width":162,"og:image:height":165,"article:published_time":"2025-07-13T08:33:57+00:00","article:modified_time":"2025-11-23T09:16:02+00:00","article:publisher":"https:\/\/www.facebook.com\/dirtyandhappy\/"},"aioseo_meta_data":{"post_id":"6188","title":null,"description":null,"keywords":null,"keyphrases":{"focus":{"keyphrase":"","score":0,"analysis":{"keyphraseInTitle":{"score":0,"maxScore":9,"error":1}}},"additional":[]},"primary_term":null,"canonical_url":null,"og_title":null,"og_description":null,"og_object_type":"default","og_image_type":"default","og_image_url":null,"og_image_width":null,"og_image_height":null,"og_image_custom_url":null,"og_image_custom_fields":null,"og_video":"","og_custom_url":null,"og_article_section":null,"og_article_tags":null,"twitter_use_og":false,"twitter_card":"default","twitter_image_type":"default","twitter_image_url":null,"twitter_image_custom_url":null,"twitter_image_custom_fields":null,"twitter_title":null,"twitter_description":null,"schema":{"blockGraphs":[],"customGraphs":[],"default":{"data":{"Article":[],"Course":[],"Dataset":[],"FAQPage":[],"Movie":[],"Person":[],"Product":[],"ProductReview":[],"Car":[],"Recipe":[],"Service":[],"SoftwareApplication":[],"WebPage":[]},"graphName":"WebPage","isEnabled":true},"graphs":[]},"schema_type":"default","schema_type_options":null,"pillar_content":false,"robots_default":true,"robots_noindex":false,"robots_noarchive":false,"robots_nosnippet":false,"robots_nofollow":false,"robots_noimageindex":false,"robots_noodp":false,"robots_notranslate":false,"robots_max_snippet":"-1","robots_max_videopreview":"-1","robots_max_imagepreview":"large","priority":null,"frequency":"default","location":null,"local_seo":null,"seo_analyzer_scan_date":"2026-04-08 09:05:01","breadcrumb_settings":null,"limit_modified_date":false,"reviewed_by":null,"open_ai":null,"ai":{"faqs":[],"keyPoints":[],"titles":[],"descriptions":[],"socialPosts":{"email":[],"linkedin":[],"twitter":[],"facebook":[],"instagram":[]}},"created":"2025-07-13 08:33:58","updated":"2026-04-08 09:05:01"},"aioseo_breadcrumb":"<div class=\"aioseo-breadcrumbs\"><span class=\"aioseo-breadcrumb\">\n\t<a href=\"https:\/\/dirtyandhappy.com\/sv\/\" title=\"Home\">Home<\/a>\n<\/span><span class=\"aioseo-breadcrumb-separator\">\u00bb<\/span><span class=\"aioseo-breadcrumb\">\n\t<a href=\"https:\/\/dirtyandhappy.com\/sv\/kontakt\/\" title=\"Kontakt\">Kontakt<\/a>\n<\/span><span class=\"aioseo-breadcrumb-separator\">\u00bb<\/span><span class=\"aioseo-breadcrumb\">\n\tLandningssida info\n<\/span><\/div>","aioseo_breadcrumb_json":[{"label":"Home","link":"https:\/\/dirtyandhappy.com\/sv\/"},{"label":"Kontakt","link":"https:\/\/dirtyandhappy.com\/sv\/kontakt\/"},{"label":"Landningssida info","link":"https:\/\/dirtyandhappy.com\/sv\/kontakt\/landingpage-info\/"}],"jetpack_sharing_enabled":true,"_links":{"self":[{"href":"https:\/\/dirtyandhappy.com\/sv\/wp-json\/wp\/v2\/pages\/6188","targetHints":{"allow":["GET"]}}],"collection":[{"href":"https:\/\/dirtyandhappy.com\/sv\/wp-json\/wp\/v2\/pages"}],"about":[{"href":"https:\/\/dirtyandhappy.com\/sv\/wp-json\/wp\/v2\/types\/page"}],"author":[{"embeddable":true,"href":"https:\/\/dirtyandhappy.com\/sv\/wp-json\/wp\/v2\/users\/1"}],"replies":[{"embeddable":true,"href":"https:\/\/dirtyandhappy.com\/sv\/wp-json\/wp\/v2\/comments?post=6188"}],"version-history":[{"count":2,"href":"https:\/\/dirtyandhappy.com\/sv\/wp-json\/wp\/v2\/pages\/6188\/revisions"}],"predecessor-version":[{"id":6545,"href":"https:\/\/dirtyandhappy.com\/sv\/wp-json\/wp\/v2\/pages\/6188\/revisions\/6545"}],"up":[{"embeddable":true,"href":"https:\/\/dirtyandhappy.com\/sv\/wp-json\/wp\/v2\/pages\/4062"}],"wp:attachment":[{"href":"https:\/\/dirtyandhappy.com\/sv\/wp-json\/wp\/v2\/media?parent=6188"}],"curies":[{"name":"wp","href":"https:\/\/api.w.org\/{rel}","templated":true}]}}