{"id":6421,"date":"2025-10-07T13:02:15","date_gmt":"2025-10-07T13:02:15","guid":{"rendered":"https:\/\/dirtyandhappy.com\/hundsalong\/boka-hundfrisor\/"},"modified":"2025-10-07T13:20:56","modified_gmt":"2025-10-07T13:20:56","slug":"boka-hundfrisor","status":"publish","type":"page","link":"https:\/\/dirtyandhappy.com\/sv\/hundsalong\/boka-hundfrisor\/","title":{"rendered":"Boka hundfris\u00f6r"},"content":{"rendered":"\t\t<div data-elementor-type=\"wp-page\" data-elementor-id=\"6421\" class=\"elementor elementor-6421 elementor-6341\" data-elementor-post-type=\"page\">\n\t\t\t\t<div class=\"elementor-element elementor-element-6194ef71 e-flex e-con-boxed e-con e-parent\" data-id=\"6194ef71\" data-element_type=\"container\" data-e-type=\"container\" data-settings=\"{&quot;background_background&quot;:&quot;classic&quot;}\">\n\t\t\t\t\t<div class=\"e-con-inner\">\n\t\t\t\t\t<\/div>\n\t\t\t\t<\/div>\n\t\t<div class=\"elementor-element elementor-element-5367df3 e-flex e-con-boxed e-con e-parent\" data-id=\"5367df3\" data-element_type=\"container\" data-e-type=\"container\">\n\t\t\t\t\t<div class=\"e-con-inner\">\n\t\t\t\t<div class=\"elementor-element elementor-element-12b834b elementor-widget elementor-widget-heading\" data-id=\"12b834b\" data-element_type=\"widget\" data-e-type=\"widget\" data-widget_type=\"heading.default\">\n\t\t\t\t<div class=\"elementor-widget-container\">\n\t\t\t\t\t<h1 class=\"elementor-heading-title elementor-size-default\">Boka tid hos hundfris\u00f6ren<\/h1>\t\t\t\t<\/div>\n\t\t\t\t<\/div>\n\t\t\t\t\t<\/div>\n\t\t\t\t<\/div>\n\t\t<div class=\"elementor-element elementor-element-8774fee e-con-full e-flex e-con e-parent\" data-id=\"8774fee\" data-element_type=\"container\" data-e-type=\"container\">\n\t\t\t\t<div class=\"elementor-element elementor-element-3a5b909 elementor-widget elementor-widget-html\" data-id=\"3a5b909\" data-element_type=\"widget\" data-e-type=\"widget\" data-widget_type=\"html.default\">\n\t\t\t\t<div class=\"elementor-widget-container\">\n\t\t\t\t\t<iframe src=\"\/\/ges-pet.appspot.com\/peluqueria\/reservas\/online\/PE-5be6001f23182-153\/en\" width=\"800\" height=\"600\"><\/iframe>\t\t\t\t<\/div>\n\t\t\t\t<\/div>\n\t\t\t\t<\/div>\n\t\t<div class=\"elementor-element elementor-element-f0bc3b3 e-flex e-con-boxed e-con e-parent\" data-id=\"f0bc3b3\" data-element_type=\"container\" data-e-type=\"container\">\n\t\t\t\t\t<div class=\"e-con-inner\">\n\t\t\t\t<div class=\"elementor-element elementor-element-3fceee7 elementor-widget elementor-widget-spacer\" data-id=\"3fceee7\" data-element_type=\"widget\" data-e-type=\"widget\" data-widget_type=\"spacer.default\">\n\t\t\t\t<div class=\"elementor-widget-container\">\n\t\t\t\t\t\t\t<div class=\"elementor-spacer\">\n\t\t\t<div class=\"elementor-spacer-inner\"><\/div>\n\t\t<\/div>\n\t\t\t\t\t\t<\/div>\n\t\t\t\t<\/div>\n\t\t\t\t\t<\/div>\n\t\t\t\t<\/div>\n\t\t<div class=\"elementor-element elementor-element-194e13b4 e-con-full e-flex e-con e-parent\" data-id=\"194e13b4\" data-element_type=\"container\" data-e-type=\"container\" data-settings=\"{&quot;background_background&quot;:&quot;classic&quot;}\">\n\t\t<div class=\"elementor-element elementor-element-1f33ba72 e-con-full e-flex e-con e-child\" data-id=\"1f33ba72\" data-element_type=\"container\" data-e-type=\"container\">\n\t\t<div class=\"elementor-element elementor-element-44a02c78 e-con-full e-flex e-con e-child\" data-id=\"44a02c78\" data-element_type=\"container\" data-e-type=\"container\" data-settings=\"{&quot;background_background&quot;:&quot;classic&quot;}\">\n\t\t\t\t<div class=\"elementor-element elementor-element-ec0f6b1 elementor-invisible elementor-widget elementor-widget-icon-box\" data-id=\"ec0f6b1\" data-element_type=\"widget\" data-e-type=\"widget\" data-settings=\"{&quot;_animation&quot;:&quot;fadeInUp&quot;}\" data-widget_type=\"icon-box.default\">\n\t\t\t\t<div class=\"elementor-widget-container\">\n\t\t\t\t\t\t\t<div class=\"elementor-icon-box-wrapper\">\n\n\t\t\t\n\t\t\t\t\t\t<div class=\"elementor-icon-box-content\">\n\n\t\t\t\t\t\t\t\t\t<h4 class=\"elementor-icon-box-title\">\n\t\t\t\t\t\t<span  >\n\t\t\t\t\t\t\tBekreftelse\t\t\t\t\t\t<\/span>\n\t\t\t\t\t<\/h4>\n\t\t\t\t\n\t\t\t\t\t\t\t\t\t<p class=\"elementor-icon-box-description\">\n\t\t\t\t\t\tN\u00e5r vi har mottatt opplysningene, sender vi en bestillingsbekreftelse eller en avbestillingsmelding hvis det ikke er Ledig plass.\t\t\t\t\t<\/p>\n\t\t\t\t\n\t\t\t<\/div>\n\t\t\t\n\t\t<\/div>\n\t\t\t\t\t\t<\/div>\n\t\t\t\t<\/div>\n\t\t\t\t<\/div>\n\t\t<div class=\"elementor-element elementor-element-1fac3320 e-con-full e-flex e-con e-child\" data-id=\"1fac3320\" data-element_type=\"container\" data-e-type=\"container\" data-settings=\"{&quot;background_background&quot;:&quot;classic&quot;}\">\n\t\t\t\t<div class=\"elementor-element elementor-element-79b4d09 elementor-invisible elementor-widget elementor-widget-icon-box\" data-id=\"79b4d09\" data-element_type=\"widget\" data-e-type=\"widget\" data-settings=\"{&quot;_animation&quot;:&quot;fadeInUp&quot;}\" data-widget_type=\"icon-box.default\">\n\t\t\t\t<div class=\"elementor-widget-container\">\n\t\t\t\t\t\t\t<div class=\"elementor-icon-box-wrapper\">\n\n\t\t\t\n\t\t\t\t\t\t<div class=\"elementor-icon-box-content\">\n\n\t\t\t\t\t\t\t\t\t<h4 class=\"elementor-icon-box-title\">\n\t\t\t\t\t\t<span  >\n\t\t\t\t\t\t\t\u00d6ppettider\t\t\t\t\t\t<\/span>\n\t\t\t\t\t<\/h4>\n\t\t\t\t\n\t\t\t\t\t\t\t\t\t<p class=\"elementor-icon-box-description\">\n\t\t\t\t\t\tV\u00e5r fris\u00f6rsalong har \u00f6ppet m\u00e5ndag till fredag fr\u00e5n 9:00 till 13:00 och fr\u00e5n 16:00 till 19:30. F\u00f6r h\u00e4mtning eller leverans till hemmet, v\u00e4nligen kontakta oss.\t\t\t\t\t<\/p>\n\t\t\t\t\n\t\t\t<\/div>\n\t\t\t\n\t\t<\/div>\n\t\t\t\t\t\t<\/div>\n\t\t\t\t<\/div>\n\t\t\t\t<\/div>\n\t\t<div class=\"elementor-element elementor-element-a3d0aa1 e-con-full e-flex e-con e-child\" data-id=\"a3d0aa1\" data-element_type=\"container\" data-e-type=\"container\" data-settings=\"{&quot;background_background&quot;:&quot;classic&quot;}\">\n\t\t\t\t<div class=\"elementor-element elementor-element-91cfd1b elementor-invisible elementor-widget elementor-widget-icon-box\" data-id=\"91cfd1b\" data-element_type=\"widget\" data-e-type=\"widget\" data-settings=\"{&quot;_animation&quot;:&quot;fadeInUp&quot;}\" data-widget_type=\"icon-box.default\">\n\t\t\t\t<div class=\"elementor-widget-container\">\n\t\t\t\t\t\t\t<div class=\"elementor-icon-box-wrapper\">\n\n\t\t\t\n\t\t\t\t\t\t<div class=\"elementor-icon-box-content\">\n\n\t\t\t\t\t\t\t\t\t<h4 class=\"elementor-icon-box-title\">\n\t\t\t\t\t\t<span  >\n\t\t\t\t\t\t\tInformation\t\t\t\t\t\t<\/span>\n\t\t\t\t\t<\/h4>\n\t\t\t\t\n\t\t\t\t\t\t\t\t\t<p class=\"elementor-icon-box-description\">\n\t\t\t\t\t\tOm du har fr\u00e5gor eller beh\u00f6ver f\u00f6rtydliganden, ring oss p\u00e5 617 117 696 eller 617 117 151 s\u00e5 informerar vi dig.\t\t\t\t\t<\/p>\n\t\t\t\t\n\t\t\t<\/div>\n\t\t\t\n\t\t<\/div>\n\t\t\t\t\t\t<\/div>\n\t\t\t\t<\/div>\n\t\t\t\t<\/div>\n\t\t\t\t<\/div>\n\t\t\t\t<\/div>\n\t\t\t\t<\/div>\n\t\t","protected":false},"excerpt":{"rendered":"<p>Boka tid hos hundfris\u00f6ren Bekreftelse N\u00e5r vi har mottatt opplysningene, sender vi en bestillingsbekreftelse eller en avbestillingsmelding hvis det ikke er Ledig plass. \u00d6ppettider V\u00e5r fris\u00f6rsalong har \u00f6ppet m\u00e5ndag till fredag fr\u00e5n 9:00 till 13:00 och fr\u00e5n 16:00 till 19:30. F\u00f6r h\u00e4mtning eller leverans till hemmet, v\u00e4nligen kontakta oss. Information Om du har fr\u00e5gor eller [&hellip;]<\/p>\n","protected":false},"author":1,"featured_media":0,"parent":6327,"menu_order":0,"comment_status":"closed","ping_status":"closed","template":"","meta":{"om_disable_all_campaigns":false,"_monsterinsights_skip_tracking":false,"_monsterinsights_sitenote_active":false,"_monsterinsights_sitenote_note":"","_monsterinsights_sitenote_category":0,"ocean_post_layout":"","ocean_both_sidebars_style":"","ocean_both_sidebars_content_width":0,"ocean_both_sidebars_sidebars_width":0,"ocean_sidebar":"0","ocean_second_sidebar":"0","ocean_disable_margins":"enable","ocean_add_body_class":"","ocean_shortcode_before_top_bar":"","ocean_shortcode_after_top_bar":"","ocean_shortcode_before_header":"","ocean_shortcode_after_header":"","ocean_has_shortcode":"","ocean_shortcode_after_title":"","ocean_shortcode_before_footer_widgets":"","ocean_shortcode_after_footer_widgets":"","ocean_shortcode_before_footer_bottom":"","ocean_shortcode_after_footer_bottom":"","ocean_display_top_bar":"default","ocean_display_header":"default","ocean_header_style":"","ocean_center_header_left_menu":"0","ocean_custom_header_template":"0","ocean_custom_logo":0,"ocean_custom_retina_logo":0,"ocean_custom_logo_max_width":0,"ocean_custom_logo_tablet_max_width":0,"ocean_custom_logo_mobile_max_width":0,"ocean_custom_logo_max_height":0,"ocean_custom_logo_tablet_max_height":0,"ocean_custom_logo_mobile_max_height":0,"ocean_header_custom_menu":"0","ocean_menu_typo_font_family":"0","ocean_menu_typo_font_subset":"","ocean_menu_typo_font_size":0,"ocean_menu_typo_font_size_tablet":0,"ocean_menu_typo_font_size_mobile":0,"ocean_menu_typo_font_size_unit":"px","ocean_menu_typo_font_weight":"","ocean_menu_typo_font_weight_tablet":"","ocean_menu_typo_font_weight_mobile":"","ocean_menu_typo_transform":"","ocean_menu_typo_transform_tablet":"","ocean_menu_typo_transform_mobile":"","ocean_menu_typo_line_height":0,"ocean_menu_typo_line_height_tablet":0,"ocean_menu_typo_line_height_mobile":0,"ocean_menu_typo_line_height_unit":"","ocean_menu_typo_spacing":0,"ocean_menu_typo_spacing_tablet":0,"ocean_menu_typo_spacing_mobile":0,"ocean_menu_typo_spacing_unit":"","ocean_menu_link_color":"","ocean_menu_link_color_hover":"","ocean_menu_link_color_active":"","ocean_menu_link_background":"","ocean_menu_link_hover_background":"","ocean_menu_link_active_background":"","ocean_menu_social_links_bg":"","ocean_menu_social_hover_links_bg":"","ocean_menu_social_links_color":"","ocean_menu_social_hover_links_color":"","ocean_disable_title":"default","ocean_disable_heading":"default","ocean_post_title":"","ocean_post_subheading":"","ocean_post_title_style":"","ocean_post_title_background_color":"","ocean_post_title_background":0,"ocean_post_title_bg_image_position":"","ocean_post_title_bg_image_attachment":"","ocean_post_title_bg_image_repeat":"","ocean_post_title_bg_image_size":"","ocean_post_title_height":0,"ocean_post_title_bg_overlay":0.5,"ocean_post_title_bg_overlay_color":"","ocean_disable_breadcrumbs":"default","ocean_breadcrumbs_color":"","ocean_breadcrumbs_separator_color":"","ocean_breadcrumbs_links_color":"","ocean_breadcrumbs_links_hover_color":"","ocean_display_footer_widgets":"default","ocean_display_footer_bottom":"default","ocean_custom_footer_template":"0","footnotes":""},"class_list":["post-6421","page","type-page","status-publish","hentry","entry"],"aioseo_notices":[],"aioseo_head":"\n\t\t<!-- All in One SEO Pro 4.9.6.2 - aioseo.com -->\n\t<meta name=\"description\" content=\"Boka tid hos hundfris\u00f6ren Bekreftelse N\u00e5r vi har mottatt opplysningene, sender vi en bestillingsbekreftelse eller en avbestillingsmelding hvis det ikke er Ledig plass. \u00d6ppettider V\u00e5r fris\u00f6rsalong har \u00f6ppet m\u00e5ndag till fredag fr\u00e5n 9:00 till 13:00 och fr\u00e5n 16:00 till 19:30. F\u00f6r h\u00e4mtning eller leverans till hemmet, v\u00e4nligen kontakta oss. Information Om du har fr\u00e5gor eller\" \/>\n\t<meta name=\"robots\" content=\"max-image-preview:large\" \/>\n\t<meta name=\"google-site-verification\" content=\"eRx9P9XaHEvjjwSYuiIo2O_vTucpXD0iLB4m5-bocOQ\" \/>\n\t<meta name=\"msvalidate.01\" content=\"228548E5EC703201CDE40CC79FFBCBD3\" \/>\n\t<meta name=\"p:domain_verify\" content=\"2e9c50a15ed7d8596fe7e1c1cec5e2a8\" \/>\n\t<link rel=\"canonical\" href=\"https:\/\/dirtyandhappy.com\/sv\/hundsalong\/boka-hundfrisor\/\" \/>\n\t<meta name=\"generator\" content=\"All in One SEO Pro (AIOSEO) 4.9.6.2\" \/>\n\t\t<meta property=\"og:locale\" content=\"sv_SE\" \/>\n\t\t<meta property=\"og:site_name\" content=\"Dirty and Happy \u2022 Residencia canina. Adiestramiento\" \/>\n\t\t<meta property=\"og:type\" content=\"article\" \/>\n\t\t<meta property=\"og:title\" content=\"Boka hundfris\u00f6r | Dirty and Happy\" \/>\n\t\t<meta property=\"og:description\" content=\"Boka tid hos hundfris\u00f6ren Bekreftelse N\u00e5r vi har mottatt opplysningene, sender vi en bestillingsbekreftelse eller en avbestillingsmelding hvis det ikke er Ledig plass. \u00d6ppettider V\u00e5r fris\u00f6rsalong har \u00f6ppet m\u00e5ndag till fredag fr\u00e5n 9:00 till 13:00 och fr\u00e5n 16:00 till 19:30. F\u00f6r h\u00e4mtning eller leverans till hemmet, v\u00e4nligen kontakta oss. Information Om du har fr\u00e5gor eller\" \/>\n\t\t<meta property=\"og:url\" content=\"https:\/\/dirtyandhappy.com\/sv\/hundsalong\/boka-hundfrisor\/\" \/>\n\t\t<meta property=\"fb:app_id\" content=\"1458076274562272\" \/>\n\t\t<meta property=\"fb:admins\" content=\"440101459341122\" \/>\n\t\t<meta property=\"og:image\" content=\"https:\/\/dirtyandhappy.com\/wp-content\/uploads\/2024\/01\/dirty-and-happy_mini.png\" \/>\n\t\t<meta property=\"og:image:secure_url\" content=\"https:\/\/dirtyandhappy.com\/wp-content\/uploads\/2024\/01\/dirty-and-happy_mini.png\" \/>\n\t\t<meta property=\"og:image:width\" content=\"162\" \/>\n\t\t<meta property=\"og:image:height\" content=\"165\" \/>\n\t\t<meta property=\"article:published_time\" content=\"2025-10-07T13:02:15+00:00\" \/>\n\t\t<meta property=\"article:modified_time\" content=\"2025-10-07T13:20:56+00:00\" \/>\n\t\t<meta property=\"article:publisher\" content=\"https:\/\/www.facebook.com\/dirtyandhappy\/\" \/>\n\t\t<script type=\"application\/ld+json\" class=\"aioseo-schema\">\n\t\t\t{\"@context\":\"https:\\\/\\\/schema.org\",\"@graph\":[{\"@type\":\"BreadcrumbList\",\"@id\":\"https:\\\/\\\/dirtyandhappy.com\\\/sv\\\/hundsalong\\\/boka-hundfrisor\\\/#breadcrumblist\",\"itemListElement\":[{\"@type\":\"ListItem\",\"@id\":\"https:\\\/\\\/dirtyandhappy.com\\\/sv\\\/#listItem\",\"position\":1,\"name\":\"Home\",\"item\":\"https:\\\/\\\/dirtyandhappy.com\\\/sv\\\/\",\"nextItem\":{\"@type\":\"ListItem\",\"@id\":\"https:\\\/\\\/dirtyandhappy.com\\\/sv\\\/hundsalong\\\/#listItem\",\"name\":\"Hundsalong\"}},{\"@type\":\"ListItem\",\"@id\":\"https:\\\/\\\/dirtyandhappy.com\\\/sv\\\/hundsalong\\\/#listItem\",\"position\":2,\"name\":\"Hundsalong\",\"item\":\"https:\\\/\\\/dirtyandhappy.com\\\/sv\\\/hundsalong\\\/\",\"nextItem\":{\"@type\":\"ListItem\",\"@id\":\"https:\\\/\\\/dirtyandhappy.com\\\/sv\\\/hundsalong\\\/boka-hundfrisor\\\/#listItem\",\"name\":\"Boka hundfris\\u00f6r\"},\"previousItem\":{\"@type\":\"ListItem\",\"@id\":\"https:\\\/\\\/dirtyandhappy.com\\\/sv\\\/#listItem\",\"name\":\"Home\"}},{\"@type\":\"ListItem\",\"@id\":\"https:\\\/\\\/dirtyandhappy.com\\\/sv\\\/hundsalong\\\/boka-hundfrisor\\\/#listItem\",\"position\":3,\"name\":\"Boka hundfris\\u00f6r\",\"previousItem\":{\"@type\":\"ListItem\",\"@id\":\"https:\\\/\\\/dirtyandhappy.com\\\/sv\\\/hundsalong\\\/#listItem\",\"name\":\"Hundsalong\"}}]},{\"@type\":\"Organization\",\"@id\":\"https:\\\/\\\/dirtyandhappy.com\\\/sv\\\/#organization\",\"name\":\"Dirty and Happy. Centro canino\",\"description\":\"Residencia canina. Adiestramiento\",\"url\":\"https:\\\/\\\/dirtyandhappy.com\\\/sv\\\/\",\"email\":\"info@dirtyandhappy.com\",\"telephone\":\"+34966063577\",\"foundingDate\":\"2018-07-01\",\"numberOfEmployees\":{\"@type\":\"QuantitativeValue\",\"value\":2},\"logo\":{\"@type\":\"ImageObject\",\"url\":\"https:\\\/\\\/dirtyandhappy.com\\\/wp-content\\\/uploads\\\/2024\\\/01\\\/dirty-and-happy_mini.png\",\"@id\":\"https:\\\/\\\/dirtyandhappy.com\\\/sv\\\/hundsalong\\\/boka-hundfrisor\\\/#organizationLogo\",\"width\":162,\"height\":165,\"caption\":\"Logo de Dirty and Happy\"},\"image\":{\"@id\":\"https:\\\/\\\/dirtyandhappy.com\\\/sv\\\/hundsalong\\\/boka-hundfrisor\\\/#organizationLogo\"},\"sameAs\":[\"https:\\\/\\\/www.facebook.com\\\/dirtyandhappy\\\/\",\"https:\\\/\\\/www.instagram.com\\\/dirtyandhappy\\\/\"],\"address\":{\"@id\":\"https:\\\/\\\/dirtyandhappy.com\\\/sv\\\/#postaladdress\",\"@type\":\"PostalAddress\",\"streetAddress\":\"Partida La Rafaela, Pol\\u00edgono 1, 9A, Junto a Range Golf\",\"postalCode\":\"03187\",\"addressLocality\":\"Los Montesinos\",\"addressRegion\":\"Alicante\",\"addressCountry\":\"ES\"}},{\"@type\":\"WebPage\",\"@id\":\"https:\\\/\\\/dirtyandhappy.com\\\/sv\\\/hundsalong\\\/boka-hundfrisor\\\/#webpage\",\"url\":\"https:\\\/\\\/dirtyandhappy.com\\\/sv\\\/hundsalong\\\/boka-hundfrisor\\\/\",\"name\":\"Boka hundfris\\u00f6r | Dirty and Happy\",\"description\":\"Boka tid hos hundfris\\u00f6ren Bekreftelse N\\u00e5r vi har mottatt opplysningene, sender vi en bestillingsbekreftelse eller en avbestillingsmelding hvis det ikke er Ledig plass. \\u00d6ppettider V\\u00e5r fris\\u00f6rsalong har \\u00f6ppet m\\u00e5ndag till fredag fr\\u00e5n 9:00 till 13:00 och fr\\u00e5n 16:00 till 19:30. F\\u00f6r h\\u00e4mtning eller leverans till hemmet, v\\u00e4nligen kontakta oss. Information Om du har fr\\u00e5gor eller\",\"inLanguage\":\"sv-SE\",\"isPartOf\":{\"@id\":\"https:\\\/\\\/dirtyandhappy.com\\\/sv\\\/#website\"},\"breadcrumb\":{\"@id\":\"https:\\\/\\\/dirtyandhappy.com\\\/sv\\\/hundsalong\\\/boka-hundfrisor\\\/#breadcrumblist\"},\"datePublished\":\"2025-10-07T13:02:15+00:00\",\"dateModified\":\"2025-10-07T13:20:56+00:00\"},{\"@type\":\"WebSite\",\"@id\":\"https:\\\/\\\/dirtyandhappy.com\\\/sv\\\/#website\",\"url\":\"https:\\\/\\\/dirtyandhappy.com\\\/sv\\\/\",\"name\":\"Dirty and Happy\",\"alternateName\":\"Residencia canina\",\"description\":\"Residencia canina. Adiestramiento\",\"inLanguage\":\"sv-SE\",\"publisher\":{\"@id\":\"https:\\\/\\\/dirtyandhappy.com\\\/sv\\\/#organization\"}}]}\n\t\t<\/script>\n\t\t<!-- All in One SEO Pro -->\r\n\t\t<title>Boka hundfris\u00f6r | Dirty and Happy<\/title>\n\n","aioseo_head_json":{"title":"Boka hundfris\u00f6r | Dirty and Happy","description":"Boka tid hos hundfris\u00f6ren Bekreftelse N\u00e5r vi har mottatt opplysningene, sender vi en bestillingsbekreftelse eller en avbestillingsmelding hvis det ikke er Ledig plass. \u00d6ppettider V\u00e5r fris\u00f6rsalong har \u00f6ppet m\u00e5ndag till fredag fr\u00e5n 9:00 till 13:00 och fr\u00e5n 16:00 till 19:30. F\u00f6r h\u00e4mtning eller leverans till hemmet, v\u00e4nligen kontakta oss. Information Om du har fr\u00e5gor eller","canonical_url":"https:\/\/dirtyandhappy.com\/sv\/hundsalong\/boka-hundfrisor\/","robots":"max-image-preview:large","keywords":"","webmasterTools":{"google-site-verification":"eRx9P9XaHEvjjwSYuiIo2O_vTucpXD0iLB4m5-bocOQ","msvalidate.01":"228548E5EC703201CDE40CC79FFBCBD3","p:domain_verify":"2e9c50a15ed7d8596fe7e1c1cec5e2a8","miscellaneous":""},"schema":{"@context":"https:\/\/schema.org","@graph":[{"@type":"BreadcrumbList","@id":"https:\/\/dirtyandhappy.com\/sv\/hundsalong\/boka-hundfrisor\/#breadcrumblist","itemListElement":[{"@type":"ListItem","@id":"https:\/\/dirtyandhappy.com\/sv\/#listItem","position":1,"name":"Home","item":"https:\/\/dirtyandhappy.com\/sv\/","nextItem":{"@type":"ListItem","@id":"https:\/\/dirtyandhappy.com\/sv\/hundsalong\/#listItem","name":"Hundsalong"}},{"@type":"ListItem","@id":"https:\/\/dirtyandhappy.com\/sv\/hundsalong\/#listItem","position":2,"name":"Hundsalong","item":"https:\/\/dirtyandhappy.com\/sv\/hundsalong\/","nextItem":{"@type":"ListItem","@id":"https:\/\/dirtyandhappy.com\/sv\/hundsalong\/boka-hundfrisor\/#listItem","name":"Boka hundfris\u00f6r"},"previousItem":{"@type":"ListItem","@id":"https:\/\/dirtyandhappy.com\/sv\/#listItem","name":"Home"}},{"@type":"ListItem","@id":"https:\/\/dirtyandhappy.com\/sv\/hundsalong\/boka-hundfrisor\/#listItem","position":3,"name":"Boka hundfris\u00f6r","previousItem":{"@type":"ListItem","@id":"https:\/\/dirtyandhappy.com\/sv\/hundsalong\/#listItem","name":"Hundsalong"}}]},{"@type":"Organization","@id":"https:\/\/dirtyandhappy.com\/sv\/#organization","name":"Dirty and Happy. Centro canino","description":"Residencia canina. Adiestramiento","url":"https:\/\/dirtyandhappy.com\/sv\/","email":"info@dirtyandhappy.com","telephone":"+34966063577","foundingDate":"2018-07-01","numberOfEmployees":{"@type":"QuantitativeValue","value":2},"logo":{"@type":"ImageObject","url":"https:\/\/dirtyandhappy.com\/wp-content\/uploads\/2024\/01\/dirty-and-happy_mini.png","@id":"https:\/\/dirtyandhappy.com\/sv\/hundsalong\/boka-hundfrisor\/#organizationLogo","width":162,"height":165,"caption":"Logo de Dirty and Happy"},"image":{"@id":"https:\/\/dirtyandhappy.com\/sv\/hundsalong\/boka-hundfrisor\/#organizationLogo"},"sameAs":["https:\/\/www.facebook.com\/dirtyandhappy\/","https:\/\/www.instagram.com\/dirtyandhappy\/"],"address":{"@id":"https:\/\/dirtyandhappy.com\/sv\/#postaladdress","@type":"PostalAddress","streetAddress":"Partida La Rafaela, Pol\u00edgono 1, 9A, Junto a Range Golf","postalCode":"03187","addressLocality":"Los Montesinos","addressRegion":"Alicante","addressCountry":"ES"}},{"@type":"WebPage","@id":"https:\/\/dirtyandhappy.com\/sv\/hundsalong\/boka-hundfrisor\/#webpage","url":"https:\/\/dirtyandhappy.com\/sv\/hundsalong\/boka-hundfrisor\/","name":"Boka hundfris\u00f6r | Dirty and Happy","description":"Boka tid hos hundfris\u00f6ren Bekreftelse N\u00e5r vi har mottatt opplysningene, sender vi en bestillingsbekreftelse eller en avbestillingsmelding hvis det ikke er Ledig plass. \u00d6ppettider V\u00e5r fris\u00f6rsalong har \u00f6ppet m\u00e5ndag till fredag fr\u00e5n 9:00 till 13:00 och fr\u00e5n 16:00 till 19:30. F\u00f6r h\u00e4mtning eller leverans till hemmet, v\u00e4nligen kontakta oss. Information Om du har fr\u00e5gor eller","inLanguage":"sv-SE","isPartOf":{"@id":"https:\/\/dirtyandhappy.com\/sv\/#website"},"breadcrumb":{"@id":"https:\/\/dirtyandhappy.com\/sv\/hundsalong\/boka-hundfrisor\/#breadcrumblist"},"datePublished":"2025-10-07T13:02:15+00:00","dateModified":"2025-10-07T13:20:56+00:00"},{"@type":"WebSite","@id":"https:\/\/dirtyandhappy.com\/sv\/#website","url":"https:\/\/dirtyandhappy.com\/sv\/","name":"Dirty and Happy","alternateName":"Residencia canina","description":"Residencia canina. Adiestramiento","inLanguage":"sv-SE","publisher":{"@id":"https:\/\/dirtyandhappy.com\/sv\/#organization"}}]},"og:locale":"sv_SE","og:site_name":"Dirty and Happy \u2022 Residencia canina. Adiestramiento","og:type":"article","og:title":"Boka hundfris\u00f6r | Dirty and Happy","og:description":"Boka tid hos hundfris\u00f6ren Bekreftelse N\u00e5r vi har mottatt opplysningene, sender vi en bestillingsbekreftelse eller en avbestillingsmelding hvis det ikke er Ledig plass. \u00d6ppettider V\u00e5r fris\u00f6rsalong har \u00f6ppet m\u00e5ndag till fredag fr\u00e5n 9:00 till 13:00 och fr\u00e5n 16:00 till 19:30. F\u00f6r h\u00e4mtning eller leverans till hemmet, v\u00e4nligen kontakta oss. Information Om du har fr\u00e5gor eller","og:url":"https:\/\/dirtyandhappy.com\/sv\/hundsalong\/boka-hundfrisor\/","fb:app_id":"1458076274562272","fb:admins":"440101459341122","og:image":"https:\/\/dirtyandhappy.com\/wp-content\/uploads\/2024\/01\/dirty-and-happy_mini.png","og:image:secure_url":"https:\/\/dirtyandhappy.com\/wp-content\/uploads\/2024\/01\/dirty-and-happy_mini.png","og:image:width":162,"og:image:height":165,"article:published_time":"2025-10-07T13:02:15+00:00","article:modified_time":"2025-10-07T13:20:56+00:00","article:publisher":"https:\/\/www.facebook.com\/dirtyandhappy\/"},"aioseo_meta_data":{"post_id":"6421","title":null,"description":null,"keywords":null,"keyphrases":{"focus":{"keyphrase":"","score":0,"analysis":{"keyphraseInTitle":{"score":0,"maxScore":9,"error":1}}},"additional":[]},"primary_term":null,"canonical_url":null,"og_title":null,"og_description":null,"og_object_type":"default","og_image_type":"default","og_image_url":null,"og_image_width":null,"og_image_height":null,"og_image_custom_url":null,"og_image_custom_fields":null,"og_video":"","og_custom_url":null,"og_article_section":null,"og_article_tags":null,"twitter_use_og":false,"twitter_card":"default","twitter_image_type":"default","twitter_image_url":null,"twitter_image_custom_url":null,"twitter_image_custom_fields":null,"twitter_title":null,"twitter_description":null,"schema":{"blockGraphs":[],"customGraphs":[],"default":{"data":{"Article":[],"Course":[],"Dataset":[],"FAQPage":[],"Movie":[],"Person":[],"Product":[],"ProductReview":[],"Car":[],"Recipe":[],"Service":[],"SoftwareApplication":[],"WebPage":[]},"graphName":"WebPage","isEnabled":true},"graphs":[]},"schema_type":"default","schema_type_options":null,"pillar_content":false,"robots_default":true,"robots_noindex":false,"robots_noarchive":false,"robots_nosnippet":false,"robots_nofollow":false,"robots_noimageindex":false,"robots_noodp":false,"robots_notranslate":false,"robots_max_snippet":"-1","robots_max_videopreview":"-1","robots_max_imagepreview":"large","priority":null,"frequency":"default","location":null,"local_seo":null,"seo_analyzer_scan_date":"2026-04-08 09:08:37","breadcrumb_settings":null,"limit_modified_date":false,"reviewed_by":null,"open_ai":null,"ai":{"faqs":[],"keyPoints":[],"titles":[],"descriptions":[],"socialPosts":{"email":[],"linkedin":[],"twitter":[],"facebook":[],"instagram":[]}},"created":"2025-10-07 13:02:17","updated":"2026-04-08 09:08:37"},"aioseo_breadcrumb":"<div class=\"aioseo-breadcrumbs\"><span class=\"aioseo-breadcrumb\">\n\t<a href=\"https:\/\/dirtyandhappy.com\/sv\/\" title=\"Home\">Home<\/a>\n<\/span><span class=\"aioseo-breadcrumb-separator\">\u00bb<\/span><span class=\"aioseo-breadcrumb\">\n\t<a href=\"https:\/\/dirtyandhappy.com\/sv\/hundsalong\/\" title=\"Hundsalong\">Hundsalong<\/a>\n<\/span><span class=\"aioseo-breadcrumb-separator\">\u00bb<\/span><span class=\"aioseo-breadcrumb\">\n\tBoka hundfris\u00f6r\n<\/span><\/div>","aioseo_breadcrumb_json":[{"label":"Home","link":"https:\/\/dirtyandhappy.com\/sv\/"},{"label":"Hundsalong","link":"https:\/\/dirtyandhappy.com\/sv\/hundsalong\/"},{"label":"Boka hundfris\u00f6r","link":"https:\/\/dirtyandhappy.com\/sv\/hundsalong\/boka-hundfrisor\/"}],"jetpack_sharing_enabled":true,"_links":{"self":[{"href":"https:\/\/dirtyandhappy.com\/sv\/wp-json\/wp\/v2\/pages\/6421","targetHints":{"allow":["GET"]}}],"collection":[{"href":"https:\/\/dirtyandhappy.com\/sv\/wp-json\/wp\/v2\/pages"}],"about":[{"href":"https:\/\/dirtyandhappy.com\/sv\/wp-json\/wp\/v2\/types\/page"}],"author":[{"embeddable":true,"href":"https:\/\/dirtyandhappy.com\/sv\/wp-json\/wp\/v2\/users\/1"}],"replies":[{"embeddable":true,"href":"https:\/\/dirtyandhappy.com\/sv\/wp-json\/wp\/v2\/comments?post=6421"}],"version-history":[{"count":2,"href":"https:\/\/dirtyandhappy.com\/sv\/wp-json\/wp\/v2\/pages\/6421\/revisions"}],"predecessor-version":[{"id":6432,"href":"https:\/\/dirtyandhappy.com\/sv\/wp-json\/wp\/v2\/pages\/6421\/revisions\/6432"}],"up":[{"embeddable":true,"href":"https:\/\/dirtyandhappy.com\/sv\/wp-json\/wp\/v2\/pages\/6327"}],"wp:attachment":[{"href":"https:\/\/dirtyandhappy.com\/sv\/wp-json\/wp\/v2\/media?parent=6421"}],"curies":[{"name":"wp","href":"https:\/\/api.w.org\/{rel}","templated":true}]}}